{"id":1088,"date":"2018-04-09T18:40:07","date_gmt":"2018-04-09T16:40:07","guid":{"rendered":"https:\/\/www.suisselab.ch\/produkt\/sets-dechantillonnage-mid\/"},"modified":"2025-01-21T12:16:50","modified_gmt":"2025-01-21T11:16:50","slug":"sets-dechantillonnage-mid","status":"publish","type":"product","link":"https:\/\/www.suisselab.ch\/fr\/produit\/sets-dechantillonnage-mid\/","title":{"rendered":"Sets d\u2019\u00e9chantillonnage MID"},"content":{"rendered":"<p>Le set contient trois tubes d\u2019\u00e9chantillonnage pour le test MID, un \u00e9tui d\u2019envoi en plastique, un formulaire de commande et une enveloppe-r\u00e9ponse.<\/p>\n<p>Commande d\u2019au max. 20 sets \u00e0 3 tubes. Pour commander de plus grandes quantit\u00e9s, veuillez nous contacter au 031 919 33 66 ou sur <a href=\"mailto:mid@suisselab.ch\">mid@suisselab.ch<\/a>.<\/p>\n<p>Les analyses r\u00e9alis\u00e9es sont factur\u00e9es mensuellement.<\/p>\n","protected":false},"excerpt":{"rendered":"<p>Le set contient trois tubes d\u2019\u00e9chantillonnage pour le test MID, un \u00e9tui d\u2019envoi en plastique, un formulaire de commande et une enveloppe-r\u00e9ponse.<\/p>\n","protected":false},"featured_media":12284,"template":"","meta":[],"product_brand":[],"product_cat":[47],"product_tag":[],"class_list":{"0":"post-1088","1":"product","2":"type-product","3":"status-publish","4":"has-post-thumbnail","6":"product_cat-sets-dechantillonnage","8":"first","9":"instock","10":"shipping-taxable","11":"purchasable","12":"product-type-simple"},"_links":{"self":[{"href":"https:\/\/www.suisselab.ch\/fr\/wp-json\/wp\/v2\/product\/1088","targetHints":{"allow":["GET"]}}],"collection":[{"href":"https:\/\/www.suisselab.ch\/fr\/wp-json\/wp\/v2\/product"}],"about":[{"href":"https:\/\/www.suisselab.ch\/fr\/wp-json\/wp\/v2\/types\/product"}],"wp:featuredmedia":[{"embeddable":true,"href":"https:\/\/www.suisselab.ch\/fr\/wp-json\/wp\/v2\/media\/12284"}],"wp:attachment":[{"href":"https:\/\/www.suisselab.ch\/fr\/wp-json\/wp\/v2\/media?parent=1088"}],"wp:term":[{"taxonomy":"product_brand","embeddable":true,"href":"https:\/\/www.suisselab.ch\/fr\/wp-json\/wp\/v2\/product_brand?post=1088"},{"taxonomy":"product_cat","embeddable":true,"href":"https:\/\/www.suisselab.ch\/fr\/wp-json\/wp\/v2\/product_cat?post=1088"},{"taxonomy":"product_tag","embeddable":true,"href":"https:\/\/www.suisselab.ch\/fr\/wp-json\/wp\/v2\/product_tag?post=1088"}],"curies":[{"name":"wp","href":"https:\/\/api.w.org\/{rel}","templated":true}]}}