{"id":7548,"date":"2020-01-21T15:55:07","date_gmt":"2020-01-21T14:55:07","guid":{"rendered":"https:\/\/www.suisselab.ch\/?page_id=7548"},"modified":"2023-08-30T11:07:49","modified_gmt":"2023-08-30T09:07:49","slug":"spores-butyriques","status":"publish","type":"page","link":"https:\/\/www.suisselab.ch\/fr\/dienstleistungen\/spores-butyriques\/","title":{"rendered":"Spores butyriques"},"content":{"rendered":"<section class=\"l-section wpb_row suisselab-hero-klein height_auto with_img\"><div class=\"l-section-img\" role=\"img\" data-img-width=\"1600\" data-img-height=\"1066\" style=\"background-image: url(https:\/\/www.suisselab.ch\/wp-content\/uploads\/2020\/01\/Buttersaeuresporen.jpg);\"><\/div><div class=\"l-section-h i-cf\"><div class=\"g-cols vc_row via_flex valign_bottom type_default stacking_default\"><div class=\"vc_col-sm-12 wpb_column vc_column_container\"><div class=\"vc_column-inner\"><div class=\"wpb_wrapper\"><div class=\"wpb_text_column us_custom_2dba4929 promo\"><div class=\"wpb_wrapper\"><h1>Spores butyriques<\/h1>\n<\/div><\/div><\/div><\/div><\/div><\/div><\/div><\/section><section class=\"l-section wpb_row height_auto\"><div class=\"l-section-h i-cf\"><div class=\"g-cols vc_row via_flex valign_bottom type_default stacking_default\"><div class=\"vc_col-sm-12 wpb_column vc_column_container\"><div class=\"vc_column-inner\"><div class=\"wpb_wrapper\"><div class=\"wpb_text_column us_custom_2dba4929 promotext\"><div class=\"wpb_wrapper\"><p>Suisselab SA d\u00e9termine la charge du lait en bact\u00e9ries sporog\u00e8nes ana\u00e9robies nuisibles pour le fromage avec la nouvelle m\u00e9thode MPN (<em><u>m<\/u>ost <u>p<\/u>robable <u>n<\/u>umber<\/em>) de la firme SY-LAB. Cette nouvelle m\u00e9thode se caract\u00e9rise par une s\u00e9lectivit\u00e9 \u00e9lev\u00e9e pour les Clostridia, une large plage de mesure et une courte dur\u00e9e d\u2019analyse.<\/p>\n<\/div><\/div><\/div><\/div><\/div><\/div><\/div><\/section><section class=\"l-section wpb_row height_medium\"><div class=\"l-section-h i-cf\"><div class=\"g-cols vc_row via_flex valign_top type_default stacking_default\"><div class=\"vc_col-sm-8 wpb_column vc_column_container\"><div class=\"vc_column-inner\"><div class=\"wpb_wrapper\"><div class=\"wpb_text_column haupttext\"><div class=\"wpb_wrapper\"><h2>Surveillance de la teneur en spores du lait de fromagerie<\/h2>\n<p>La fermentation butyrique ou gonflement tardif fait partie des fermentations anormales du fromage les plus craintes. Elle est provoqu\u00e9e par des bact\u00e9ries sporog\u00e8nes ana\u00e9robies du genre <em>Clostridium<\/em>, surtout par <em>Clostridium tyrobutyricum<\/em>. En conditions ana\u00e9robies, ces bact\u00e9ries peuvent se multiplier dans l&rsquo;ensilage et provoquer une charge \u00e9lev\u00e9e du lait en spores en cas de mauvaise hygi\u00e8ne d\u2019\u00e9table et de traite.<\/p>\n<p>Suisselab SA surveille la charge en spores n\u00e9fastes pour le fromage de mani\u00e8re simple, pr\u00e9cise et peu on\u00e9reuse. L\u2019analyse peut \u00eatre r\u00e9alis\u00e9e avec l\u2019\u00e9chantillon du contr\u00f4le du lait (CL) ou \u00e0 tout moment avec des \u00e9chantillons envoy\u00e9s directement \u00e0 Suisselab SA. Les r\u00e9sultats de l\u2019analyse des \u00e9chantillons du contr\u00f4le du lait sont disponibles sur <em>bdlait.ch<\/em>.<\/p>\n<p>Diff\u00e9rents formats de test et diverses valeurs limites sont utilis\u00e9s en fonction du type d\u2019\u00e9chantillon de lait\u00a0:<\/p>\n<\/div><\/div><div class=\"wpb_text_column haupttext\"><div class=\"wpb_wrapper\"><p><span style=\"text-decoration: underline;\">Type\u00a0de lait: <strong>Fournisseur lait d\u2019ensilage<\/strong><\/span><br \/>\nFormat de test: <strong>Standard<\/strong><br \/>\nVolume minimal de l\u2019\u00e9chantillon : <strong>18 ml<\/strong><br \/>\nPlage de mesure (spores\/l) : <strong>73 \u00e0 32\u00a0000<\/strong><br \/>\nValeur limite (spores\/l) : <strong>&lt;1000<\/strong><\/p>\n<\/div><\/div><div class=\"wpb_text_column haupttext\"><div class=\"wpb_wrapper\"><p><span style=\"text-decoration: underline;\">Type de lait: <strong>Fournisseur lait sans ensilage<\/strong><\/span><br \/>\nFormat de test: <strong>Sensible<\/strong><br \/>\nVolume minimal de l\u2019\u00e9chantillon : <strong>27 ml<\/strong><br \/>\nPlage de mesure (spores\/l) : <strong>44 \u00e0 19\u00a0000<\/strong><br \/>\nValeur limite (spores\/l) :\u00a0<strong>&lt;44<\/strong><\/p>\n<\/div><\/div><div class=\"wpb_text_column haupttext\"><div class=\"wpb_wrapper\"><p><span style=\"text-decoration: underline;\">Type de lait: <strong>Lait de chaudi\u00e8re<\/strong><\/span><br \/>\nFormat de test: <strong>Ultra-sensible<\/strong><br \/>\nVolume minimal de l\u2019\u00e9chantillon : <strong>45<\/strong><br \/>\nPlage de mesure (spores\/l) : <strong>25 \u00e0 11\u00a0000<\/strong><br \/>\nValeur limite (spores\/l) : <strong>&lt;25<\/strong><\/p>\n<\/div><\/div><div class=\"w-separator size_custom\" style=\"height:32px\"><\/div><div class=\"w-tabs us_custom_5b12dde4 style_default switch_click accordion has_scrolling\" style=\"--sections-title-size:28px\"><div class=\"w-tabs-sections titles-align_none icon_chevron cpos_right\"><div class=\"w-tabs-section\" id=\"f346\"><button class=\"w-tabs-section-header\" aria-controls=\"content-f346\" aria-expanded=\"false\"><h2 class=\"w-tabs-section-title\">M\u00e9thode\/r\u00e9sultat<\/h2><div class=\"w-tabs-section-control\"><\/div><\/button><div  class=\"w-tabs-section-content\" id=\"content-f346\"><div class=\"w-tabs-section-content-h i-cf\"><div class=\"wpb_text_column\"><div class=\"wpb_wrapper\"><h3>M\u00e9thode<\/h3>\n<p>Avec la m\u00e9thode MPN (<em><u>m<\/u>ost <u>p<\/u>robable <u>n<\/u>umber<\/em>) de la firme SY-LAB, le lait contenant un milieu de culture est r\u00e9parti sur les 96 cavit\u00e9s d\u2019une plaque microtitre. Apr\u00e8s une incubation dans des conditions ana\u00e9robies, on compte le nombre de cavit\u00e9s pr\u00e9sentant un d\u00e9veloppement de germes. Ce nombre \u00e9tabli permet de calculer le nombre de spores par litre de lait \u00e0 l\u2019aide d\u2019une formule. La m\u00e9thode SY-LAB se caract\u00e9rise par un milieu de culture tr\u00e8s s\u00e9lectif (&gt;95% des isolats sont des Clostridia) et une courte dur\u00e9e d\u2019analyse de seulement 2 jours. De plus, la m\u00e9thode poss\u00e8de une plage de mesure tr\u00e8s large et une r\u00e9p\u00e9tabilit\u00e9 nettement plus \u00e9lev\u00e9e que la m\u00e9thode die filtration selon Bourgeois ou la m\u00e9thode MPN selon CNERNA (<em><u>C<\/u>entre <u>n<\/u>ational d&rsquo;<u>\u00e9<\/u>tudes et de <u>r<\/u>ecommandations sur la <u>n<\/u>utrition et l&rsquo;<u>a<\/u>limentation<\/em>).<\/p>\n<h3>R\u00e9sultat<\/h3>\n<p>La m\u00e9thode indique le nombre de spores par litre. Si aucunes spores ne peuvent \u00eatre d\u00e9tect\u00e9es, on obtient le r\u00e9sultat &lt;limite de d\u00e9tection (p. ex. &lt;44 spores\/l). Si le r\u00e9sultat se situe au-dessus de la limite de d\u00e9tection sup\u00e9rieure, le r\u00e9sultat est &gt;limite sup\u00e9rieure de d\u00e9tection (p. ex. &gt;19\u00a0000 spores\/l).<\/p>\n<p>Lorsque l\u2019analyse est r\u00e9alis\u00e9e avec des \u00e9chantillons du contr\u00f4le du lait, les r\u00e9sultats sont transmis \u00e0 <em>bdlait.ch<\/em>. Pour les \u00e9chantillons envoy\u00e9s directement, un rapport d\u2019analyse est envoy\u00e9 \u00e0 l\u2019exp\u00e9diteur par courrier \u00e9lectronique.<\/p>\n<\/div><\/div><\/div><\/div><\/div><div class=\"w-tabs-section\" id=\"n745\"><button class=\"w-tabs-section-header\" aria-controls=\"content-n745\" aria-expanded=\"false\"><h2 class=\"w-tabs-section-title\">D\u00e9roulement de l\u2019\u00e9chantillonnage<\/h2><div class=\"w-tabs-section-control\"><\/div><\/button><div  class=\"w-tabs-section-content\" id=\"content-n745\"><div class=\"w-tabs-section-content-h i-cf\"><div class=\"wpb_text_column\"><div class=\"wpb_wrapper\"><h3>D\u00e9roulement de l\u2019\u00e9chantillonnage<\/h3>\n<p>Il est important que les flacons d\u2019\u00e9chantillonnage soient enti\u00e8rement remplis (jusqu\u2019\u00e0 la graduation sup\u00e9rieure) et soient envoy\u00e9s sous forme r\u00e9frig\u00e9r\u00e9e et sans agents conservateurs \u00e0 Suisselab SA. Soulignons que l\u2019emploi de comprim\u00e9s d\u2019agents conservateurs emp\u00eache la d\u00e9tection des spores.<\/p>\n<p>Pour les \u00e9chantillons du CL pr\u00e9lev\u00e9s manuellement, l\u2019analyse peut \u00eatre demand\u00e9e par l\u2019acheteur de lait avec le formulaire <em>\u00ab Demande d&rsquo;analyses suppl\u00e9mentaires des \u00e9chantillons du CL \u00bb<\/em>. Si le flacon d\u2019\u00e9chantillonnage est enti\u00e8rement rempli, les \u00e9chantillons peuvent \u00eatre utilis\u00e9s pour analyser le lait tant d\u2019ensilage que de non-ensilage.<\/p>\n<p>Concernant les \u00e9chantillons du CL pr\u00e9lev\u00e9s automatiquement (camion de collecte ou pr\u00e9l\u00e8vement stationnaire), l\u2019analyse peut \u00eatre demand\u00e9e par l\u2019acheteur de lait avant l\u2019\u00e9chantillonnage au moyen du formulaire \u00e9lectronique <em>\u00ab\u00a0Demande d&rsquo;analyses suppl\u00e9mentaires des \u00e9chantillons du CL pr\u00e9lev\u00e9s automatiquement<\/em>\u00a0\u00bb Les \u00e9chantillons du CL pr\u00e9lev\u00e9s automatiquement conviennent en g\u00e9n\u00e9ral uniquement pour le lait d\u2019ensilage, les flacons n\u2019\u00e9tant g\u00e9n\u00e9ralement pas remplis enti\u00e8rement.<\/p>\n<p>Les \u00e9chantillons envoy\u00e9s directement doivent \u00eatre accompagn\u00e9s de la <em>\u00ab\u00a0Demande d\u2019analyse spores butyriques &amp; FROMALYS\u00a0\u00bb<\/em>. Ce canal permet d\u2019analyser le lait d\u2019ensilage, le lait de non-ensilage et le lait de chaudi\u00e8re. L\u2019important est que les \u00e9chantillons pr\u00e9sentent le volume minimal mentionn\u00e9 sur la commande.<\/p>\n<\/div><\/div><\/div><\/div><\/div><div class=\"w-tabs-section\" id=\"g913\"><button class=\"w-tabs-section-header\" aria-controls=\"content-g913\" aria-expanded=\"false\"><h2 class=\"w-tabs-section-title\">Prix et conditions<\/h2><div class=\"w-tabs-section-control\"><\/div><\/button><div  class=\"w-tabs-section-content\" id=\"content-g913\"><div class=\"w-tabs-section-content-h i-cf\"><div class=\"wpb_text_column\"><div class=\"wpb_wrapper\"><h3>Prix<\/h3>\n<p>Param\u00e8tre analys\u00e9\u00a0: spores butyriques<br \/>\nM\u00e9thode\u00a0: m\u00e9thode MPN SY-LAB<br \/>\nPrix\u00a0:<br \/>\nLait de fournisseur (standard\/sensible) : CHF 21.00 \/ analyse<br \/>\nLait de chaudi\u00e8re (ultra-sensible) : CHF 27.00 \/ analyse<\/p>\n<h3>Conditions<\/h3>\n<p>Le mat\u00e9riel d\u2019\u00e9chantillonnage, l\u2019analyse et la transmission du r\u00e9sultat sont compris dans le prix.<br \/>\n<a class=\"download-link filetype-icon filetype-pdf\"\n   title=\"\" href=\"https:\/\/www.suisselab.ch\/fr\/download\/liste-des-prix-2020\/?tmstv=1776604222\" rel=\"nofollow\">\n\tListe des prix 2026<\/a><br \/>\n<a class=\"download-link filetype-icon filetype-pdf\"\n   title=\"\" href=\"https:\/\/www.suisselab.ch\/fr\/download\/suisselab-conditions-generales\/?tmstv=1776604222\" rel=\"nofollow\">\n\tSuisselab conditions g\u00e9n\u00e9rales<\/a><\/p>\n<h3><\/h3>\n<\/div><\/div><\/div><\/div><\/div><div class=\"w-tabs-section\" id=\"cfb7\"><button class=\"w-tabs-section-header\" aria-controls=\"content-cfb7\" aria-expanded=\"false\"><h2 class=\"w-tabs-section-title\">Documents<\/h2><div class=\"w-tabs-section-control\"><\/div><\/button><div  class=\"w-tabs-section-content\" id=\"content-cfb7\"><div class=\"w-tabs-section-content-h i-cf\"><div class=\"wpb_text_column\"><div class=\"wpb_wrapper\"><p>Formulaire de commande pour les \u00e9chantillons du CL pr\u00e9lev\u00e9s manuellement<br \/>\n<a class=\"download-link filetype-icon filetype-pdf\"\n   title=\"\" href=\"https:\/\/www.suisselab.ch\/fr\/download\/demande-danalyses-supplementaires-cl-manuel\/?tmstv=1776604222\" rel=\"nofollow\">\n\tDemande d'analyses spores butyriques (CL manuel)<\/a><\/p>\n<p>Formulaire de commande pour les \u00e9chantillons envoy\u00e9s directement<br \/>\n<a class=\"download-link filetype-icon filetype-pdf\"\n   title=\"\" href=\"https:\/\/www.suisselab.ch\/fr\/download\/demande-danalyse-spores-butyriques-2\/?tmstv=1776604222\" rel=\"nofollow\">\n\tDemande d'analyse spores butyriques<\/a><\/p>\n<p>Formulaire de commande pour les \u00e9chantillons du CL\u00a0pr\u00e9lev\u00e9s automatiquement<br \/>\n<a class=\"download-link filetype-icon filetype-xlsx\"\n   title=\"\" href=\"https:\/\/www.suisselab.ch\/fr\/download\/demande-danalyses-supplementaires-cl-automatise-3\/?tmstv=1776604222\" rel=\"nofollow\">\n\tDemande d'analyses spores butyriques (CL automatise\u0301)<\/a><\/p>\n<p>Article Jakob &amp; Glauser (2019)<br \/>\n<a class=\"download-link filetype-icon filetype-pdf\"\n   title=\"\" href=\"https:\/\/www.suisselab.ch\/fr\/download\/article-jakob-glauser\/?tmstv=1776604222\" rel=\"nofollow\">\n\tArticle Jakob &amp; Glauser<\/a><\/p>\n<p>Article Br\u00e4ndle et al. (2018)<br \/>\n<a class=\"download-link filetype-icon filetype-pdf\"\n   title=\"\" href=\"https:\/\/www.suisselab.ch\/fr\/download\/artikel-braendle-et-al\/?tmstv=1776604222\" rel=\"nofollow\">\n\tArtikel Br\u00e4ndle et al.<\/a><\/p>\n<\/div><\/div><\/div><\/div><\/div><div class=\"w-tabs-section\" id=\"c95c\"><button class=\"w-tabs-section-header\" aria-controls=\"content-c95c\" aria-expanded=\"false\"><h2 class=\"w-tabs-section-title\">Questions-r\u00e9ponses<\/h2><div class=\"w-tabs-section-control\"><\/div><\/button><div  class=\"w-tabs-section-content\" id=\"content-c95c\"><div class=\"w-tabs-section-content-h i-cf\"><div class=\"wpb_text_column\"><div class=\"wpb_wrapper\"><h3>Les r\u00e9sultats de la nouvelle m\u00e9thode SY-LAB sont-ils comparables avec ceux de la m\u00e9thode de filtration selon Bourgeois\u00a0?<\/h3>\n<p>La m\u00e9thode MPN de SY-LAB est comparable avec la m\u00e9thode de filtration selon Bourgeois concernant la s\u00e9lectivit\u00e9 \u00e9lev\u00e9e pour les Clostridia et fournit des valeurs mesur\u00e9es comparables. Les m\u00eames valeurs limites peuvent par cons\u00e9quent \u00eatre utilis\u00e9es pour les deux m\u00e9thodes.<\/p>\n<h3>Les r\u00e9sultats de la nouvelle m\u00e9thode SY-LAB sont-ils comparables avec ceux de la m\u00e9thode MPN selon CNERNA\u00a0?<\/h3>\n<p>La m\u00e9thode MPN selon CNERNA utilise le m\u00e9dium de culture Bryant-Burkey lequel est relativement peu s\u00e9lectif. Par cons\u00e9quent, elle ne d\u00e9tecte pas uniquement les Clostridia, mais aussi des bact\u00e9ries sporog\u00e8nes ana\u00e9robies facultatives du genre <em>Bacillus<\/em>. Les valeurs mesur\u00e9es avec la m\u00e9thode MPN selon CNERNA sont donc nettement plus \u00e9lev\u00e9es que celles mesur\u00e9es avec la m\u00e9thode SY-LAB et avec la m\u00e9thode de filtration. Les valeurs limites utilis\u00e9es pour la m\u00e9thode selon CNERNA sont par cons\u00e9quent nettement plus \u00e9lev\u00e9es que celles employ\u00e9es pour la m\u00e9thode SY-LAB et la m\u00e9thode de filtration.<\/p>\n<h3>La m\u00e9thode SY-LAB convient-elle uniquement pour le lait de vache\u00a0?<\/h3>\n<p>Cette m\u00e9thode convient pour le lait de vache, de brebis, de ch\u00e8vre et de bufflonne.<\/p>\n<h3>La m\u00e9thode SY-LAB permet-elle aussi d\u2019analyser des \u00e9chantillons de r\u00e9serve congel\u00e9s\u00a0?<\/h3>\n<p>Cette m\u00e9thode convient pour les \u00e9chantillons de lait frais et congel\u00e9s.<\/p>\n<h3>Comment mes \u00e9chantillons sont-ils envoy\u00e9s \u00e0 Suisselab\u00a0?<\/h3>\n<p>Il est important que les \u00e9chantillons soient transport\u00e9s sous forme r\u00e9frig\u00e9r\u00e9e jusque chez Suisselab SA. Les \u00e9chantillons autres que pour le contr\u00f4le du lait peuvent \u00eatre d\u00e9pos\u00e9s aupr\u00e8s de nos points de collecte. Veuillez nous contacter. Nous vous indiquerons volontiers o\u00f9 se trouve le point de collecte le plus proche.<\/p>\n<h3>Quelles conditions doivent-elles \u00eatre remplies pour l\u2019analyse des \u00e9chantillons du CL pr\u00e9lev\u00e9s automatiquement dans le camion de collecte\u00a0?<\/h3>\n<p>Suisselab SA peut uniquement analyser la pr\u00e9sence de spores butyriques dans les \u00e9chantillons du CL pr\u00e9lev\u00e9s automatiquement si les donn\u00e9es NDS du camion de collecte sont transmises au laboratoire avant l\u2019arriv\u00e9e des \u00e9chantillons de lait. Veuillez nous contacter si vous n\u2019\u00eates pas certain que votre transporteur remplisse cette exigence.<\/p>\n<\/div><\/div><\/div><\/div><\/div><div class=\"w-tabs-section\" id=\"z093\" style=\"background:rgba(0,204,255,0.2);\"><button class=\"w-tabs-section-header\" aria-controls=\"content-z093\" aria-expanded=\"false\"><h2 class=\"w-tabs-section-title\">Commande de mat\u00e9riel d\u2019\u00e9chantillonnage<\/h2><div class=\"w-tabs-section-control\"><\/div><\/button><div  class=\"w-tabs-section-content\" id=\"content-z093\"><div class=\"w-tabs-section-content-h i-cf\"><div class=\"wpb_text_column\"><div class=\"wpb_wrapper\"><p>Veuillez nous contacter au 031 919 33 66 ou sur <a href=\"mailto:logistik@suisselab.ch\">logistik@suisselab.ch<\/a>.<\/p>\n<\/div><\/div><\/div><\/div><\/div><div class=\"w-tabs-section\" id=\"c439\"><button class=\"w-tabs-section-header\" aria-controls=\"content-c439\" aria-expanded=\"false\"><h2 class=\"w-tabs-section-title\">Formulaires de commande<\/h2><div class=\"w-tabs-section-control\"><\/div><\/button><div  class=\"w-tabs-section-content\" id=\"content-c439\"><div class=\"w-tabs-section-content-h i-cf\"><div class=\"wpb_text_column\"><div class=\"wpb_wrapper\"><p>Formulaire de commande pour les \u00e9chantillons du CL pr\u00e9lev\u00e9s manuellement<br \/>\n<a class=\"download-link filetype-icon filetype-pdf\"\n   title=\"\" href=\"https:\/\/www.suisselab.ch\/fr\/download\/demande-danalyses-supplementaires-cl-manuel\/?tmstv=1776604222\" rel=\"nofollow\">\n\tDemande d'analyses spores butyriques (CL manuel)<\/a><\/p>\n<p>Formulaire de commande pour les \u00e9chantillons envoy\u00e9s directement<br \/>\n<a class=\"download-link filetype-icon filetype-pdf\"\n   title=\"\" href=\"https:\/\/www.suisselab.ch\/fr\/download\/demande-danalyse-spores-butyriques-2\/?tmstv=1776604222\" rel=\"nofollow\">\n\tDemande d'analyse spores butyriques<\/a><\/p>\n<p>Formulaire de commande pour les \u00e9chantillons du CL\u00a0pr\u00e9lev\u00e9s automatiquement<br \/>\n<a class=\"download-link filetype-icon filetype-xlsx\"\n   title=\"\" href=\"https:\/\/www.suisselab.ch\/fr\/download\/demande-danalyses-supplementaires-cl-automatise-3\/?tmstv=1776604222\" rel=\"nofollow\">\n\tDemande d'analyses spores butyriques (CL automatise\u0301)<\/a><\/p>\n<\/div><\/div><\/div><\/div><\/div><\/div><\/div><\/div><\/div><\/div><div class=\"vc_col-sm-4 wpb_column vc_column_container\"><div class=\"vc_column-inner\"><div class=\"wpb_wrapper\"><div class=\"wpb_text_column\"><div class=\"wpb_wrapper\"><h2>Conseils<\/h2>\n<\/div><\/div><div class=\"w-person layout_simple_circle\" itemscope itemtype=\"https:\/\/schema.org\/Person\"><div class=\"w-person-image\"><img loading=\"lazy\" decoding=\"async\" width=\"900\" height=\"900\" src=\"https:\/\/www.suisselab.ch\/wp-content\/uploads\/2018\/04\/Daniel_Glauser_2.jpg\" class=\"attachment-large size-large\" alt=\"\" srcset=\"https:\/\/www.suisselab.ch\/wp-content\/uploads\/2018\/04\/Daniel_Glauser_2.jpg 900w, https:\/\/www.suisselab.ch\/wp-content\/uploads\/2018\/04\/Daniel_Glauser_2-150x150.jpg 150w, https:\/\/www.suisselab.ch\/wp-content\/uploads\/2018\/04\/Daniel_Glauser_2-600x600.jpg 600w, https:\/\/www.suisselab.ch\/wp-content\/uploads\/2018\/04\/Daniel_Glauser_2-300x300.jpg 300w, https:\/\/www.suisselab.ch\/wp-content\/uploads\/2018\/04\/Daniel_Glauser_2-768x768.jpg 768w, https:\/\/www.suisselab.ch\/wp-content\/uploads\/2018\/04\/Daniel_Glauser_2-350x350.jpg 350w, https:\/\/www.suisselab.ch\/wp-content\/uploads\/2018\/04\/Daniel_Glauser_2-100x100.jpg 100w\" sizes=\"auto, (max-width: 900px) 100vw, 900px\" \/><\/div><div class=\"w-person-content\"><\/div><\/div><div class=\"wpb_text_column\"><div class=\"wpb_wrapper\"><h3>Daniel Glauser<\/h3>\n<p>Dr. med. vet. FVH, Ph.D.<br \/>\nResponsable du laboratoire de diagnostic v\u00e9t\u00e9rinaire<br \/>\n031 919 33 22<br \/>\n<a href=\"mailto:daniel.glauser@suisselab.ch\">Courriel<\/a><\/p>\n<\/div><\/div><\/div><\/div><\/div><\/div><\/div><\/section>\n","protected":false},"excerpt":{"rendered":"Spores butyriques Suisselab SA d\u00e9termine la charge du lait en bact\u00e9ries sporog\u00e8nes ana\u00e9robies nuisibles pour le fromage avec la nouvelle m\u00e9thode MPN (most probable number) de la firme SY-LAB. Cette nouvelle m\u00e9thode se caract\u00e9rise par une s\u00e9lectivit\u00e9 \u00e9lev\u00e9e pour les Clostridia, une large plage de mesure et une courte dur\u00e9e d\u2019analyse. Surveillance de la teneur...","protected":false},"author":2,"featured_media":0,"parent":1014,"menu_order":0,"comment_status":"closed","ping_status":"closed","template":"","meta":{"footnotes":""},"class_list":["post-7548","page","type-page","status-publish","hentry"],"_links":{"self":[{"href":"https:\/\/www.suisselab.ch\/fr\/wp-json\/wp\/v2\/pages\/7548","targetHints":{"allow":["GET"]}}],"collection":[{"href":"https:\/\/www.suisselab.ch\/fr\/wp-json\/wp\/v2\/pages"}],"about":[{"href":"https:\/\/www.suisselab.ch\/fr\/wp-json\/wp\/v2\/types\/page"}],"author":[{"embeddable":true,"href":"https:\/\/www.suisselab.ch\/fr\/wp-json\/wp\/v2\/users\/2"}],"replies":[{"embeddable":true,"href":"https:\/\/www.suisselab.ch\/fr\/wp-json\/wp\/v2\/comments?post=7548"}],"version-history":[{"count":0,"href":"https:\/\/www.suisselab.ch\/fr\/wp-json\/wp\/v2\/pages\/7548\/revisions"}],"up":[{"embeddable":true,"href":"https:\/\/www.suisselab.ch\/fr\/wp-json\/wp\/v2\/pages\/1014"}],"wp:attachment":[{"href":"https:\/\/www.suisselab.ch\/fr\/wp-json\/wp\/v2\/media?parent=7548"}],"curies":[{"name":"wp","href":"https:\/\/api.w.org\/{rel}","templated":true}]}}