{"id":6317,"date":"2019-08-19T15:13:42","date_gmt":"2019-08-19T13:13:42","guid":{"rendered":"https:\/\/www.suisselab.ch\/?page_id=6317"},"modified":"2025-11-19T08:50:17","modified_gmt":"2025-11-19T07:50:17","slug":"documents","status":"publish","type":"page","link":"https:\/\/www.suisselab.ch\/fr\/documents\/","title":{"rendered":"Documents"},"content":{"rendered":"<section class=\"l-section wpb_row suisselab-hero-klein height_auto with_img\"><div class=\"l-section-img\" role=\"img\" data-img-width=\"1500\" data-img-height=\"1000\" style=\"background-image: url(https:\/\/www.suisselab.ch\/wp-content\/uploads\/2019\/02\/D5A3275.jpg);\"><\/div><div class=\"l-section-h i-cf\"><div class=\"g-cols vc_row via_flex valign_bottom type_default stacking_default\"><div class=\"vc_col-sm-12 wpb_column vc_column_container\"><div class=\"vc_column-inner\"><div class=\"wpb_wrapper\"><div class=\"wpb_text_column us_custom_2dba4929 promo\"><div class=\"wpb_wrapper\"><h1>Documents<\/h1>\n<\/div><\/div><\/div><\/div><\/div><\/div><\/div><\/section><section class=\"l-section wpb_row height_medium\"><div class=\"l-section-h i-cf\"><div class=\"g-cols vc_row via_flex valign_top type_default stacking_default\"><div class=\"vc_col-sm-12 wpb_column vc_column_container\"><div class=\"vc_column-inner\"><div class=\"wpb_wrapper\"><div class=\"wpb_text_column haupttext\"><div class=\"wpb_wrapper\"><h2>Tous les documents du site \u00e0 t\u00e9l\u00e9charger<\/h2>\n<\/div><\/div><div class=\"w-separator size_custom\" style=\"height:32px\"><\/div><div class=\"w-tabs us_custom_5b12dde4 style_default switch_click accordion has_scrolling\" style=\"--sections-title-size:28px\"><div class=\"w-tabs-sections titles-align_none icon_chevron cpos_right\"><div class=\"w-tabs-section\" id=\"md69\"><button class=\"w-tabs-section-header\" aria-controls=\"content-md69\" aria-expanded=\"false\"><h2 class=\"w-tabs-section-title\">Prix et Conditions<\/h2><div class=\"w-tabs-section-control\"><\/div><\/button><div  class=\"w-tabs-section-content\" id=\"content-md69\"><div class=\"w-tabs-section-content-h i-cf\"><div class=\"wpb_text_column\"><div class=\"wpb_wrapper\"><h3>Prix et conditions<\/h3>\n<p><strong>Liste des prix de Suisselab SA<del><\/del><\/strong><br \/>\n<a class=\"download-link filetype-icon filetype-pdf\"\n   title=\"\" href=\"https:\/\/www.suisselab.ch\/fr\/download\/liste-des-prix-2020\/?tmstv=1778423447\" rel=\"nofollow\">\n\tListe des prix 2026<\/a><\/p>\n<p><strong>Conditions g\u00e9n\u00e9rales (CG) de Suisselab SA<\/strong><br \/>\n<a class=\"download-link filetype-icon filetype-pdf\"\n   title=\"\" href=\"https:\/\/www.suisselab.ch\/fr\/download\/suisselab-conditions-generales\/?tmstv=1778423447\" rel=\"nofollow\">\n\tSuisselab conditions g\u00e9n\u00e9rales<\/a><\/p>\n<\/div><\/div><\/div><\/div><\/div><div class=\"w-tabs-section\" id=\"l8e2\"><button class=\"w-tabs-section-header\" aria-controls=\"content-l8e2\" aria-expanded=\"false\"><h2 class=\"w-tabs-section-title\">FERTALYS<\/h2><div class=\"w-tabs-section-control\"><\/div><\/button><div  class=\"w-tabs-section-content\" id=\"content-l8e2\"><div class=\"w-tabs-section-content-h i-cf\"><div class=\"wpb_text_column\"><div class=\"wpb_wrapper\"><h3>Documents<\/h3>\n<p>Demande d&rsquo;analyse FERTALYS<br \/>\n<a class=\"download-link filetype-icon filetype-pdf\"\n   title=\"\" href=\"https:\/\/www.suisselab.ch\/fr\/download\/demande-danalyse-fertalys-2\/?tmstv=1778423447\" rel=\"nofollow\">\n\tDemande d'analyse FERTALYS<\/a><\/p>\n<p>Brochure FERTALYS<br \/>\n<a class=\"download-link filetype-icon filetype-pdf\"\n   title=\"\" href=\"https:\/\/www.suisselab.ch\/fr\/download\/brochure-fertalys\/?tmstv=1778423447\" rel=\"nofollow\">\n\tBrochure FERTALYS<\/a><\/p>\n<p>Explications sur les rapports d\u2019analyse FERTALYS (CL_VMD-2)<br \/>\n<a class=\"download-link filetype-icon filetype-pdf\"\n   title=\"\" href=\"https:\/\/www.suisselab.ch\/fr\/download\/explications-sur-les-rapports-danalyse-fertalys\/?tmstv=1778423447\" rel=\"nofollow\">\n\tExplications sur les rapports d'analyse FERTALYS<\/a><\/p>\n<p>Notice fiabilit\u00e9 test FERTALYS (CL_VMD-4)<br \/>\n<a class=\"download-link filetype-icon filetype-pdf\"\n   title=\"\" href=\"https:\/\/www.suisselab.ch\/fr\/download\/notice-fiabilite-test-fertalys\/?tmstv=1778423447\" rel=\"nofollow\">\n\tNotice fiabilit\u00e9 test FERTALYS<\/a><br \/>\n<del><\/del><\/p>\n<p>Vid\u00e9o YouTube d\u2019IDEXX<br \/>\n<a href=\"https:\/\/www.youtube.com\/watch?v=M9p2ZnSTBBI\" target=\"_blank\" rel=\"noopener noreferrer\">YouTube-Video von IDEXX<\/a><\/p>\n<p>Article de M. Joachim Kleen : Test de gestation par le sang et le lait : une alternative au test usuel ?<br \/>\n<a class=\"download-link filetype-icon filetype-pdf\"\n   title=\"\" href=\"https:\/\/www.suisselab.ch\/fr\/download\/test-de-gestation-par-le-sang-et-le-lait-une-alternative-au-test-de-gestation-traditionnel\/?tmstv=1778423447\" rel=\"nofollow\">\n\tTest de gestation par le sang et le lait : une alternative au test de gestation traditionnel ?<\/a><\/p>\n<p>Pr\u00e9sentation de C. Egli (IDEXX) \u00e0 l\u2019occasion du 10e anniversaire de Suisselab SA<br \/>\n<a class=\"download-link filetype-icon filetype-pdf\"\n   title=\"\" href=\"https:\/\/www.suisselab.ch\/fr\/download\/presentation-de-c-egli-idexx-a-loccasion-du-10e-anniversaire-de-suisselab-sa\/?tmstv=1778423447\" rel=\"nofollow\">\n\tPr\u00e9sentation de C. Egli (IDEXX) \u00e0 l\u2019occasion du 10e anniversaire de Suisselab SA<\/a><\/p>\n<\/div><\/div><\/div><\/div><\/div><div class=\"w-tabs-section\" id=\"q450\"><button class=\"w-tabs-section-header\" aria-controls=\"content-q450\" aria-expanded=\"false\"><h2 class=\"w-tabs-section-title\">Identification des mammites MID<\/h2><div class=\"w-tabs-section-control\"><\/div><\/button><div  class=\"w-tabs-section-content\" id=\"content-q450\"><div class=\"w-tabs-section-content-h i-cf\"><div class=\"wpb_text_column\"><div class=\"wpb_wrapper\"><h3>Documents<\/h3>\n<p>Demande d&rsquo;analyse identification des mammites MID<br \/>\n<a class=\"download-link filetype-icon filetype-pdf\"\n   title=\"\" href=\"https:\/\/www.suisselab.ch\/fr\/download\/demande-danalyse-mid\/?tmstv=1778423447\" rel=\"nofollow\">\n\tDemande d'analyse MID<\/a><\/p>\n<p>Instruction pour l\u2019\u00e9chantillonnage aseptis\u00e9 pour l\u2019identification des mammites MID<br \/>\n<a class=\"download-link filetype-icon filetype-pdf\"\n   title=\"\" href=\"https:\/\/www.suisselab.ch\/fr\/download\/instruction-pour-lechantillonnage-mid\/?tmstv=1778423447\" rel=\"nofollow\">\n\tInstruction d\u2019\u00e9chantillonnage MID<\/a><del><\/del><\/p>\n<p>Aide \u00e0 l\u2019interpr\u00e9tation de l\u2019identification des mammites MID<br \/>\n<a class=\"download-link filetype-icon filetype-pdf\"\n   title=\"\" href=\"https:\/\/www.suisselab.ch\/fr\/download\/aide-a-linterpretation-mid-c16\/?tmstv=1778423447\" rel=\"nofollow\">\n\tAide \u00e0 l\u2019interpr\u00e9tation MID<\/a><\/p>\n<p>Information sp\u00e9cialis\u00e9e PathoProof PCR Assays de Thermo Fisher Scientific<br \/>\n<a class=\"download-link filetype-icon filetype-pdf\"\n   title=\"\" href=\"https:\/\/www.suisselab.ch\/fr\/download\/information-specialisee-pathoproof-pcr-assays\/?tmstv=1778423447\" rel=\"nofollow\">\n\tInformation sp\u00e9cialis\u00e9e PathoProof PCR Assays<\/a><del><\/del><\/p>\n<\/div><\/div><\/div><\/div><\/div><div class=\"w-tabs-section\" id=\"t397\"><button class=\"w-tabs-section-header\" aria-controls=\"content-t397\" aria-expanded=\"false\"><h2 class=\"w-tabs-section-title\">Prestations d\u2019analyse<\/h2><div class=\"w-tabs-section-control\"><\/div><\/button><div  class=\"w-tabs-section-content\" id=\"content-t397\"><div class=\"w-tabs-section-content-h i-cf\"><div class=\"wpb_text_column\"><div class=\"wpb_wrapper\"><h3>Documents<\/h3>\n<p>T\u00e9l\u00e9charger le formulaire de commande (PDF)<br \/>\n<a class=\"download-link filetype-icon filetype-pdf\"\n   title=\"\" href=\"https:\/\/www.suisselab.ch\/fr\/download\/demande-et-rapport-danalyses\/?tmstv=1778423447\" rel=\"nofollow\">\n\tDemande et rapport d'analyses<\/a><\/p>\n<p>Explications relatives aux rapports d&rsquo;analyse FO_925<br \/>\n<a class=\"download-link filetype-icon filetype-pdf\"\n   title=\"\" href=\"https:\/\/www.suisselab.ch\/fr\/download\/explications-relatives-aux-rapports-danalyse-fo_925\/?tmstv=1778423447\" rel=\"nofollow\">\n\tExplications relatives aux rapports d'analyse FO_925<\/a><\/p>\n<\/div><\/div><\/div><\/div><\/div><div class=\"w-tabs-section\" id=\"g1da\"><button class=\"w-tabs-section-header\" aria-controls=\"content-g1da\" aria-expanded=\"false\"><h2 class=\"w-tabs-section-title\">Contr\u00f4le du lait (CL)<\/h2><div class=\"w-tabs-section-control\"><\/div><\/button><div  class=\"w-tabs-section-content\" id=\"content-g1da\"><div class=\"w-tabs-section-content-h i-cf\"><div class=\"wpb_text_column\"><div class=\"wpb_wrapper\"><h3>Instructions de travail<\/h3>\n<p>Dispositions d\u2019ex\u00e9cution relatives \u00e0 l\u2019\u00e9chantillonnage pour le contr\u00f4le du lait<br \/>\n<a class=\"download-link filetype-icon filetype-pdf\"\n   title=\"\" href=\"https:\/\/www.suisselab.ch\/fr\/download\/dispositions-dexecution-relatives-a-lechantillonnage-pour-le-controle-du-lait\/?tmstv=1778423447\" rel=\"nofollow\">\n\tDispositions d\u2019ex\u00e9cution relatives \u00e0 l\u2019\u00e9chantillonnage pour le contr\u00f4le du lait<\/a><\/p>\n<p>Instructions de travail relatives \u00e0 l\u2019\u00e9chantillonnage CL manuel<br \/>\n<a class=\"download-link filetype-icon filetype-pdf\"\n   title=\"\" href=\"https:\/\/www.suisselab.ch\/fr\/download\/instructions-de-travail-relatives-a-lechantillonnage-cl-manuel-2\/?tmstv=1778423447\" rel=\"nofollow\">\n\tInstructions de travail relatives \u00e0 l\u2019\u00e9chantillonnage CL manuel<\/a><\/p>\n<p>Instructions de travail relatives \u00e0 l\u2019\u00e9chantillonnage CL automatis\u00e9<br \/>\n<a class=\"download-link filetype-icon filetype-pdf\"\n   title=\"\" href=\"https:\/\/www.suisselab.ch\/fr\/download\/instructions-de-travail-relatives-a-lechantillonnage-cl-manuel\/?tmstv=1778423447\" rel=\"nofollow\">\n\tInstructions de travail relatives \u00e0 l\u2019\u00e9chantillonnage CL automatis\u00e9<\/a><\/p>\n<p>Instructions de travail relatives \u00e0 l\u2019\u00e9chantillonnage CL automatis\u00e9 stationnaire<br \/>\n<a class=\"download-link filetype-icon filetype-pdf\"\n   title=\"\" href=\"https:\/\/www.suisselab.ch\/fr\/download\/instructions-de-travail-relatives-a-lechantillonnage-cl-automatise-stationnaire\/?tmstv=1778423447\" rel=\"nofollow\">\n\tInstructions de travail relatives \u00e0 l\u2019\u00e9chantillonnage CL automatis\u00e9 stationnaire<\/a><\/p>\n<h3>Bases l\u00e9gales<\/h3>\n<p>Ordonnance sur le contr\u00f4le du lait<br \/>\n<a href=\"https:\/\/www.admin.ch\/opc\/de\/classified-compilation\/20100941\/index.html\" target=\"_blank\" rel=\"noopener noreferrer\">Ordonnance sur le contr\u00f4le du lait (OCL ; RS 916.351.0)<\/a><\/p>\n<p>Ordonnance r\u00e9glant l\u2019hygi\u00e8ne dans la production laiti\u00e8re<br \/>\n<a href=\"https:\/\/www.admin.ch\/opc\/de\/classified-compilation\/20051436\/index.html\" target=\"_blank\" rel=\"noopener noreferrer\">Ordonnance r\u00e9glant l\u2019hygi\u00e8ne dans la production laiti\u00e8re (OHyPL ; RS 916.351.021.1)<\/a><\/p>\n<p>Directive technique concernant l\u2019ex\u00e9cution du contr\u00f4le du lait<br \/>\n<a class=\"download-link filetype-icon filetype-pdf\"\n   title=\"\" href=\"https:\/\/www.suisselab.ch\/fr\/download\/dt-concernant-lexecution-du-controle-du-lait\/?tmstv=1778423447\" rel=\"nofollow\">\n\tDT concernant l\u2019ex\u00e9cution du contr\u00f4le du lait<\/a><\/p>\n<h3>Documents<\/h3>\n<p>Explications relatives aux rapports d&rsquo;analyse FO_925<br \/>\n<a class=\"download-link filetype-icon filetype-pdf\"\n   title=\"\" href=\"https:\/\/www.suisselab.ch\/fr\/download\/explications-relatives-aux-rapports-danalyse-fo_925\/?tmstv=1778423447\" rel=\"nofollow\">\n\tExplications relatives aux rapports d'analyse FO_925<\/a><\/p>\n<\/div><\/div><\/div><\/div><\/div><div class=\"w-tabs-section\" id=\"o9d0\"><button class=\"w-tabs-section-header\" aria-controls=\"content-o9d0\" aria-expanded=\"false\"><h2 class=\"w-tabs-section-title\">\u00c9preuve de productivit\u00e9 laiti\u00e8re (EPL)<\/h2><div class=\"w-tabs-section-control\"><\/div><\/button><div  class=\"w-tabs-section-content\" id=\"content-o9d0\"><div class=\"w-tabs-section-content-h i-cf\"><div class=\"wpb_text_column\"><div class=\"wpb_wrapper\"><h3>Documents<\/h3>\n<p>\u00ab Manuel pour le contr\u00f4le laitier \u00bb des f\u00e9d\u00e9rations d\u2019\u00e9levage.<br \/>\n<del><\/del><a class=\"download-link filetype-icon filetype-pdf\"\n   title=\"\" href=\"https:\/\/www.suisselab.ch\/fr\/download\/manuel-pour-le-controle-laitier\/?tmstv=1778423447\" rel=\"nofollow\">\n\tManuel pour le contr\u00f4le laitier<\/a><\/p>\n<p>Explications concernant le rapport du contr\u00f4le laitier FO_935<br \/>\n<del><\/del><a class=\"download-link filetype-icon filetype-pdf\"\n   title=\"\" href=\"https:\/\/www.suisselab.ch\/fr\/download\/explications-concernant-le-rapport-du-controle-laitier-fo_935\/?tmstv=1778423447\" rel=\"nofollow\">\n\tExplications concernant le rapport du contr\u00f4le laitier FO_935<\/a><\/p>\n<p>Inscription \u00e0 la d\u00e9termination des teneurs du lait<br \/>\n<del><\/del><a class=\"download-link filetype-icon filetype-pdf\"\n   title=\"\" href=\"https:\/\/www.suisselab.ch\/fr\/download\/inscription-a-la-determination-des-teneurs-du-lait\/?tmstv=1778423447\" rel=\"nofollow\">\n\tInscription a la determination des teneurs du lait<\/a><\/p>\n<\/div><\/div><\/div><\/div><\/div><div class=\"w-tabs-section\" id=\"j624\"><button class=\"w-tabs-section-header\" aria-controls=\"content-j624\" aria-expanded=\"false\"><h2 class=\"w-tabs-section-title\">Spores butyriques<\/h2><div class=\"w-tabs-section-control\"><\/div><\/button><div  class=\"w-tabs-section-content\" id=\"content-j624\"><div class=\"w-tabs-section-content-h i-cf\"><div class=\"wpb_text_column\"><div class=\"wpb_wrapper\"><h3>Documents<\/h3>\n<p>Formulaire de commande pour les \u00e9chantillons du CL pr\u00e9lev\u00e9s manuellement<br \/>\n<a class=\"download-link filetype-icon filetype-pdf\"\n   title=\"\" href=\"https:\/\/www.suisselab.ch\/fr\/download\/demande-danalyses-supplementaires-cl-manuel\/?tmstv=1778423447\" rel=\"nofollow\">\n\tDemande d'analyses spores butyriques (CL manuel)<\/a><\/p>\n<p>Formulaire de commande pour les \u00e9chantillons envoy\u00e9s directement<br \/>\n<a class=\"download-link filetype-icon filetype-pdf\"\n   title=\"\" href=\"https:\/\/www.suisselab.ch\/fr\/download\/demande-danalyse-spores-butyriques-2\/?tmstv=1778423447\" rel=\"nofollow\">\n\tDemande d'analyse spores butyriques<\/a><\/p>\n<p>Formulaire de commande pour les \u00e9chantillons du CL\u00a0pr\u00e9lev\u00e9s automatiquement<br \/>\n<a class=\"download-link filetype-icon filetype-xlsx\"\n   title=\"\" href=\"https:\/\/www.suisselab.ch\/fr\/download\/demande-danalyses-supplementaires-cl-automatise-3\/?tmstv=1778423447\" rel=\"nofollow\">\n\tDemande d'analyses spores butyriques (CL automatise\u0301)<\/a><\/p>\n<p>Article Jakob &amp; Glauser (2019)<br \/>\n<a class=\"download-link filetype-icon filetype-pdf\"\n   title=\"\" href=\"https:\/\/www.suisselab.ch\/fr\/download\/article-jakob-glauser\/?tmstv=1778423447\" rel=\"nofollow\">\n\tArticle Jakob &amp; Glauser<\/a><\/p>\n<p>Article Br\u00e4ndle et al. (2018)<br \/>\n<a class=\"download-link filetype-icon filetype-pdf\"\n   title=\"\" href=\"https:\/\/www.suisselab.ch\/fr\/download\/artikel-braendle-et-al\/?tmstv=1778423447\" rel=\"nofollow\">\n\tArtikel Br\u00e4ndle et al.<\/a><\/p>\n<\/div><\/div><\/div><\/div><\/div><div class=\"w-tabs-section\" id=\"o21a\"><button class=\"w-tabs-section-header\" aria-controls=\"content-o21a\" aria-expanded=\"false\"><h2 class=\"w-tabs-section-title\">Diagnostic des \u00e9pizooties<\/h2><div class=\"w-tabs-section-control\"><\/div><\/button><div  class=\"w-tabs-section-content\" id=\"content-o21a\"><div class=\"w-tabs-section-content-h i-cf\"><div class=\"wpb_text_column\"><div class=\"wpb_wrapper\"><h3>Documents<\/h3>\n<p><a href=\"https:\/\/www.blv.admin.ch\/dam\/blv\/de\/dokumente\/tiere\/tierkrankheiten-und-arzneimittel\/tierseuchendiagnostik\/liste-zugelassener-veterinaerdiagnostika.pdf.download.pdf\/Liste_zugelassener_Veterinaerdiagnostika.pdf\" target=\"_blank\" rel=\"noopener noreferrer\">Liste des produits de diagnostic v\u00e9t\u00e9rinaire autoris\u00e9s de l\u2019OSAV <\/a><br \/>\n<a href=\"https:\/\/www.blv.admin.ch\/dam\/blv\/de\/dokumente\/tiere\/tierkrankheiten-und-arzneimittel\/fachinformation\/fachinformation-ibr.pdf.download.pdf\/216%20Infektioese%20bovine%20Rhinotracheitis%20de%20def%202013.pdf\">Informations sp\u00e9cifiques IBR de l\u2019OSAV<\/a><br \/>\n<a href=\"https:\/\/www.blv.admin.ch\/dam\/blv\/de\/dokumente\/tiere\/tierkrankheiten-und-arzneimittel\/fachinformation\/fachinformation-enzootische-leukose-rinder.pdf.download.pdf\/215%20Enzootische%20Leukose%20der%20Rinder%20de%20def%202013.pdf\" target=\"_blank\" rel=\"noopener noreferrer\">Informations sp\u00e9cifiques EBL de l\u2019OSAV<\/a><br \/>\n<a href=\"https:\/\/www.blv.admin.ch\/dam\/blv\/de\/dokumente\/tiere\/tierkrankheiten-und-arzneimittel\/fachinformation\/fachinformation-bvd-md.pdf.download.pdf\/232%20Bovine%20Virusdiarrhoe%20de%20def%202013.pdf\">Informations sp\u00e9cifiques BVD de l\u2019OSAV<\/a><br \/>\n<a href=\"https:\/\/www.blv.admin.ch\/blv\/de\/home\/tiere\/tiergesundheit.html\" target=\"_blank\" rel=\"noopener noreferrer\">Informations suppl\u00e9mentaires de l\u2019OSAV sur la sant\u00e9 animale<\/a><br \/>\n<a href=\"https:\/\/www.blv.admin.ch\/blv\/de\/home\/tiere\/tierseuchen.html\" target=\"_blank\" rel=\"noopener noreferrer\">Informations suppl\u00e9mentaires de l\u2019OSAV sur les \u00e9pizooties<\/a><br \/>\n<a href=\"https:\/\/www.blv.admin.ch\/blv\/de\/home\/tiere\/tierseuchen\/tierseuchendiagnostik.html\" target=\"_blank\" rel=\"noopener noreferrer\">Informations suppl\u00e9mentaires de l\u2019OSAV sur le diagnostic v\u00e9t\u00e9rinaire<\/a><del><\/del><\/p>\n<h3>Demande d&rsquo;analyse<\/h3>\n<p>T\u00e9l\u00e9charger le formulaire de commande d\u2019examens s\u00e9rologiques du lait<br \/>\n<a class=\"download-link filetype-icon filetype-pdf\"\n   title=\"\" href=\"https:\/\/www.suisselab.ch\/fr\/download\/demande-danalyse-serologie-du-lait\/?tmstv=1778423447\" rel=\"nofollow\">\n\tDemande d'analyse Serologie du lait<\/a><\/p>\n<\/div><\/div><\/div><\/div><\/div><div class=\"w-tabs-section\" id=\"i001\"><button class=\"w-tabs-section-header\" aria-controls=\"content-i001\" aria-expanded=\"false\"><h2 class=\"w-tabs-section-title\">Contr\u00f4le des appareils de PA<\/h2><div class=\"w-tabs-section-control\"><\/div><\/button><div  class=\"w-tabs-section-content\" id=\"content-i001\"><div class=\"w-tabs-section-content-h i-cf\"><div class=\"wpb_text_column\"><div class=\"wpb_wrapper\"><h3>Informations<\/h3>\n<p>\u00c9chantillonnage automatis\u00e9<br \/>\n<a class=\"download-link filetype-icon filetype-pdf\"\n   title=\"\" href=\"https:\/\/www.suisselab.ch\/fr\/download\/procedure-pour-le-controle-des-appareils-de-pa\/?tmstv=1778423447\" rel=\"nofollow\">\n\tProc\u00e9dure pour le contr\u00f4le des appareils de PA<\/a><del><\/del><\/p>\n<p>Co\u00fbts du contr\u00f4le des appareils de PA<br \/>\n<a class=\"download-link filetype-icon filetype-pdf\"\n   title=\"\" href=\"https:\/\/www.suisselab.ch\/fr\/download\/controles-des-automates-de-prelevement-ap\/?tmstv=1778423447\" rel=\"nofollow\">\n\tContr\u00f4les des automates de pr\u00e9l\u00e8vement (AP)<\/a><\/p>\n<p>Explications concernant le rapport de contr\u00f4le AP<br \/>\n<a class=\"download-link filetype-icon filetype-pdf\"\n   title=\"Version explications concernant le rapport de contr\u00f4le ap\" href=\"https:\/\/www.suisselab.ch\/fr\/download\/explications-concernant-le-rapport-de-controle-ap\/?tmstv=1778423447\" rel=\"nofollow\">\n\tExplications concernant le rapport de contr\u00f4le AP<\/a><\/p>\n<\/div><\/div><\/div><\/div><\/div><div class=\"w-tabs-section\" id=\"yf7d\"><button class=\"w-tabs-section-header\" aria-controls=\"content-yf7d\" aria-expanded=\"false\"><h2 class=\"w-tabs-section-title\">Demande d&rsquo;analyse<\/h2><div class=\"w-tabs-section-control\"><\/div><\/button><div  class=\"w-tabs-section-content\" id=\"content-yf7d\"><div class=\"w-tabs-section-content-h i-cf\"><div class=\"wpb_text_column\"><div class=\"wpb_wrapper\"><h3>Demande d&rsquo;analyse<\/h3>\n<p>Demande d&rsquo;analyse FERTALYS<br \/>\n<a class=\"download-link filetype-icon filetype-pdf\"\n   title=\"\" href=\"https:\/\/www.suisselab.ch\/fr\/download\/demande-danalyse-fertalys-2\/?tmstv=1778423447\" rel=\"nofollow\">\n\tDemande d'analyse FERTALYS<\/a><\/p>\n<p>Demande d&rsquo;analyse identification des mammites MID<br \/>\n<a class=\"download-link filetype-icon filetype-pdf\"\n   title=\"\" href=\"https:\/\/www.suisselab.ch\/fr\/download\/demande-danalyse-mid\/?tmstv=1778423447\" rel=\"nofollow\">\n\tDemande d'analyse MID<\/a><\/p>\n<p>Commande d\u2019examens s\u00e9rologiques du lait<br \/>\n<a class=\"download-link filetype-icon filetype-pdf\"\n   title=\"\" href=\"https:\/\/www.suisselab.ch\/fr\/download\/demade-danalyse-serologie-du-lait\/?tmstv=1778423447\" rel=\"nofollow\">\n\tDemande d'analyse serologie du lait<\/a><\/p>\n<p>T\u00e9l\u00e9charger le formulaire de commande (PDF)<br \/>\n<a class=\"download-link filetype-icon filetype-pdf\"\n   title=\"\" href=\"https:\/\/www.suisselab.ch\/fr\/download\/demande-et-rapport-danalyses\/?tmstv=1778423447\" rel=\"nofollow\">\n\tDemande et rapport d'analyses<\/a><\/p>\n<p>Formulaire de commande pour les \u00e9chantillons du CL pr\u00e9lev\u00e9s manuellement<br \/>\n<a class=\"download-link filetype-icon filetype-pdf\"\n   title=\"\" href=\"https:\/\/www.suisselab.ch\/fr\/download\/demande-danalyses-supplementaires-cl-manuel\/?tmstv=1778423447\" rel=\"nofollow\">\n\tDemande d'analyses spores butyriques (CL manuel)<\/a><\/p>\n<p>Formulaire de commande pour les \u00e9chantillons envoy\u00e9s directement<br \/>\n<a class=\"download-link filetype-icon filetype-pdf\"\n   title=\"\" href=\"https:\/\/www.suisselab.ch\/fr\/download\/demande-danalyse-spores-butyriques-2\/?tmstv=1778423447\" rel=\"nofollow\">\n\tDemande d'analyse spores butyriques<\/a><\/p>\n<p>Formulaire de commande pour les \u00e9chantillons du CL\u00a0pr\u00e9lev\u00e9s automatiquement<br \/>\n<a class=\"download-link filetype-icon filetype-xlsx\"\n   title=\"\" href=\"https:\/\/www.suisselab.ch\/fr\/download\/demande-danalyses-supplementaires-cl-automatise-3\/?tmstv=1778423447\" rel=\"nofollow\">\n\tDemande d'analyses spores butyriques (CL automatise\u0301)<\/a><\/p>\n<\/div><\/div><\/div><\/div><\/div><div class=\"w-tabs-section\" id=\"s625\"><button class=\"w-tabs-section-header\" aria-controls=\"content-s625\" aria-expanded=\"false\"><h2 class=\"w-tabs-section-title\">Confirmations de formation<\/h2><div class=\"w-tabs-section-control\"><\/div><\/button><div  class=\"w-tabs-section-content\" id=\"content-s625\"><div class=\"w-tabs-section-content-h i-cf\"><div class=\"wpb_text_column\"><div class=\"wpb_wrapper\"><h3>Confirmations de formation<\/h3>\n<p>Formulaire pour l&rsquo;attestation de formation pour le pr\u00e9l\u00e8vement des \u00e9chantillons manuel<br \/>\n<a class=\"download-link filetype-icon filetype-pdf\"\n   title=\"\" href=\"https:\/\/www.suisselab.ch\/fr\/download\/formulaire-pour-le-prelevement-manuel-des-echantillons-a-lechantillonnage\/?tmstv=1778423447\" rel=\"nofollow\">\n\tAttestation de formation pour le pr\u00e9l\u00e8vement des \u00e9chantillons manuel<\/a><\/p>\n<p>Formulaire pour l&rsquo;attestation de formation pour le pr\u00e9l\u00e8vement des \u00e9chantillons automatis\u00e9<br \/>\n<a class=\"download-link filetype-icon filetype-pdf\"\n   title=\"\" href=\"https:\/\/www.suisselab.ch\/fr\/download\/formulaire-confirmation-de-formation-pour-ap-2\/?tmstv=1778423447\" rel=\"nofollow\">\n\tAttestation de formation pour le pr\u00e9l\u00e8vement des \u00e9chantillons automatis\u00e9<\/a><\/p>\n<p>Formulaire pour l&rsquo;attestation de formation pour le pr\u00e9l\u00e8vement des \u00e9chantillons automatis\u00e9 stationnaire<br \/>\n<a class=\"download-link filetype-icon filetype-pdf\"\n   title=\"Version attestation de formation pour le pr\u00e9l\u00e8vement des \u00e9chantillons automatis\u00e9 stationnaire\" href=\"https:\/\/www.suisselab.ch\/fr\/download\/attestation-de-formation-pour-le-prelevement-des-echantillons-automatise-statonnaire\/?tmstv=1778423447\" rel=\"nofollow\">\n\tAttestation de formation pour le pr\u00e9l\u00e8vement des \u00e9chantillons automatis\u00e9 statonnaire<\/a><\/p>\n<\/div><\/div><\/div><\/div><\/div><div class=\"w-tabs-section\" id=\"j759\"><button class=\"w-tabs-section-header\" aria-controls=\"content-j759\" aria-expanded=\"false\"><h2 class=\"w-tabs-section-title\">Ramassage des \u00e9chantillons<\/h2><div class=\"w-tabs-section-control\"><\/div><\/button><div  class=\"w-tabs-section-content\" id=\"content-j759\"><div class=\"w-tabs-section-content-h i-cf\"><div class=\"wpb_text_column\"><div class=\"wpb_wrapper\"><h3>Ramassage des \u00e9chantillons<\/h3>\n<p>Les 21 points de collecte desservis quotidiennement et les horaires<br \/>\n<a class=\"download-link filetype-icon filetype-pdf\"\n   title=\"\" href=\"https:\/\/www.suisselab.ch\/fr\/download\/sites-pour-le-ramassage-des-echantillons\/?tmstv=1778423447\" rel=\"nofollow\">\n\tSites pour le ramassage des \u00e9chantillons<\/a><\/p>\n<\/div><\/div><\/div><\/div><\/div><\/div><\/div><\/div><\/div><\/div><\/div><\/div><\/section>\n","protected":false},"excerpt":{"rendered":"Documents Tous les documents du site \u00e0 t\u00e9l\u00e9charger Prix et ConditionsPrix et conditions Liste des prix de Suisselab SA Liste des prix 2026 Conditions g\u00e9n\u00e9rales (CG) de Suisselab SA Suisselab conditions g\u00e9n\u00e9rales FERTALYSDocuments Demande d&rsquo;analyse FERTALYS Demande d'analyse FERTALYS Brochure FERTALYS Brochure FERTALYS Explications sur les rapports d\u2019analyse FERTALYS (CL_VMD-2) Explications sur les rapports d'analyse...","protected":false},"author":2,"featured_media":0,"parent":0,"menu_order":0,"comment_status":"closed","ping_status":"closed","template":"","meta":{"footnotes":""},"class_list":["post-6317","page","type-page","status-publish","hentry"],"_links":{"self":[{"href":"https:\/\/www.suisselab.ch\/fr\/wp-json\/wp\/v2\/pages\/6317","targetHints":{"allow":["GET"]}}],"collection":[{"href":"https:\/\/www.suisselab.ch\/fr\/wp-json\/wp\/v2\/pages"}],"about":[{"href":"https:\/\/www.suisselab.ch\/fr\/wp-json\/wp\/v2\/types\/page"}],"author":[{"embeddable":true,"href":"https:\/\/www.suisselab.ch\/fr\/wp-json\/wp\/v2\/users\/2"}],"replies":[{"embeddable":true,"href":"https:\/\/www.suisselab.ch\/fr\/wp-json\/wp\/v2\/comments?post=6317"}],"version-history":[{"count":0,"href":"https:\/\/www.suisselab.ch\/fr\/wp-json\/wp\/v2\/pages\/6317\/revisions"}],"wp:attachment":[{"href":"https:\/\/www.suisselab.ch\/fr\/wp-json\/wp\/v2\/media?parent=6317"}],"curies":[{"name":"wp","href":"https:\/\/api.w.org\/{rel}","templated":true}]}}