{"id":1937,"date":"2018-05-01T16:48:49","date_gmt":"2018-05-01T14:48:49","guid":{"rendered":"https:\/\/www.suisselab.ch\/?page_id=1937"},"modified":"2018-07-02T12:02:16","modified_gmt":"2018-07-02T10:02:16","slug":"mentions-legales","status":"publish","type":"page","link":"https:\/\/www.suisselab.ch\/fr\/mentions-legales\/","title":{"rendered":"Mentions l\u00e9gales"},"content":{"rendered":"<div class=\"l-main\">\n<div class=\"l-main-h i-cf\">\n<section class=\"l-section\">\n<div class=\"l-section-h i-cf\">\n<div class=\"l-main\">\n<div class=\"l-main-h i-cf\">\n<section class=\"l-section\">\n<div class=\"l-section-h i-cf\">\n<div class=\"csc-header csc-header-n1\">\n<h1 class=\"csc-firstHeader\">Mentions l\u00e9gales<\/h1>\n<\/div>\n<p>Bien que Suisselab ait r\u00e9dig\u00e9 le contenu de ce site Internet avec soins, elle exclue toute responsabilit\u00e9 concernant l\u2019actualit\u00e9, l\u2019exactitude ou l\u2019int\u00e9gralit\u00e9.<\/p>\n<p>Suisselab rejette toute responsabilit\u00e9 pour d\u2019\u00e9ventuels d\u00e9g\u00e2ts d\u00e9coulant de l\u2019utilisation du pr\u00e9sent site Internet.<\/p>\n<p>Suisselab SA n\u2019a aucune influence sur les contenus et la pr\u00e9sentation des pages reli\u00e9es \u00e0 son site Internet. L\u2019utilisation de liens vers des pages externes est aux risques et p\u00e9rils de l\u2019utilisateur.<\/p>\n<\/div>\n<\/section>\n<\/div>\n<\/div>\n<\/div>\n<\/section>\n<\/div>\n<\/div>\n","protected":false},"excerpt":{"rendered":"<p>Mentions l\u00e9gales Bien que Suisselab ait r\u00e9dig\u00e9 le contenu de ce site Internet avec soins, elle exclue toute responsabilit\u00e9 concernant l\u2019actualit\u00e9, l\u2019exactitude ou l\u2019int\u00e9gralit\u00e9. Suisselab rejette toute responsabilit\u00e9 pour d\u2019\u00e9ventuels d\u00e9g\u00e2ts d\u00e9coulant de l\u2019utilisation du pr\u00e9sent site Internet. Suisselab SA n\u2019a aucune influence sur les contenus et la pr\u00e9sentation des pages reli\u00e9es \u00e0 son site&#8230;<\/p>\n","protected":false},"author":2,"featured_media":0,"parent":0,"menu_order":0,"comment_status":"closed","ping_status":"closed","template":"","meta":{"footnotes":""},"class_list":["post-1937","page","type-page","status-publish","hentry"],"_links":{"self":[{"href":"https:\/\/www.suisselab.ch\/fr\/wp-json\/wp\/v2\/pages\/1937","targetHints":{"allow":["GET"]}}],"collection":[{"href":"https:\/\/www.suisselab.ch\/fr\/wp-json\/wp\/v2\/pages"}],"about":[{"href":"https:\/\/www.suisselab.ch\/fr\/wp-json\/wp\/v2\/types\/page"}],"author":[{"embeddable":true,"href":"https:\/\/www.suisselab.ch\/fr\/wp-json\/wp\/v2\/users\/2"}],"replies":[{"embeddable":true,"href":"https:\/\/www.suisselab.ch\/fr\/wp-json\/wp\/v2\/comments?post=1937"}],"version-history":[{"count":0,"href":"https:\/\/www.suisselab.ch\/fr\/wp-json\/wp\/v2\/pages\/1937\/revisions"}],"wp:attachment":[{"href":"https:\/\/www.suisselab.ch\/fr\/wp-json\/wp\/v2\/media?parent=1937"}],"curies":[{"name":"wp","href":"https:\/\/api.w.org\/{rel}","templated":true}]}}