{"id":1933,"date":"2018-05-01T16:51:54","date_gmt":"2018-05-01T14:51:54","guid":{"rendered":"https:\/\/www.suisselab.ch\/?page_id=1933"},"modified":"2018-07-02T12:00:03","modified_gmt":"2018-07-02T10:00:03","slug":"copyright","status":"publish","type":"page","link":"https:\/\/www.suisselab.ch\/fr\/copyright\/","title":{"rendered":"Copyright"},"content":{"rendered":"<h1>Copyright<\/h1>\n<p>Les droits d\u2019auteur pour les textes et illustrations publi\u00e9es sont d\u00e9tenus par Suisselab.<\/p>\n<p>Le t\u00e9l\u00e9chargement de contenus \u00e0 des fins priv\u00e9es est autoris\u00e9. L\u2019accord de Suisselab est n\u00e9cessaire pour une utilisation commerciale.<\/p>\n<p>&nbsp;<\/p>\n","protected":false},"excerpt":{"rendered":"<p>Copyright Les droits d\u2019auteur pour les textes et illustrations publi\u00e9es sont d\u00e9tenus par Suisselab. Le t\u00e9l\u00e9chargement de contenus \u00e0 des fins priv\u00e9es est autoris\u00e9. L\u2019accord de Suisselab est n\u00e9cessaire pour une utilisation commerciale. &nbsp;<\/p>\n","protected":false},"author":2,"featured_media":0,"parent":0,"menu_order":0,"comment_status":"closed","ping_status":"closed","template":"","meta":{"footnotes":""},"class_list":["post-1933","page","type-page","status-publish","hentry"],"_links":{"self":[{"href":"https:\/\/www.suisselab.ch\/fr\/wp-json\/wp\/v2\/pages\/1933","targetHints":{"allow":["GET"]}}],"collection":[{"href":"https:\/\/www.suisselab.ch\/fr\/wp-json\/wp\/v2\/pages"}],"about":[{"href":"https:\/\/www.suisselab.ch\/fr\/wp-json\/wp\/v2\/types\/page"}],"author":[{"embeddable":true,"href":"https:\/\/www.suisselab.ch\/fr\/wp-json\/wp\/v2\/users\/2"}],"replies":[{"embeddable":true,"href":"https:\/\/www.suisselab.ch\/fr\/wp-json\/wp\/v2\/comments?post=1933"}],"version-history":[{"count":0,"href":"https:\/\/www.suisselab.ch\/fr\/wp-json\/wp\/v2\/pages\/1933\/revisions"}],"wp:attachment":[{"href":"https:\/\/www.suisselab.ch\/fr\/wp-json\/wp\/v2\/media?parent=1933"}],"curies":[{"name":"wp","href":"https:\/\/api.w.org\/{rel}","templated":true}]}}