{"id":11156,"date":"2020-12-15T12:09:01","date_gmt":"2020-12-15T11:09:01","guid":{"rendered":"https:\/\/www.suisselab.ch\/?page_id=11156"},"modified":"2024-12-18T11:30:07","modified_gmt":"2024-12-18T10:30:07","slug":"fromalys","status":"publish","type":"page","link":"https:\/\/www.suisselab.ch\/fr\/dienstleistungen\/fromalys\/","title":{"rendered":"Fromalys"},"content":{"rendered":"<section class=\"l-section wpb_row suisselab-hero-klein height_auto with_img\"><div class=\"l-section-img\" role=\"img\" data-img-width=\"1500\" data-img-height=\"1000\" style=\"background-image: url(https:\/\/www.suisselab.ch\/wp-content\/uploads\/2018\/03\/D5A4137.jpg);background-position: top center;\"><\/div><div class=\"l-section-h i-cf\"><div class=\"g-cols vc_row via_flex valign_bottom type_default stacking_default\"><div class=\"vc_col-sm-12 wpb_column vc_column_container\"><div class=\"vc_column-inner\"><div class=\"wpb_wrapper\"><div class=\"wpb_text_column us_custom_2dba4929 promo\"><div class=\"wpb_wrapper\"><h1>FROMALYS<\/h1>\n<\/div><\/div><\/div><\/div><\/div><\/div><\/div><\/section><section class=\"l-section wpb_row height_auto\"><div class=\"l-section-h i-cf\"><div class=\"g-cols vc_row via_flex valign_top type_default stacking_default\"><div class=\"vc_col-sm-12 wpb_column vc_column_container\"><div class=\"vc_column-inner\"><div class=\"wpb_wrapper\"><div class=\"wpb_text_column us_custom_955e576e promotext\"><div class=\"wpb_wrapper\"><p>Le service FROMALYS sera arr\u00eat\u00e9 fin 2024<\/p>\n<p>La quantification de la kappa-cas\u00e9ine de type B dans le lait de tank permettait d\u2019estimer la fr\u00e9quence de l\u2019all\u00e8le B associ\u00e9 \u00e0 un meilleur rendement fromager dans un troupeau de vaches laiti\u00e8res.<\/p>\n<p>Sur demande, des analyses de la kappa-cas\u00e9ine B peuvent encore \u00eatre effectu\u00e9es sur un grand nombre d\u2019\u00e9chantillons. Le prix est propos\u00e9 individuellement en fonction du travail effectu\u00e9.<\/p>\n<\/div><\/div><\/div><\/div><\/div><\/div><\/div><\/section>\n","protected":false},"excerpt":{"rendered":"FROMALYS Le service FROMALYS sera arr\u00eat\u00e9 fin 2024 La quantification de la kappa-cas\u00e9ine de type B dans le lait de tank permettait d\u2019estimer la fr\u00e9quence de l\u2019all\u00e8le B associ\u00e9 \u00e0 un meilleur rendement fromager dans un troupeau de vaches laiti\u00e8res. Sur demande, des analyses de la kappa-cas\u00e9ine B peuvent encore \u00eatre effectu\u00e9es sur un grand...","protected":false},"author":14,"featured_media":0,"parent":1014,"menu_order":0,"comment_status":"closed","ping_status":"closed","template":"","meta":{"footnotes":""},"class_list":["post-11156","page","type-page","status-publish","hentry"],"_links":{"self":[{"href":"https:\/\/www.suisselab.ch\/fr\/wp-json\/wp\/v2\/pages\/11156","targetHints":{"allow":["GET"]}}],"collection":[{"href":"https:\/\/www.suisselab.ch\/fr\/wp-json\/wp\/v2\/pages"}],"about":[{"href":"https:\/\/www.suisselab.ch\/fr\/wp-json\/wp\/v2\/types\/page"}],"author":[{"embeddable":true,"href":"https:\/\/www.suisselab.ch\/fr\/wp-json\/wp\/v2\/users\/14"}],"replies":[{"embeddable":true,"href":"https:\/\/www.suisselab.ch\/fr\/wp-json\/wp\/v2\/comments?post=11156"}],"version-history":[{"count":0,"href":"https:\/\/www.suisselab.ch\/fr\/wp-json\/wp\/v2\/pages\/11156\/revisions"}],"up":[{"embeddable":true,"href":"https:\/\/www.suisselab.ch\/fr\/wp-json\/wp\/v2\/pages\/1014"}],"wp:attachment":[{"href":"https:\/\/www.suisselab.ch\/fr\/wp-json\/wp\/v2\/media?parent=11156"}],"curies":[{"name":"wp","href":"https:\/\/api.w.org\/{rel}","templated":true}]}}