{"id":1061,"date":"2018-04-27T11:16:36","date_gmt":"2018-04-27T09:16:36","guid":{"rendered":"https:\/\/www.suisselab.ch\/?page_id=1061"},"modified":"2025-06-18T13:38:54","modified_gmt":"2025-06-18T11:38:54","slug":"entreprise","status":"publish","type":"page","link":"https:\/\/www.suisselab.ch\/fr\/notre-entreprise\/entreprise\/","title":{"rendered":"Entreprise"},"content":{"rendered":"<section class=\"l-section wpb_row suisselab-hero-klein height_auto with_img\"><div class=\"l-section-img\" role=\"img\" data-img-width=\"1500\" data-img-height=\"1000\" style=\"background-image: url(https:\/\/www.suisselab.ch\/wp-content\/uploads\/2018\/04\/D5A3346.jpg);\"><\/div><div class=\"l-section-h i-cf\"><div class=\"g-cols vc_row via_flex valign_bottom type_default stacking_default\"><div class=\"vc_col-sm-12 wpb_column vc_column_container\"><div class=\"vc_column-inner\"><div class=\"wpb_wrapper\"><div class=\"wpb_text_column us_custom_2dba4929 promo\"><div class=\"wpb_wrapper\"><h1>Entreprise<\/h1>\n<\/div><\/div><\/div><\/div><\/div><\/div><\/div><\/section><section class=\"l-section wpb_row height_medium\"><div class=\"l-section-h i-cf\"><div class=\"g-cols vc_row via_flex valign_top type_default stacking_default\"><div class=\"vc_col-sm-8 wpb_column vc_column_container\"><div class=\"vc_column-inner\"><div class=\"wpb_wrapper\"><div class=\"wpb_text_column haupttext\"><div class=\"wpb_wrapper\"><h2>Suisselab SA<\/h2>\n<p><strong>Suisselab SA est un centre de comp\u00e9tence analytique en mati\u00e8re d\u2019analyses de lait et de diagnostic v\u00e9t\u00e9rinaire. La palette de ses prestations de service va des petits mandats d\u2019entreprises individuelles jusqu\u2019aux programmes collectifs couvrant toute la Suisse. Notre but est de fournir des analyses irr\u00e9prochables et r\u00e9pondant aux besoins \u00e0 des conditions int\u00e9ressantes.<\/strong><\/p>\n<p>Suisselab SA a \u00e9t\u00e9 fond\u00e9e en novembre 2006 par les f\u00e9d\u00e9rations d\u2019\u00e9levage. Au d\u00e9but, l\u2019entreprise effectuait l\u2019\u00e9preuve de productivit\u00e9 laiti\u00e8re pour la F\u00e9d\u00e9ration suisse d\u2019\u00e9levage de la tachet\u00e9e rouge (swissherdbook aujourd\u2019hui) et ex\u00e9cutait le contr\u00f4le du lait sur mandat de toute la branche laiti\u00e8re. Suisselab SA r\u00e9alise aujourd\u2019hui les deux programmes dans toute la Suisse. Apr\u00e8s sa fondation, Suisselab a pu rapidement \u00e9largir sa palette de prestations et de programmes d\u2019analyses, de sorte \u00e0 devenir un centre de comp\u00e9tence national en mati\u00e8re d\u2019analyses de lait.<\/p>\n<h2>Notre ligne directrice<\/h2>\n<p>La ligne directrice constitue la base de notre activit\u00e9 et de la planification de l\u2019avenir. Elle donne la direction \u00e0 suivre tel un panneau indicateur. La ligne directrice montre \u00e0 l\u2019interne et \u00e0 l\u2019externe le positionnement de l\u2019entreprise au pr\u00e9sent et \u00e0 l\u2019avenir.<\/p>\n<a class=\"download-link filetype-icon filetype-pdf\"\n   title=\"\" href=\"https:\/\/www.suisselab.ch\/fr\/download\/plan-directeur\/?tmstv=1776610543\" rel=\"nofollow\">\n\tPlan directeur<\/a>\n<h2>Accr\u00e9ditation<\/h2>\n<p>Suisselab SA est un laboratoire accr\u00e9dit\u00e9 selon EN ISO 17025 par le Service d\u2019accr\u00e9ditation suisse (SAS).<\/p>\n<p>Les m\u00e9thodes sont conformes aux exigences des normes ISO, de la l\u00e9gislation suisses, du groupe de travail pour la promotion de la sant\u00e9 du pis et de l\u2019hygi\u00e8ne du lait dans les pays alpins (AFEMA), de l\u2019International Dairy Federation (IDF) et de l\u2019International Committee for Animal Recording (ICAR).<\/p>\n<p>Le champ d\u2019application fix\u00e9 dans le registre STS est celui d\u2019un organisme de contr\u00f4le pour les analyses de lait et le diagnostic v\u00e9t\u00e9rinaire STS 235.<\/p>\n<h2>Propri\u00e9t\u00e9<\/h2>\n<p>L\u2019entreprise appartient aujourd\u2019hui \u00e0 hauteur de 100% aux f\u00e9d\u00e9rations d\u2019\u00e9levage <a href=\"https:\/\/www.swissherdbook.ch\/\" target=\"_blank\" rel=\"noopener noreferrer\">swissherdbook<\/a>, <a href=\"https:\/\/www.braunvieh.ch\/\" target=\"_blank\" rel=\"noopener noreferrer\">Braunvieh Schweiz<\/a> et <a href=\"https:\/\/www.holstein.ch\/\" target=\"_blank\" rel=\"noopener noreferrer\">Holstein Switzerland<\/a>.\u00a0<del><\/del><\/p>\n<\/div><\/div><div class=\"w-separator size_custom\" style=\"height:32px\"><\/div><\/div><\/div><\/div><div class=\"vc_col-sm-4 wpb_column vc_column_container\"><div class=\"vc_column-inner\"><div class=\"wpb_wrapper\"><div class=\"wpb_text_column\"><div class=\"wpb_wrapper\"><h2>Organigramme<\/h2>\n<p>Notre Organigramme<br \/>\n<a class=\"download-link filetype-icon filetype-pdf\"\n   title=\"\" href=\"https:\/\/www.suisselab.ch\/fr\/download\/organigramme-2\/?tmstv=1776610543\" rel=\"nofollow\">\n\tOrganigramme<\/a><\/p>\n<\/div><\/div><div class=\"wpb_text_column\"><div class=\"wpb_wrapper\"><h2>Rapport de gestion 2024<\/h2>\n<a class=\"download-link filetype-icon filetype-pdf\"\n   title=\"\" href=\"https:\/\/www.suisselab.ch\/fr\/download\/rapport-de-gestion-2018\/?tmstv=1776610543\" rel=\"nofollow\">\n\tRapport de gestion 2024<\/a>\n<\/div><\/div><\/div><\/div><\/div><\/div><\/div><\/section>\n","protected":false},"excerpt":{"rendered":"Entreprise Suisselab SA Suisselab SA est un centre de comp\u00e9tence analytique en mati\u00e8re d\u2019analyses de lait et de diagnostic v\u00e9t\u00e9rinaire. La palette de ses prestations de service va des petits mandats d\u2019entreprises individuelles jusqu\u2019aux programmes collectifs couvrant toute la Suisse. Notre but est de fournir des analyses irr\u00e9prochables et r\u00e9pondant aux besoins \u00e0 des conditions...","protected":false},"author":2,"featured_media":0,"parent":1043,"menu_order":0,"comment_status":"closed","ping_status":"closed","template":"","meta":{"footnotes":""},"class_list":["post-1061","page","type-page","status-publish","hentry"],"_links":{"self":[{"href":"https:\/\/www.suisselab.ch\/fr\/wp-json\/wp\/v2\/pages\/1061","targetHints":{"allow":["GET"]}}],"collection":[{"href":"https:\/\/www.suisselab.ch\/fr\/wp-json\/wp\/v2\/pages"}],"about":[{"href":"https:\/\/www.suisselab.ch\/fr\/wp-json\/wp\/v2\/types\/page"}],"author":[{"embeddable":true,"href":"https:\/\/www.suisselab.ch\/fr\/wp-json\/wp\/v2\/users\/2"}],"replies":[{"embeddable":true,"href":"https:\/\/www.suisselab.ch\/fr\/wp-json\/wp\/v2\/comments?post=1061"}],"version-history":[{"count":0,"href":"https:\/\/www.suisselab.ch\/fr\/wp-json\/wp\/v2\/pages\/1061\/revisions"}],"up":[{"embeddable":true,"href":"https:\/\/www.suisselab.ch\/fr\/wp-json\/wp\/v2\/pages\/1043"}],"wp:attachment":[{"href":"https:\/\/www.suisselab.ch\/fr\/wp-json\/wp\/v2\/media?parent=1061"}],"curies":[{"name":"wp","href":"https:\/\/api.w.org\/{rel}","templated":true}]}}