{"id":1049,"date":"2020-10-15T07:42:17","date_gmt":"2020-10-15T05:42:17","guid":{"rendered":"https:\/\/www.suisselab.ch\/?page_id=1049"},"modified":"2026-04-10T14:47:13","modified_gmt":"2026-04-10T12:47:13","slug":"postes-vacants","status":"publish","type":"page","link":"https:\/\/www.suisselab.ch\/fr\/notre-entreprise\/postes-vacants\/","title":{"rendered":"Postes vacants"},"content":{"rendered":"<section class=\"l-section wpb_row suisselab-hero-klein height_auto with_img\"><div class=\"l-section-img\" role=\"img\" data-img-width=\"1500\" data-img-height=\"1000\" style=\"background-image: url(https:\/\/www.suisselab.ch\/wp-content\/uploads\/2018\/04\/D5A3346.jpg);\"><\/div><div class=\"l-section-h i-cf\"><div class=\"g-cols vc_row via_flex valign_bottom type_default stacking_default\"><div class=\"vc_col-sm-12 wpb_column vc_column_container\"><div class=\"vc_column-inner\"><div class=\"wpb_wrapper\"><div class=\"wpb_text_column us_custom_2dba4929 promo\"><div class=\"wpb_wrapper\"><h1>Postes vacants<\/h1>\n<\/div><\/div><\/div><\/div><\/div><\/div><\/div><\/section><section class=\"l-section wpb_row height_medium\"><div class=\"l-section-h i-cf\"><div class=\"g-cols vc_row via_flex valign_top type_default stacking_default\"><div class=\"vc_col-sm-8 wpb_column vc_column_container\"><div class=\"vc_column-inner\"><div class=\"wpb_wrapper\"><div class=\"wpb_text_column haupttext\"><div class=\"wpb_wrapper\"><h2>Postes vacants<\/h2>\n<p>Merci de vous int\u00e9resser \u00e0 Suisselab. Aucun poste n\u2019est vacant pour le moment. Nous recevrons avec plaisir votre candidature spontan\u00e9e.<\/p>\n<p>Veuillez l\u2019adresser \u00e0\u00a0: <a href=\"#\">petra.neff@suisselab.ch<\/a><\/p>\n<\/div><\/div><div class=\"w-separator size_custom\" style=\"height:32px\"><\/div><\/div><\/div><\/div><div class=\"vc_col-sm-4 wpb_column vc_column_container\"><div class=\"vc_column-inner\"><div class=\"wpb_wrapper\"><div class=\"wpb_text_column\"><div class=\"wpb_wrapper\"><h2>Contact<\/h2>\n<\/div><\/div><div class=\"wpb_text_column\"><div class=\"wpb_wrapper\"><h3>Petra Neff<\/h3>\n<p>Responsable du service du personnel<br \/>\n031 919 33 93<br \/>\n<a href=\"mailto:manuela.rufer@suisselab.ch\">Courriel<\/a><\/p>\n<\/div><\/div><\/div><\/div><\/div><\/div><\/div><\/section><section class=\"l-section wpb_row height_medium\"><div class=\"l-section-h i-cf\"><div class=\"g-cols vc_row via_flex valign_top type_default stacking_default\"><div class=\"vc_col-sm-8 wpb_column vc_column_container\"><div class=\"vc_column-inner\"><div class=\"wpb_wrapper\"><div class=\"wpb_text_column haupttext\"><div class=\"wpb_wrapper\"><h2>Suisselab SA<\/h2>\n<p>Suisselab SA est un centre de comp\u00e9tence analytique en mati\u00e8re d\u2019analyses de lait et de diagnostic v\u00e9t\u00e9rinaire. La palette de ses prestations de service va des petits mandats d\u2019entreprises individuelles jusqu\u2019aux programmes collectifs couvrant toute la Suisse. Notre but est de fournir des analyses irr\u00e9prochables et r\u00e9pondant aux besoins \u00e0 des conditions int\u00e9ressantes.<br \/>\n<a href=\"https:\/\/www.suisselab.ch\/fr\/notre-entreprise\/entreprise\/\">Entreprise<\/a><\/p>\n<h2>Notre ligne directrice<\/h2>\n<p>La ligne directrice constitue la base de notre activit\u00e9 et de la planification de l\u2019avenir. Elle donne la direction \u00e0 suivre tel un panneau indicateur. La ligne directrice montre \u00e0 l\u2019interne et \u00e0 l\u2019externe le positionnement de l\u2019entreprise au pr\u00e9sent et \u00e0 l\u2019avenir.<\/p>\n<a class=\"download-link filetype-icon filetype-pdf\"\n   title=\"\" href=\"https:\/\/www.suisselab.ch\/fr\/download\/plan-directeur\/?tmstv=1777908866\" rel=\"nofollow\">\n\tPlan directeur<\/a>\n<\/div><\/div><div class=\"w-separator size_custom\" style=\"height:32px\"><\/div><\/div><\/div><\/div><\/div><\/div><\/section>\n","protected":false},"excerpt":{"rendered":"Postes vacants Postes vacants Merci de vous int\u00e9resser \u00e0 Suisselab. Aucun poste n\u2019est vacant pour le moment. Nous recevrons avec plaisir votre candidature spontan\u00e9e. Veuillez l\u2019adresser \u00e0\u00a0: petra.neff@suisselab.ch Contact Petra Neff Responsable du service du personnel 031 919 33 93 Courriel Suisselab SA Suisselab SA est un centre de comp\u00e9tence analytique en mati\u00e8re d\u2019analyses de...","protected":false},"author":2,"featured_media":0,"parent":1043,"menu_order":0,"comment_status":"closed","ping_status":"closed","template":"","meta":{"footnotes":""},"class_list":["post-1049","page","type-page","status-publish","hentry"],"_links":{"self":[{"href":"https:\/\/www.suisselab.ch\/fr\/wp-json\/wp\/v2\/pages\/1049","targetHints":{"allow":["GET"]}}],"collection":[{"href":"https:\/\/www.suisselab.ch\/fr\/wp-json\/wp\/v2\/pages"}],"about":[{"href":"https:\/\/www.suisselab.ch\/fr\/wp-json\/wp\/v2\/types\/page"}],"author":[{"embeddable":true,"href":"https:\/\/www.suisselab.ch\/fr\/wp-json\/wp\/v2\/users\/2"}],"replies":[{"embeddable":true,"href":"https:\/\/www.suisselab.ch\/fr\/wp-json\/wp\/v2\/comments?post=1049"}],"version-history":[{"count":4,"href":"https:\/\/www.suisselab.ch\/fr\/wp-json\/wp\/v2\/pages\/1049\/revisions"}],"predecessor-version":[{"id":23971,"href":"https:\/\/www.suisselab.ch\/fr\/wp-json\/wp\/v2\/pages\/1049\/revisions\/23971"}],"up":[{"embeddable":true,"href":"https:\/\/www.suisselab.ch\/fr\/wp-json\/wp\/v2\/pages\/1043"}],"wp:attachment":[{"href":"https:\/\/www.suisselab.ch\/fr\/wp-json\/wp\/v2\/media?parent=1049"}],"curies":[{"name":"wp","href":"https:\/\/api.w.org\/{rel}","templated":true}]}}