{"id":1047,"date":"2018-04-10T10:58:14","date_gmt":"2018-04-10T08:58:14","guid":{"rendered":"https:\/\/www.suisselab.ch\/?page_id=1047"},"modified":"2025-02-10T08:57:48","modified_gmt":"2025-02-10T07:57:48","slug":"direction","status":"publish","type":"page","link":"https:\/\/www.suisselab.ch\/fr\/notre-entreprise\/direction\/","title":{"rendered":"Direction"},"content":{"rendered":"<section class=\"l-section wpb_row suisselab-hero-klein height_auto with_img\"><div class=\"l-section-img\" role=\"img\" data-img-width=\"1500\" data-img-height=\"1000\" style=\"background-image: url(https:\/\/www.suisselab.ch\/wp-content\/uploads\/2018\/04\/D5A3346.jpg);background-position: top center;\"><\/div><div class=\"l-section-h i-cf\"><div class=\"g-cols vc_row via_flex valign_bottom type_default stacking_default\"><div class=\"vc_col-sm-12 wpb_column vc_column_container\"><div class=\"vc_column-inner\"><div class=\"wpb_wrapper\"><div class=\"wpb_text_column us_custom_2dba4929 promo\"><div class=\"wpb_wrapper\"><h1>Direction<\/h1>\n<\/div><\/div><\/div><\/div><\/div><\/div><\/div><\/section><section class=\"l-section wpb_row height_medium\"><div class=\"l-section-h i-cf\"><div class=\"g-cols vc_row via_flex valign_top type_default stacking_default\"><div class=\"vc_col-sm-12 wpb_column vc_column_container\"><div class=\"vc_column-inner\"><div class=\"wpb_wrapper\"><div class=\"w-tabs layout_hor style_default switch_click has_scrolling\" style=\"--sections-title-size:24px\"><div class=\"w-tabs-list items_2 align_justify\"><div class=\"w-tabs-list-h\"><button class=\"w-tabs-item active defined-active\" aria-controls=\"content-j5b6\" aria-expanded=\"true\"><span class=\"w-tabs-item-title\">Direction op\u00e9rationnelle<\/span><\/button><button class=\"w-tabs-item\" aria-controls=\"content-n87a\" aria-expanded=\"false\"><span class=\"w-tabs-item-title\">Conseil d\u2019administration<\/span><\/button><\/div><\/div><div class=\"w-tabs-sections titles-align_none icon_chevron cpos_right\"><div class=\"w-tabs-section active\" id=\"j5b6\"><button class=\"w-tabs-section-header active\" aria-controls=\"content-j5b6\" aria-expanded=\"true\"><div class=\"w-tabs-section-title\">Direction op\u00e9rationnelle<\/div><div class=\"w-tabs-section-control\"><\/div><\/button><div  class=\"w-tabs-section-content\" id=\"content-j5b6\"><div class=\"w-tabs-section-content-h i-cf\"><div class=\"g-cols wpb_row via_flex valign_top type_default stacking_default\"><div class=\"vc_col-sm-4 wpb_column vc_column_container\"><div class=\"vc_column-inner\"><div class=\"wpb_wrapper\"><div class=\"w-person layout_simple_circle\" itemscope itemtype=\"https:\/\/schema.org\/Person\"><div class=\"w-person-image\"><img loading=\"lazy\" decoding=\"async\" width=\"350\" height=\"350\" src=\"https:\/\/www.suisselab.ch\/wp-content\/uploads\/2020\/11\/Beck_Christian_1-350x350.jpg\" class=\"attachment-us_350_350_crop size-us_350_350_crop\" alt=\"\" srcset=\"https:\/\/www.suisselab.ch\/wp-content\/uploads\/2020\/11\/Beck_Christian_1-350x350.jpg 350w, https:\/\/www.suisselab.ch\/wp-content\/uploads\/2020\/11\/Beck_Christian_1-150x150.jpg 150w, https:\/\/www.suisselab.ch\/wp-content\/uploads\/2020\/11\/Beck_Christian_1-600x600.jpg 600w, https:\/\/www.suisselab.ch\/wp-content\/uploads\/2020\/11\/Beck_Christian_1-100x100.jpg 100w\" sizes=\"auto, (max-width: 350px) 100vw, 350px\" \/><\/div><div class=\"w-person-content\"><\/div><\/div><\/div><\/div><\/div><div class=\"vc_col-sm-8 wpb_column vc_column_container\"><div class=\"vc_column-inner\"><div class=\"wpb_wrapper\"><div class=\"wpb_text_column\"><div class=\"wpb_wrapper\"><p><strong>Christian Beck<br \/>\n<\/strong>Directeur<br \/>\n<a href=\"mailto:christian.beck@suisselab.ch\">Courriel<\/a><\/p>\n<\/div><\/div><\/div><\/div><\/div><\/div><div class=\"g-cols wpb_row via_flex valign_top type_default stacking_default\"><div class=\"vc_col-sm-4 wpb_column vc_column_container\"><div class=\"vc_column-inner\"><div class=\"wpb_wrapper\"><div class=\"w-person layout_simple_circle\" itemscope itemtype=\"https:\/\/schema.org\/Person\"><div class=\"w-person-image\"><img loading=\"lazy\" decoding=\"async\" width=\"900\" height=\"900\" src=\"https:\/\/www.suisselab.ch\/wp-content\/uploads\/2018\/04\/Daniel_Glauser_1.jpg\" class=\"attachment-large size-large\" alt=\"\" srcset=\"https:\/\/www.suisselab.ch\/wp-content\/uploads\/2018\/04\/Daniel_Glauser_1.jpg 900w, https:\/\/www.suisselab.ch\/wp-content\/uploads\/2018\/04\/Daniel_Glauser_1-150x150.jpg 150w, https:\/\/www.suisselab.ch\/wp-content\/uploads\/2018\/04\/Daniel_Glauser_1-600x600.jpg 600w, https:\/\/www.suisselab.ch\/wp-content\/uploads\/2018\/04\/Daniel_Glauser_1-300x300.jpg 300w, https:\/\/www.suisselab.ch\/wp-content\/uploads\/2018\/04\/Daniel_Glauser_1-768x768.jpg 768w, https:\/\/www.suisselab.ch\/wp-content\/uploads\/2018\/04\/Daniel_Glauser_1-350x350.jpg 350w, https:\/\/www.suisselab.ch\/wp-content\/uploads\/2018\/04\/Daniel_Glauser_1-100x100.jpg 100w\" sizes=\"auto, (max-width: 900px) 100vw, 900px\" \/><\/div><div class=\"w-person-content\"><\/div><\/div><\/div><\/div><\/div><div class=\"vc_col-sm-8 wpb_column vc_column_container\"><div class=\"vc_column-inner\"><div class=\"wpb_wrapper\"><div class=\"wpb_text_column\"><div class=\"wpb_wrapper\"><p><strong>Daniel Glauser<br \/>\n<\/strong>Dr. med. vet. FVH, Ph.D.<br \/>\nResponsable du laboratoire de diagnostic v\u00e9t\u00e9rinaire<br \/>\nDirecteur adjoint<br \/>\n<a href=\"mailto:daniel.glauser@suisselab.ch\">Courriel<\/a><\/p>\n<\/div><\/div><\/div><\/div><\/div><\/div><div class=\"g-cols wpb_row via_flex valign_top type_default stacking_default\"><div class=\"vc_col-sm-4 wpb_column vc_column_container\"><div class=\"vc_column-inner\"><div class=\"wpb_wrapper\"><div class=\"w-person layout_simple_circle\" itemscope itemtype=\"https:\/\/schema.org\/Person\"><div class=\"w-person-image\"><img loading=\"lazy\" decoding=\"async\" width=\"350\" height=\"350\" src=\"https:\/\/www.suisselab.ch\/wp-content\/uploads\/2020\/01\/D5A1039_lowres2-350x350.jpg\" class=\"attachment-us_350_350_crop size-us_350_350_crop\" alt=\"\" srcset=\"https:\/\/www.suisselab.ch\/wp-content\/uploads\/2020\/01\/D5A1039_lowres2-350x350.jpg 350w, https:\/\/www.suisselab.ch\/wp-content\/uploads\/2020\/01\/D5A1039_lowres2-150x150.jpg 150w, https:\/\/www.suisselab.ch\/wp-content\/uploads\/2020\/01\/D5A1039_lowres2-600x600.jpg 600w, https:\/\/www.suisselab.ch\/wp-content\/uploads\/2020\/01\/D5A1039_lowres2-100x100.jpg 100w\" sizes=\"auto, (max-width: 350px) 100vw, 350px\" \/><\/div><div class=\"w-person-content\"><\/div><\/div><\/div><\/div><\/div><div class=\"vc_col-sm-8 wpb_column vc_column_container\"><div class=\"vc_column-inner\"><div class=\"wpb_wrapper\"><div class=\"wpb_text_column\"><div class=\"wpb_wrapper\"><p><strong>Laurence Jungo<br \/>\n<\/strong>Responsable de la gestion de la qualit\u00e9<br \/>\nBusiness Development<br \/>\n<a href=\"mailto:laurence.jungo@suisselab.ch\">Courriel<\/a><\/p>\n<\/div><\/div><\/div><\/div><\/div><\/div><div class=\"g-cols wpb_row via_flex valign_top type_default stacking_default\"><div class=\"vc_col-sm-4 wpb_column vc_column_container\"><div class=\"vc_column-inner\"><div class=\"wpb_wrapper\"><div class=\"w-person layout_simple_circle\" itemscope itemtype=\"https:\/\/schema.org\/Person\"><div class=\"w-person-image\"><img loading=\"lazy\" decoding=\"async\" width=\"350\" height=\"350\" src=\"https:\/\/www.suisselab.ch\/wp-content\/uploads\/2023\/03\/UF_6968_highres_lowres-1-350x350.jpg\" class=\"attachment-us_350_350_crop size-us_350_350_crop\" alt=\"\" srcset=\"https:\/\/www.suisselab.ch\/wp-content\/uploads\/2023\/03\/UF_6968_highres_lowres-1-350x350.jpg 350w, https:\/\/www.suisselab.ch\/wp-content\/uploads\/2023\/03\/UF_6968_highres_lowres-1-150x150.jpg 150w, https:\/\/www.suisselab.ch\/wp-content\/uploads\/2023\/03\/UF_6968_highres_lowres-1-600x600.jpg 600w, https:\/\/www.suisselab.ch\/wp-content\/uploads\/2023\/03\/UF_6968_highres_lowres-1-100x100.jpg 100w\" sizes=\"auto, (max-width: 350px) 100vw, 350px\" \/><\/div><div class=\"w-person-content\"><\/div><\/div><\/div><\/div><\/div><div class=\"vc_col-sm-8 wpb_column vc_column_container\"><div class=\"vc_column-inner\"><div class=\"wpb_wrapper\"><div class=\"wpb_text_column\"><div class=\"wpb_wrapper\"><p><strong>Paolo Caldini<br \/>\n<\/strong>Responsable du secteur logistique<br \/>\n<a href=\"mailto:paolo.caldini@suisselab.ch\">Courriel<\/a><\/p>\n<\/div><\/div><\/div><\/div><\/div><\/div><div class=\"g-cols wpb_row via_flex valign_top type_default stacking_default\"><div class=\"vc_col-sm-4 wpb_column vc_column_container\"><div class=\"vc_column-inner\"><div class=\"wpb_wrapper\"><div class=\"w-person layout_simple_circle\" itemscope itemtype=\"https:\/\/schema.org\/Person\"><div class=\"w-person-image\"><img loading=\"lazy\" decoding=\"async\" width=\"900\" height=\"900\" src=\"https:\/\/www.suisselab.ch\/wp-content\/uploads\/2018\/04\/Matthias_Houmard.jpg\" class=\"attachment-large size-large\" alt=\"\" srcset=\"https:\/\/www.suisselab.ch\/wp-content\/uploads\/2018\/04\/Matthias_Houmard.jpg 900w, https:\/\/www.suisselab.ch\/wp-content\/uploads\/2018\/04\/Matthias_Houmard-150x150.jpg 150w, https:\/\/www.suisselab.ch\/wp-content\/uploads\/2018\/04\/Matthias_Houmard-600x600.jpg 600w, https:\/\/www.suisselab.ch\/wp-content\/uploads\/2018\/04\/Matthias_Houmard-300x300.jpg 300w, https:\/\/www.suisselab.ch\/wp-content\/uploads\/2018\/04\/Matthias_Houmard-768x768.jpg 768w, https:\/\/www.suisselab.ch\/wp-content\/uploads\/2018\/04\/Matthias_Houmard-350x350.jpg 350w, https:\/\/www.suisselab.ch\/wp-content\/uploads\/2018\/04\/Matthias_Houmard-100x100.jpg 100w\" sizes=\"auto, (max-width: 900px) 100vw, 900px\" \/><\/div><div class=\"w-person-content\"><\/div><\/div><\/div><\/div><\/div><div class=\"vc_col-sm-8 wpb_column vc_column_container\"><div class=\"vc_column-inner\"><div class=\"wpb_wrapper\"><div class=\"wpb_text_column\"><div class=\"wpb_wrapper\"><p><strong>Matthias Houmard<br \/>\n<\/strong>Responsable du secteur informatique<br \/>\n<a href=\"mailto:matthias.houmard@suisselab.ch\">Courriel<\/a><\/p>\n<\/div><\/div><\/div><\/div><\/div><\/div><\/div><\/div><\/div><div class=\"w-tabs-section\" id=\"n87a\"><button class=\"w-tabs-section-header\" aria-controls=\"content-n87a\" aria-expanded=\"false\"><div class=\"w-tabs-section-title\">Conseil d\u2019administration<\/div><div class=\"w-tabs-section-control\"><\/div><\/button><div  class=\"w-tabs-section-content\" id=\"content-n87a\"><div class=\"w-tabs-section-content-h i-cf\"><div class=\"g-cols wpb_row via_flex valign_top type_default stacking_default\"><div class=\"vc_col-sm-4 wpb_column vc_column_container\"><div class=\"vc_column-inner\"><div class=\"wpb_wrapper\"><div class=\"w-person layout_simple_circle\" itemscope itemtype=\"https:\/\/schema.org\/Person\"><div class=\"w-person-image\"><img loading=\"lazy\" decoding=\"async\" width=\"960\" height=\"960\" src=\"https:\/\/www.suisselab.ch\/wp-content\/uploads\/2018\/05\/D5A2546_lowres.jpg\" class=\"attachment-large size-large\" alt=\"\" srcset=\"https:\/\/www.suisselab.ch\/wp-content\/uploads\/2018\/05\/D5A2546_lowres.jpg 1000w, https:\/\/www.suisselab.ch\/wp-content\/uploads\/2018\/05\/D5A2546_lowres-150x150.jpg 150w, https:\/\/www.suisselab.ch\/wp-content\/uploads\/2018\/05\/D5A2546_lowres-600x600.jpg 600w, https:\/\/www.suisselab.ch\/wp-content\/uploads\/2018\/05\/D5A2546_lowres-300x300.jpg 300w, https:\/\/www.suisselab.ch\/wp-content\/uploads\/2018\/05\/D5A2546_lowres-768x768.jpg 768w, https:\/\/www.suisselab.ch\/wp-content\/uploads\/2018\/05\/D5A2546_lowres-350x350.jpg 350w, https:\/\/www.suisselab.ch\/wp-content\/uploads\/2018\/05\/D5A2546_lowres-100x100.jpg 100w\" sizes=\"auto, (max-width: 960px) 100vw, 960px\" \/><\/div><div class=\"w-person-content\"><\/div><\/div><\/div><\/div><\/div><div class=\"vc_col-sm-8 wpb_column vc_column_container\"><div class=\"vc_column-inner\"><div class=\"wpb_wrapper\"><div class=\"wpb_text_column\"><div class=\"wpb_wrapper\"><p><strong>Markus Gerber<\/strong><br \/>\nPr\u00e9sident, swissherdbook<\/p>\n<\/div><\/div><\/div><\/div><\/div><\/div><div class=\"g-cols wpb_row via_flex valign_top type_default stacking_default\"><div class=\"vc_col-sm-4 wpb_column vc_column_container\"><div class=\"vc_column-inner\"><div class=\"wpb_wrapper\"><div class=\"w-person layout_simple_circle\" itemscope itemtype=\"https:\/\/schema.org\/Person\"><div class=\"w-person-image\"><img loading=\"lazy\" decoding=\"async\" width=\"300\" height=\"300\" src=\"https:\/\/www.suisselab.ch\/wp-content\/uploads\/2018\/11\/D5A7804_highres_red-e1543318476462-300x300.jpg\" class=\"attachment-medium size-medium\" alt=\"\" srcset=\"https:\/\/www.suisselab.ch\/wp-content\/uploads\/2018\/11\/D5A7804_highres_red-e1543318476462-300x300.jpg 300w, https:\/\/www.suisselab.ch\/wp-content\/uploads\/2018\/11\/D5A7804_highres_red-e1543318476462-150x150.jpg 150w, https:\/\/www.suisselab.ch\/wp-content\/uploads\/2018\/11\/D5A7804_highres_red-e1543318476462-600x600.jpg 600w, https:\/\/www.suisselab.ch\/wp-content\/uploads\/2018\/11\/D5A7804_highres_red-e1543318476462-350x350.jpg 350w, https:\/\/www.suisselab.ch\/wp-content\/uploads\/2018\/11\/D5A7804_highres_red-e1543318476462-100x100.jpg 100w, https:\/\/www.suisselab.ch\/wp-content\/uploads\/2018\/11\/D5A7804_highres_red-e1543318476462.jpg 698w\" sizes=\"auto, (max-width: 300px) 100vw, 300px\" \/><\/div><div class=\"w-person-content\"><\/div><\/div><\/div><\/div><\/div><div class=\"vc_col-sm-8 wpb_column vc_column_container\"><div class=\"vc_column-inner\"><div class=\"wpb_wrapper\"><div class=\"wpb_text_column\"><div class=\"wpb_wrapper\"><p><strong>Hans Aebischer<\/strong><br \/>\nVice-pr\u00e9sident, Holstein Switzerland<\/p>\n<\/div><\/div><\/div><\/div><\/div><\/div><div class=\"g-cols wpb_row via_flex valign_top type_default stacking_default\"><div class=\"vc_col-sm-4 wpb_column vc_column_container\"><div class=\"vc_column-inner\"><div class=\"wpb_wrapper\"><div class=\"w-person layout_simple_circle\" itemscope itemtype=\"https:\/\/schema.org\/Person\"><div class=\"w-person-image\"><img loading=\"lazy\" decoding=\"async\" width=\"350\" height=\"350\" src=\"https:\/\/www.suisselab.ch\/wp-content\/uploads\/2025\/01\/UF_2230_highres-350x350.jpg\" class=\"attachment-us_350_350_crop size-us_350_350_crop\" alt=\"\" srcset=\"https:\/\/www.suisselab.ch\/wp-content\/uploads\/2025\/01\/UF_2230_highres-350x350.jpg 350w, https:\/\/www.suisselab.ch\/wp-content\/uploads\/2025\/01\/UF_2230_highres-150x150.jpg 150w, https:\/\/www.suisselab.ch\/wp-content\/uploads\/2025\/01\/UF_2230_highres-600x600.jpg 600w\" sizes=\"auto, (max-width: 350px) 100vw, 350px\" \/><\/div><div class=\"w-person-content\"><\/div><\/div><\/div><\/div><\/div><div class=\"vc_col-sm-8 wpb_column vc_column_container\"><div class=\"vc_column-inner\"><div class=\"wpb_wrapper\"><div class=\"wpb_text_column\"><div class=\"wpb_wrapper\"><p><strong>Thomas Elmiger<\/strong><br \/>\nBraunvieh Schweiz<\/p>\n<\/div><\/div><\/div><\/div><\/div><\/div><div class=\"g-cols wpb_row via_flex valign_top type_default stacking_default\"><div class=\"vc_col-sm-4 wpb_column vc_column_container\"><div class=\"vc_column-inner\"><div class=\"wpb_wrapper\"><div class=\"w-person layout_simple_circle\" itemscope itemtype=\"https:\/\/schema.org\/Person\"><div class=\"w-person-image\"><img loading=\"lazy\" decoding=\"async\" width=\"960\" height=\"960\" src=\"https:\/\/www.suisselab.ch\/wp-content\/uploads\/2018\/05\/D5A2543_lowres.jpg\" class=\"attachment-large size-large\" alt=\"\" srcset=\"https:\/\/www.suisselab.ch\/wp-content\/uploads\/2018\/05\/D5A2543_lowres.jpg 1000w, https:\/\/www.suisselab.ch\/wp-content\/uploads\/2018\/05\/D5A2543_lowres-150x150.jpg 150w, https:\/\/www.suisselab.ch\/wp-content\/uploads\/2018\/05\/D5A2543_lowres-600x600.jpg 600w, https:\/\/www.suisselab.ch\/wp-content\/uploads\/2018\/05\/D5A2543_lowres-300x300.jpg 300w, https:\/\/www.suisselab.ch\/wp-content\/uploads\/2018\/05\/D5A2543_lowres-768x768.jpg 768w, https:\/\/www.suisselab.ch\/wp-content\/uploads\/2018\/05\/D5A2543_lowres-350x350.jpg 350w, https:\/\/www.suisselab.ch\/wp-content\/uploads\/2018\/05\/D5A2543_lowres-100x100.jpg 100w\" sizes=\"auto, (max-width: 960px) 100vw, 960px\" \/><\/div><div class=\"w-person-content\"><\/div><\/div><\/div><\/div><\/div><div class=\"vc_col-sm-8 wpb_column vc_column_container\"><div class=\"vc_column-inner\"><div class=\"wpb_wrapper\"><div class=\"wpb_text_column\"><div class=\"wpb_wrapper\"><p><strong>Alex Barenco<\/strong><br \/>\nswissherdbook<\/p>\n<\/div><\/div><\/div><\/div><\/div><\/div><div class=\"g-cols wpb_row via_flex valign_top type_default stacking_default\"><div class=\"vc_col-sm-4 wpb_column vc_column_container\"><div class=\"vc_column-inner\"><div class=\"wpb_wrapper\"><div class=\"w-person layout_simple_circle\" itemscope itemtype=\"https:\/\/schema.org\/Person\"><div class=\"w-person-image\"><img loading=\"lazy\" decoding=\"async\" width=\"350\" height=\"350\" src=\"https:\/\/www.suisselab.ch\/wp-content\/uploads\/2022\/08\/UF_3193_lowres-350x350.jpg\" class=\"attachment-us_350_350_crop size-us_350_350_crop\" alt=\"\" srcset=\"https:\/\/www.suisselab.ch\/wp-content\/uploads\/2022\/08\/UF_3193_lowres-350x350.jpg 350w, https:\/\/www.suisselab.ch\/wp-content\/uploads\/2022\/08\/UF_3193_lowres-150x150.jpg 150w, https:\/\/www.suisselab.ch\/wp-content\/uploads\/2022\/08\/UF_3193_lowres-600x600.jpg 600w, https:\/\/www.suisselab.ch\/wp-content\/uploads\/2022\/08\/UF_3193_lowres-100x100.jpg 100w\" sizes=\"auto, (max-width: 350px) 100vw, 350px\" \/><\/div><div class=\"w-person-content\"><\/div><\/div><\/div><\/div><\/div><div class=\"vc_col-sm-8 wpb_column vc_column_container\"><div class=\"vc_column-inner\"><div class=\"wpb_wrapper\"><div class=\"wpb_text_column\"><div class=\"wpb_wrapper\"><p><strong>C\u00e9cile Schabana-Meili<\/strong><br \/>\nBraunvieh Schweiz<\/p>\n<\/div><\/div><\/div><\/div><\/div><\/div><div class=\"g-cols wpb_row via_flex valign_top type_default stacking_default\"><div class=\"vc_col-sm-4 wpb_column vc_column_container\"><div class=\"vc_column-inner\"><div class=\"wpb_wrapper\"><div class=\"w-person layout_simple_circle\" itemscope itemtype=\"https:\/\/schema.org\/Person\"><div class=\"w-person-image\"><img loading=\"lazy\" decoding=\"async\" width=\"350\" height=\"350\" src=\"https:\/\/www.suisselab.ch\/wp-content\/uploads\/2022\/08\/UF_3176_lowres-350x350.jpg\" class=\"attachment-us_350_350_crop size-us_350_350_crop\" alt=\"\" srcset=\"https:\/\/www.suisselab.ch\/wp-content\/uploads\/2022\/08\/UF_3176_lowres-350x350.jpg 350w, https:\/\/www.suisselab.ch\/wp-content\/uploads\/2022\/08\/UF_3176_lowres-150x150.jpg 150w, https:\/\/www.suisselab.ch\/wp-content\/uploads\/2022\/08\/UF_3176_lowres-600x600.jpg 600w, https:\/\/www.suisselab.ch\/wp-content\/uploads\/2022\/08\/UF_3176_lowres-100x100.jpg 100w\" sizes=\"auto, (max-width: 350px) 100vw, 350px\" \/><\/div><div class=\"w-person-content\"><\/div><\/div><\/div><\/div><\/div><div class=\"vc_col-sm-8 wpb_column vc_column_container\"><div class=\"vc_column-inner\"><div class=\"wpb_wrapper\"><div class=\"wpb_text_column\"><div class=\"wpb_wrapper\"><p><strong>Salome Lottaz<\/strong><br \/>\nElsa Group SA<\/p>\n<\/div><\/div><\/div><\/div><\/div><\/div><div class=\"g-cols wpb_row via_flex valign_top type_default stacking_default\"><div class=\"vc_col-sm-4 wpb_column vc_column_container\"><div class=\"vc_column-inner\"><div class=\"wpb_wrapper\"><div class=\"w-person layout_simple_circle\" itemscope itemtype=\"https:\/\/schema.org\/Person\"><div class=\"w-person-image\"><img loading=\"lazy\" decoding=\"async\" width=\"350\" height=\"350\" src=\"https:\/\/www.suisselab.ch\/wp-content\/uploads\/2023\/03\/UF_6992_highres_lowres-1-350x350.jpg\" class=\"attachment-us_350_350_crop size-us_350_350_crop\" alt=\"\" srcset=\"https:\/\/www.suisselab.ch\/wp-content\/uploads\/2023\/03\/UF_6992_highres_lowres-1-350x350.jpg 350w, https:\/\/www.suisselab.ch\/wp-content\/uploads\/2023\/03\/UF_6992_highres_lowres-1-150x150.jpg 150w, https:\/\/www.suisselab.ch\/wp-content\/uploads\/2023\/03\/UF_6992_highres_lowres-1-600x600.jpg 600w, https:\/\/www.suisselab.ch\/wp-content\/uploads\/2023\/03\/UF_6992_highres_lowres-1-100x100.jpg 100w\" sizes=\"auto, (max-width: 350px) 100vw, 350px\" \/><\/div><div class=\"w-person-content\"><\/div><\/div><\/div><\/div><\/div><div class=\"vc_col-sm-8 wpb_column vc_column_container\"><div class=\"vc_column-inner\"><div class=\"wpb_wrapper\"><div class=\"wpb_text_column\"><div class=\"wpb_wrapper\"><p><strong>Hanspeter Egli<\/strong><br \/>\nCoop\u00e9ration des producteurs laitiers unis VMMO<\/p>\n<\/div><\/div><\/div><\/div><\/div><\/div><\/div><\/div><\/div><\/div><\/div><\/div><\/div><\/div><\/div><\/div><\/section>\n","protected":false},"excerpt":{"rendered":"Direction Direction op\u00e9rationnelleConseil d\u2019administrationDirection op\u00e9rationnelleChristian Beck Directeur Courriel Daniel Glauser Dr. med. vet. FVH, Ph.D. Responsable du laboratoire de diagnostic v\u00e9t\u00e9rinaire Directeur adjoint Courriel Laurence Jungo Responsable de la gestion de la qualit\u00e9 Business Development Courriel Paolo Caldini Responsable du secteur logistique Courriel Matthias Houmard Responsable du secteur informatique Courriel Conseil d\u2019administrationMarkus Gerber Pr\u00e9sident, swissherdbook...","protected":false},"author":2,"featured_media":0,"parent":1043,"menu_order":0,"comment_status":"closed","ping_status":"closed","template":"","meta":{"footnotes":""},"class_list":["post-1047","page","type-page","status-publish","hentry"],"_links":{"self":[{"href":"https:\/\/www.suisselab.ch\/fr\/wp-json\/wp\/v2\/pages\/1047","targetHints":{"allow":["GET"]}}],"collection":[{"href":"https:\/\/www.suisselab.ch\/fr\/wp-json\/wp\/v2\/pages"}],"about":[{"href":"https:\/\/www.suisselab.ch\/fr\/wp-json\/wp\/v2\/types\/page"}],"author":[{"embeddable":true,"href":"https:\/\/www.suisselab.ch\/fr\/wp-json\/wp\/v2\/users\/2"}],"replies":[{"embeddable":true,"href":"https:\/\/www.suisselab.ch\/fr\/wp-json\/wp\/v2\/comments?post=1047"}],"version-history":[{"count":0,"href":"https:\/\/www.suisselab.ch\/fr\/wp-json\/wp\/v2\/pages\/1047\/revisions"}],"up":[{"embeddable":true,"href":"https:\/\/www.suisselab.ch\/fr\/wp-json\/wp\/v2\/pages\/1043"}],"wp:attachment":[{"href":"https:\/\/www.suisselab.ch\/fr\/wp-json\/wp\/v2\/media?parent=1047"}],"curies":[{"name":"wp","href":"https:\/\/api.w.org\/{rel}","templated":true}]}}