{"id":1041,"date":"2018-04-10T10:46:25","date_gmt":"2018-04-10T08:46:25","guid":{"rendered":"https:\/\/www.suisselab.ch\/?page_id=1041"},"modified":"2023-08-30T11:10:15","modified_gmt":"2023-08-30T09:10:15","slug":"veterinaires","status":"publish","type":"page","link":"https:\/\/www.suisselab.ch\/fr\/clients\/veterinaires\/","title":{"rendered":"V\u00e9t\u00e9rinaires"},"content":{"rendered":"<section class=\"l-section wpb_row suisselab-hero-klein height_auto with_img\"><div class=\"l-section-img\" role=\"img\" data-img-width=\"1600\" data-img-height=\"1074\" style=\"background-image: url(https:\/\/www.suisselab.ch\/wp-content\/uploads\/2018\/06\/tieraerztin.jpg);\"><\/div><div class=\"l-section-h i-cf\"><div class=\"g-cols vc_row via_flex valign_bottom type_default stacking_default\"><div class=\"vc_col-sm-12 wpb_column vc_column_container\"><div class=\"vc_column-inner\"><div class=\"wpb_wrapper\"><div class=\"wpb_text_column us_custom_2dba4929 promo\"><div class=\"wpb_wrapper\"><h1>V\u00e9t\u00e9rinaires<\/h1>\n<\/div><\/div><\/div><\/div><\/div><\/div><\/div><\/section><section class=\"l-section wpb_row height_medium\"><div class=\"l-section-h i-cf\"><div class=\"g-cols vc_row via_flex valign_top type_default stacking_default\"><div class=\"vc_col-sm-8 wpb_column vc_column_container\"><div class=\"vc_column-inner\"><div class=\"wpb_wrapper\"><div class=\"wpb_text_column haupttext\"><div class=\"wpb_wrapper\"><h2>Suisselab SA pour les v\u00e9t\u00e9rinaires<\/h2>\n<p>Suisselab SA soutient les v\u00e9t\u00e9rinaires et les d\u00e9tenteurs d\u2019animaux avec diverses analyses utiles pour la gestion du troupeau. Gr\u00e2ce \u00e0 ses liens \u00e9troits avec diff\u00e9rentes organisations sp\u00e9cialis\u00e9es et institutions, Suisselab SA est en mesure de proposer des prestations r\u00e9pondant aux besoins \u00e0 un prix correct.<\/p>\n<\/div><\/div><div class=\"w-separator size_custom\" style=\"height:32px\"><\/div><div class=\"g-cols wpb_row via_flex valign_top type_default stacking_default\"><div class=\"vc_col-sm-6 wpb_column vc_column_container dl-container\"><div class=\"vc_column-inner\"><div class=\"wpb_wrapper\"><div class=\"w-image align_none\"><div url class=\"w-image-h\"><img loading=\"lazy\" decoding=\"async\" width=\"300\" height=\"200\" src=\"https:\/\/www.suisselab.ch\/wp-content\/uploads\/2018\/03\/D5A4137-300x200.jpg\" class=\"attachment-medium size-medium\" alt=\"\" srcset=\"https:\/\/www.suisselab.ch\/wp-content\/uploads\/2018\/03\/D5A4137-300x200.jpg 300w, https:\/\/www.suisselab.ch\/wp-content\/uploads\/2018\/03\/D5A4137-600x400.jpg 600w, https:\/\/www.suisselab.ch\/wp-content\/uploads\/2018\/03\/D5A4137-768x512.jpg 768w, https:\/\/www.suisselab.ch\/wp-content\/uploads\/2018\/03\/D5A4137-1024x683.jpg 1024w, https:\/\/www.suisselab.ch\/wp-content\/uploads\/2018\/03\/D5A4137.jpg 1500w\" sizes=\"auto, (max-width: 300px) 100vw, 300px\" \/><\/div><\/div><div class=\"wpb_text_column\"><div class=\"wpb_wrapper\"><h3>FERTALYS<\/h3>\n<p>FERTALYS d\u00e9termine le statut de gestation dans un \u00e9chantillon de lait de mani\u00e8re fiable et en m\u00e9nageant l\u2019animal. Le test est disponible pour les vaches, les ch\u00e8vres, les brebis et les buffles.<\/p>\n<\/div><\/div><div class=\"w-btn-wrapper align_none\"><a class=\"w-btn us-btn-style_1 us_custom_80a192e9\" href=\"http:\/\/www.suisselab.ch\/fertalys\/\"><span class=\"w-btn-label\">Continuer \u00e0 lire<\/span><\/a><\/div><\/div><\/div><\/div><div class=\"vc_col-sm-6 wpb_column vc_column_container dl-container\"><div class=\"vc_column-inner\"><div class=\"wpb_wrapper\"><div class=\"w-image align_none\"><div url class=\"w-image-h\"><img loading=\"lazy\" decoding=\"async\" width=\"300\" height=\"200\" src=\"https:\/\/www.suisselab.ch\/wp-content\/uploads\/2018\/04\/D5A5626-300x200.jpg\" class=\"attachment-medium size-medium\" alt=\"\" srcset=\"https:\/\/www.suisselab.ch\/wp-content\/uploads\/2018\/04\/D5A5626-300x200.jpg 300w, https:\/\/www.suisselab.ch\/wp-content\/uploads\/2018\/04\/D5A5626-600x400.jpg 600w, https:\/\/www.suisselab.ch\/wp-content\/uploads\/2018\/04\/D5A5626-768x512.jpg 768w, https:\/\/www.suisselab.ch\/wp-content\/uploads\/2018\/04\/D5A5626-1024x683.jpg 1024w, https:\/\/www.suisselab.ch\/wp-content\/uploads\/2018\/04\/D5A5626.jpg 1500w\" sizes=\"auto, (max-width: 300px) 100vw, 300px\" \/><\/div><\/div><div class=\"wpb_text_column\"><div class=\"wpb_wrapper\"><h2>Identification des mammites MID<\/h2>\n<p>Le test d\u2019identification des mammites MID de Suisselab SA permet de d\u00e9tecter et de quantifier les 15 principaux agents pathog\u00e8nes de la mammite ainsi que, de plus, le g\u00e8ne de r\u00e9sistance \u00e0 la p\u00e9nicilline (blaZ) des staphylocoques.<\/p>\n<\/div><\/div><div class=\"w-btn-wrapper align_none\"><a class=\"w-btn us-btn-style_1 us_custom_80a192e9\" href=\"http:\/\/www.suisselab.ch\/dienstleistungen\/mastitits-identifikationstest-mid\/\"><span class=\"w-btn-label\">Continuer \u00e0 lire<\/span><\/a><\/div><\/div><\/div><\/div><\/div><div class=\"g-cols wpb_row via_flex valign_top type_default stacking_default\"><div class=\"vc_col-sm-6 wpb_column vc_column_container dl-container\"><div class=\"vc_column-inner\"><div class=\"wpb_wrapper\"><div class=\"w-image align_none\"><div url class=\"w-image-h\"><img loading=\"lazy\" decoding=\"async\" width=\"300\" height=\"200\" src=\"https:\/\/www.suisselab.ch\/wp-content\/uploads\/2018\/04\/D5A1989-300x200.jpg\" class=\"attachment-medium size-medium\" alt=\"\" srcset=\"https:\/\/www.suisselab.ch\/wp-content\/uploads\/2018\/04\/D5A1989-300x200.jpg 300w, https:\/\/www.suisselab.ch\/wp-content\/uploads\/2018\/04\/D5A1989-600x400.jpg 600w, https:\/\/www.suisselab.ch\/wp-content\/uploads\/2018\/04\/D5A1989-768x512.jpg 768w, https:\/\/www.suisselab.ch\/wp-content\/uploads\/2018\/04\/D5A1989-1024x683.jpg 1024w, https:\/\/www.suisselab.ch\/wp-content\/uploads\/2018\/04\/D5A1989.jpg 1500w\" sizes=\"auto, (max-width: 300px) 100vw, 300px\" \/><\/div><\/div><div class=\"wpb_text_column\"><div class=\"wpb_wrapper\"><h3>Diagnostic des \u00e9pizooties<\/h3>\n<p>Suisselab SA surveille diverses \u00e9pizooties dans le lait commercialis\u00e9 sur mandat de l\u2019Office f\u00e9d\u00e9ral de la s\u00e9curit\u00e9 alimentaire et des affaires v\u00e9t\u00e9rinaires (OSAV). Nous analysons aussi des \u00e9chantillons de lait sur mandat de v\u00e9t\u00e9rinaires, de d\u00e9tenteurs d\u2019animaux et d\u2019organes cantonaux d\u2019ex\u00e9cution.<\/p>\n<\/div><\/div><div class=\"w-btn-wrapper align_none\"><a class=\"w-btn us-btn-style_1 us_custom_80a192e9\" href=\"http:\/\/www.suisselab.ch\/dienstleistungen\/tierseuchendiagnostik\/\"><span class=\"w-btn-label\">Continuer \u00e0 lire<\/span><\/a><\/div><\/div><\/div><\/div><div class=\"vc_col-sm-6 wpb_column vc_column_container\"><div class=\"vc_column-inner\"><div class=\"wpb_wrapper\"><\/div><\/div><\/div><\/div><\/div><\/div><\/div><div class=\"vc_col-sm-4 wpb_column vc_column_container\"><div class=\"vc_column-inner\"><div class=\"wpb_wrapper\"><div class=\"wpb_text_column\"><div class=\"wpb_wrapper\"><h2>Contact<\/h2>\n<\/div><\/div><div class=\"w-person layout_simple_circle\" itemscope itemtype=\"https:\/\/schema.org\/Person\"><div class=\"w-person-image\"><img loading=\"lazy\" decoding=\"async\" width=\"900\" height=\"900\" src=\"https:\/\/www.suisselab.ch\/wp-content\/uploads\/2018\/04\/Daniel_Glauser_2.jpg\" class=\"attachment-large size-large\" alt=\"\" srcset=\"https:\/\/www.suisselab.ch\/wp-content\/uploads\/2018\/04\/Daniel_Glauser_2.jpg 900w, https:\/\/www.suisselab.ch\/wp-content\/uploads\/2018\/04\/Daniel_Glauser_2-150x150.jpg 150w, https:\/\/www.suisselab.ch\/wp-content\/uploads\/2018\/04\/Daniel_Glauser_2-600x600.jpg 600w, https:\/\/www.suisselab.ch\/wp-content\/uploads\/2018\/04\/Daniel_Glauser_2-300x300.jpg 300w, https:\/\/www.suisselab.ch\/wp-content\/uploads\/2018\/04\/Daniel_Glauser_2-768x768.jpg 768w, https:\/\/www.suisselab.ch\/wp-content\/uploads\/2018\/04\/Daniel_Glauser_2-350x350.jpg 350w, https:\/\/www.suisselab.ch\/wp-content\/uploads\/2018\/04\/Daniel_Glauser_2-100x100.jpg 100w\" sizes=\"auto, (max-width: 900px) 100vw, 900px\" \/><\/div><div class=\"w-person-content\"><\/div><\/div><div class=\"wpb_text_column\"><div class=\"wpb_wrapper\"><h3>Daniel Glauser<\/h3>\n<p>Dr. med. vet. FVH, Ph.D.<br \/>\nResponsable du laboratoire de diagnostic v\u00e9t\u00e9rinaire<br \/>\n031 987 65 43<br \/>\n<a href=\"mailto:daniel.glauser@suisselab.ch\">Courriel<\/a><\/p>\n<\/div><\/div><div class=\"wpb_text_column\"><div class=\"wpb_wrapper\"><h2>My Suisselab<\/h2>\n<\/div><\/div><div class=\"wpb_text_column\"><div class=\"wpb_wrapper\"><p><a href=\"http:\/\/www.suisselab.ch\/fr\/shop\/mein-account\/\">Mon compte<\/a><br \/>\n<a href=\"http:\/\/www.suisselab.ch\/shop\/\">Boutique<\/a><br \/>\n<a href=\"http:\/\/www.suisselab.ch\/fr\/shop\/einkaufswagen\/\">Corbeille<\/a><br \/>\n<a href=\"http:\/\/www.suisselab.ch\/fr\/shop\/zur-kasse\/\">Caisse<\/a><\/p>\n<\/div><\/div><\/div><\/div><\/div><\/div><\/div><\/section>\n","protected":false},"excerpt":{"rendered":"V\u00e9t\u00e9rinaires Suisselab SA pour les v\u00e9t\u00e9rinaires Suisselab SA soutient les v\u00e9t\u00e9rinaires et les d\u00e9tenteurs d\u2019animaux avec diverses analyses utiles pour la gestion du troupeau. Gr\u00e2ce \u00e0 ses liens \u00e9troits avec diff\u00e9rentes organisations sp\u00e9cialis\u00e9es et institutions, Suisselab SA est en mesure de proposer des prestations r\u00e9pondant aux besoins \u00e0 un prix correct. FERTALYS FERTALYS d\u00e9termine le...","protected":false},"author":2,"featured_media":0,"parent":1035,"menu_order":0,"comment_status":"closed","ping_status":"closed","template":"","meta":{"footnotes":""},"class_list":["post-1041","page","type-page","status-publish","hentry"],"_links":{"self":[{"href":"https:\/\/www.suisselab.ch\/fr\/wp-json\/wp\/v2\/pages\/1041","targetHints":{"allow":["GET"]}}],"collection":[{"href":"https:\/\/www.suisselab.ch\/fr\/wp-json\/wp\/v2\/pages"}],"about":[{"href":"https:\/\/www.suisselab.ch\/fr\/wp-json\/wp\/v2\/types\/page"}],"author":[{"embeddable":true,"href":"https:\/\/www.suisselab.ch\/fr\/wp-json\/wp\/v2\/users\/2"}],"replies":[{"embeddable":true,"href":"https:\/\/www.suisselab.ch\/fr\/wp-json\/wp\/v2\/comments?post=1041"}],"version-history":[{"count":0,"href":"https:\/\/www.suisselab.ch\/fr\/wp-json\/wp\/v2\/pages\/1041\/revisions"}],"up":[{"embeddable":true,"href":"https:\/\/www.suisselab.ch\/fr\/wp-json\/wp\/v2\/pages\/1035"}],"wp:attachment":[{"href":"https:\/\/www.suisselab.ch\/fr\/wp-json\/wp\/v2\/media?parent=1041"}],"curies":[{"name":"wp","href":"https:\/\/api.w.org\/{rel}","templated":true}]}}