{"id":1039,"date":"2018-04-10T10:45:38","date_gmt":"2018-04-10T08:45:38","guid":{"rendered":"https:\/\/www.suisselab.ch\/?page_id=1039"},"modified":"2025-03-04T15:04:33","modified_gmt":"2025-03-04T14:04:33","slug":"transformateurs-de-lait","status":"publish","type":"page","link":"https:\/\/www.suisselab.ch\/fr\/clients\/transformateurs-de-lait\/","title":{"rendered":"Transformateurs de lait"},"content":{"rendered":"<section class=\"l-section wpb_row suisselab-hero-klein height_auto with_img\"><div class=\"l-section-img\" role=\"img\" data-img-width=\"1600\" data-img-height=\"1058\" style=\"background-image: url(https:\/\/www.suisselab.ch\/wp-content\/uploads\/2018\/06\/milchverarbeiter.jpg);\"><\/div><div class=\"l-section-h i-cf\"><div class=\"g-cols vc_row via_flex valign_bottom type_default stacking_default\"><div class=\"vc_col-sm-12 wpb_column vc_column_container\"><div class=\"vc_column-inner\"><div class=\"wpb_wrapper\"><div class=\"wpb_text_column us_custom_2dba4929 promo\"><div class=\"wpb_wrapper\"><h1>Transformateurs de lait<\/h1>\n<\/div><\/div><\/div><\/div><\/div><\/div><\/div><\/section><section class=\"l-section wpb_row height_medium\"><div class=\"l-section-h i-cf\"><div class=\"g-cols vc_row via_flex valign_top type_default stacking_default\"><div class=\"vc_col-sm-8 wpb_column vc_column_container\"><div class=\"vc_column-inner\"><div class=\"wpb_wrapper\"><div class=\"wpb_text_column haupttext\"><div class=\"wpb_wrapper\"><h2>Suisselab SA pour les transformateurs de lait<\/h2>\n<p>Suisselab SA soutient les transformateurs de lait avec des analyses \u00e9tay\u00e9es scientifiquement et r\u00e9pondant \u00e0 leurs besoins. Gr\u00e2ce \u00e0 son propre r\u00e9seau logistique dense et \u00e0 ses infrastructures modernes, Suisselab SA garantit des r\u00e9sultats techniquement irr\u00e9prochables \u00e0 un prix correct.<\/p>\n<\/div><\/div><div class=\"w-separator size_custom\" style=\"height:32px\"><\/div><div class=\"g-cols wpb_row via_flex valign_top type_default stacking_default\"><div class=\"vc_col-sm-6 wpb_column vc_column_container dl-container\"><div class=\"vc_column-inner\"><div class=\"wpb_wrapper\"><div class=\"w-image align_none\"><div url class=\"w-image-h\"><img loading=\"lazy\" decoding=\"async\" width=\"300\" height=\"200\" src=\"https:\/\/www.suisselab.ch\/wp-content\/uploads\/2018\/04\/D5A3359-300x200.jpg\" class=\"attachment-medium size-medium\" alt=\"\" srcset=\"https:\/\/www.suisselab.ch\/wp-content\/uploads\/2018\/04\/D5A3359-300x200.jpg 300w, https:\/\/www.suisselab.ch\/wp-content\/uploads\/2018\/04\/D5A3359-600x400.jpg 600w, https:\/\/www.suisselab.ch\/wp-content\/uploads\/2018\/04\/D5A3359-768x512.jpg 768w, https:\/\/www.suisselab.ch\/wp-content\/uploads\/2018\/04\/D5A3359-1024x683.jpg 1024w, https:\/\/www.suisselab.ch\/wp-content\/uploads\/2018\/04\/D5A3359.jpg 1500w\" sizes=\"auto, (max-width: 300px) 100vw, 300px\" \/><\/div><\/div><div class=\"wpb_text_column\"><div class=\"wpb_wrapper\"><h3>Prestations d\u2019analyse<\/h3>\n<p>Suisselab SA est l\u2019interlocuteur national pour des analyses de lait modulables et r\u00e9pondant aux besoins des clients. De l\u2019analyse individuelle jusqu\u2019au programme national d\u2019analyse, nous proposons des prestations comp\u00e9tentes, avantageuses et, si n\u00e9cessaire, taill\u00e9es sur mesure.<\/p>\n<\/div><\/div><div class=\"w-btn-wrapper align_none\"><a class=\"w-btn us-btn-style_1 us_custom_80a192e9\" href=\"http:\/\/www.suisselab.ch\/dienstleistungen\/dienstleistungsanalytik\/\"><span class=\"w-btn-label\">Continuer \u00e0 lire<\/span><\/a><\/div><\/div><\/div><\/div><div class=\"vc_col-sm-6 wpb_column vc_column_container dl-container\"><div class=\"vc_column-inner\"><div class=\"wpb_wrapper\"><div class=\"w-image align_none\"><div url class=\"w-image-h\"><img loading=\"lazy\" decoding=\"async\" width=\"300\" height=\"200\" src=\"https:\/\/www.suisselab.ch\/wp-content\/uploads\/2018\/04\/D5A3243-300x200.jpg\" class=\"attachment-medium size-medium\" alt=\"\" srcset=\"https:\/\/www.suisselab.ch\/wp-content\/uploads\/2018\/04\/D5A3243-300x200.jpg 300w, https:\/\/www.suisselab.ch\/wp-content\/uploads\/2018\/04\/D5A3243-600x400.jpg 600w, https:\/\/www.suisselab.ch\/wp-content\/uploads\/2018\/04\/D5A3243-768x512.jpg 768w, https:\/\/www.suisselab.ch\/wp-content\/uploads\/2018\/04\/D5A3243-1024x683.jpg 1024w, https:\/\/www.suisselab.ch\/wp-content\/uploads\/2018\/04\/D5A3243.jpg 1500w\" sizes=\"auto, (max-width: 300px) 100vw, 300px\" \/><\/div><\/div><div class=\"wpb_text_column\"><div class=\"wpb_wrapper\"><h3>Contr\u00f4le du lait (CL)<\/h3>\n<p>Suisselab SA effectue le contr\u00f4le du lait de droit public sur mandat de toute la branche laiti\u00e8re suisse ainsi que de l\u2019Office f\u00e9d\u00e9ral de la s\u00e9curit\u00e9 alimentaire et des affaires v\u00e9t\u00e9rinaires (OSAV).<\/p>\n<\/div><\/div><div class=\"w-btn-wrapper align_none\"><a class=\"w-btn us-btn-style_1 us_custom_80a192e9\" href=\"http:\/\/www.suisselab.ch\/dienstleistungen\/milchpruefung-mp\/\"><span class=\"w-btn-label\">Continuer \u00e0 lire<\/span><\/a><\/div><\/div><\/div><\/div><\/div><div class=\"g-cols wpb_row via_flex valign_top type_default stacking_default\"><div class=\"vc_col-sm-6 wpb_column vc_column_container\"><div class=\"vc_column-inner\"><div class=\"wpb_wrapper\"><div class=\"w-image align_none\"><div url class=\"w-image-h\"><img loading=\"lazy\" decoding=\"async\" width=\"300\" height=\"200\" src=\"https:\/\/www.suisselab.ch\/wp-content\/uploads\/2020\/01\/Buttersaeuresporen-300x200.jpg\" class=\"attachment-medium size-medium\" alt=\"\" srcset=\"https:\/\/www.suisselab.ch\/wp-content\/uploads\/2020\/01\/Buttersaeuresporen-300x200.jpg 300w, https:\/\/www.suisselab.ch\/wp-content\/uploads\/2020\/01\/Buttersaeuresporen-600x400.jpg 600w, https:\/\/www.suisselab.ch\/wp-content\/uploads\/2020\/01\/Buttersaeuresporen-768x512.jpg 768w, https:\/\/www.suisselab.ch\/wp-content\/uploads\/2020\/01\/Buttersaeuresporen-1024x682.jpg 1024w, https:\/\/www.suisselab.ch\/wp-content\/uploads\/2020\/01\/Buttersaeuresporen.jpg 1600w\" sizes=\"auto, (max-width: 300px) 100vw, 300px\" \/><\/div><\/div><div class=\"wpb_text_column\"><div class=\"wpb_wrapper\"><h3>Spores butyriques<\/h3>\n<p>Suisselab SA d\u00e9termine la charge du lait en bact\u00e9ries sporog\u00e8nes ana\u00e9robies nuisibles pour le fromage avec la nouvelle m\u00e9thode MPN de la firme SY-LAB. Cette nouvelle m\u00e9thode se caract\u00e9rise par une s\u00e9lectivit\u00e9 \u00e9lev\u00e9e pour les Clostridia, une large plage de mesure et une courte dur\u00e9e d\u2019analyse.<\/p>\n<\/div><\/div><div class=\"w-btn-wrapper align_none\"><a class=\"w-btn us-btn-style_1 us_custom_80a192e9\" href=\"https:\/\/www.suisselab.ch\/fr\/dienstleistungen\/spores-butyriques\/\"><span class=\"w-btn-label\">Continuer \u00e0 lire<\/span><\/a><\/div><\/div><\/div><\/div><div class=\"vc_col-sm-6 wpb_column vc_column_container\"><div class=\"vc_column-inner\"><div class=\"wpb_wrapper\"><div class=\"w-image align_none\"><div url class=\"w-image-h\"><img loading=\"lazy\" decoding=\"async\" width=\"300\" height=\"200\" src=\"https:\/\/www.suisselab.ch\/wp-content\/uploads\/2018\/05\/D5A3730-300x200.jpg\" class=\"attachment-medium size-medium\" alt=\"\" srcset=\"https:\/\/www.suisselab.ch\/wp-content\/uploads\/2018\/05\/D5A3730-300x200.jpg 300w, https:\/\/www.suisselab.ch\/wp-content\/uploads\/2018\/05\/D5A3730-600x400.jpg 600w, https:\/\/www.suisselab.ch\/wp-content\/uploads\/2018\/05\/D5A3730-768x512.jpg 768w, https:\/\/www.suisselab.ch\/wp-content\/uploads\/2018\/05\/D5A3730-1024x683.jpg 1024w, https:\/\/www.suisselab.ch\/wp-content\/uploads\/2018\/05\/D5A3730.jpg 1500w\" sizes=\"auto, (max-width: 300px) 100vw, 300px\" \/><\/div><\/div><div class=\"wpb_text_column\"><div class=\"wpb_wrapper\"><h3>Logistique<\/h3>\n<p>Suisselab SA poss\u00e8de un r\u00e9seau logistique couvrant toute la Suisse pour l\u2019ex\u00e9cution du contr\u00f4le du lait et pour d\u2019autres analyses. La desserte en partie quotidienne de divers points de collecte permet un acheminement rapide des \u00e9chantillons jusque chez Suisselab SA.<\/p>\n<\/div><\/div><div class=\"w-btn-wrapper align_none\"><a class=\"w-btn us-btn-style_1 us_custom_80a192e9\" href=\"http:\/\/www.suisselab.ch\/dienstleistungen\/logistik\/\"><span class=\"w-btn-label\">Continuer \u00e0 lire<\/span><\/a><\/div><\/div><\/div><\/div><\/div><\/div><\/div><\/div><div class=\"vc_col-sm-4 wpb_column vc_column_container\"><div class=\"vc_column-inner\"><div class=\"wpb_wrapper\"><div class=\"wpb_text_column\"><div class=\"wpb_wrapper\"><h2>Contact<\/h2>\n<\/div><\/div><div class=\"w-person layout_simple_circle\" itemscope itemtype=\"https:\/\/schema.org\/Person\"><div class=\"w-person-image\"><img loading=\"lazy\" decoding=\"async\" width=\"350\" height=\"350\" src=\"https:\/\/www.suisselab.ch\/wp-content\/uploads\/2025\/02\/Bild-Steffi-350x350.jpg\" class=\"attachment-us_350_350_crop size-us_350_350_crop\" alt=\"\" srcset=\"https:\/\/www.suisselab.ch\/wp-content\/uploads\/2025\/02\/Bild-Steffi-350x350.jpg 350w, https:\/\/www.suisselab.ch\/wp-content\/uploads\/2025\/02\/Bild-Steffi-150x150.jpg 150w, https:\/\/www.suisselab.ch\/wp-content\/uploads\/2025\/02\/Bild-Steffi-600x600.jpg 600w\" sizes=\"auto, (max-width: 350px) 100vw, 350px\" \/><\/div><div class=\"w-person-content\"><\/div><\/div><div class=\"wpb_text_column\"><div class=\"wpb_wrapper\"><h3>Stefanie M\u00fcller<\/h3>\n<p>Responsable du laboratoire d\u2019analyses laiti\u00e8res<br \/>\n031 919 33 14<br \/>\n<a href=\"mailto:stefanie.mueller@suisselab.ch\">Courriel<\/a><\/p>\n<\/div><\/div><div class=\"wpb_text_column\"><div class=\"wpb_wrapper\"><h2>My Suisselab<\/h2>\n<\/div><\/div><div class=\"wpb_text_column\"><div class=\"wpb_wrapper\"><p><a href=\"http:\/\/www.suisselab.ch\/fr\/shop\/mein-account\/\">Mon compte<\/a><br \/>\n<a href=\"http:\/\/www.suisselab.ch\/shop\/\">Boutique<\/a><br \/>\n<a href=\"http:\/\/www.suisselab.ch\/fr\/shop\/einkaufswagen\/\">Corbeille<\/a><br \/>\n<a href=\"http:\/\/www.suisselab.ch\/fr\/shop\/zur-kasse\/\">Caisse<\/a><\/p>\n<\/div><\/div><\/div><\/div><\/div><\/div><\/div><\/section>\n","protected":false},"excerpt":{"rendered":"Transformateurs de lait Suisselab SA pour les transformateurs de lait Suisselab SA soutient les transformateurs de lait avec des analyses \u00e9tay\u00e9es scientifiquement et r\u00e9pondant \u00e0 leurs besoins. Gr\u00e2ce \u00e0 son propre r\u00e9seau logistique dense et \u00e0 ses infrastructures modernes, Suisselab SA garantit des r\u00e9sultats techniquement irr\u00e9prochables \u00e0 un prix correct. Prestations d\u2019analyse Suisselab SA est...","protected":false},"author":2,"featured_media":0,"parent":1035,"menu_order":0,"comment_status":"closed","ping_status":"closed","template":"","meta":{"footnotes":""},"class_list":["post-1039","page","type-page","status-publish","hentry"],"_links":{"self":[{"href":"https:\/\/www.suisselab.ch\/fr\/wp-json\/wp\/v2\/pages\/1039","targetHints":{"allow":["GET"]}}],"collection":[{"href":"https:\/\/www.suisselab.ch\/fr\/wp-json\/wp\/v2\/pages"}],"about":[{"href":"https:\/\/www.suisselab.ch\/fr\/wp-json\/wp\/v2\/types\/page"}],"author":[{"embeddable":true,"href":"https:\/\/www.suisselab.ch\/fr\/wp-json\/wp\/v2\/users\/2"}],"replies":[{"embeddable":true,"href":"https:\/\/www.suisselab.ch\/fr\/wp-json\/wp\/v2\/comments?post=1039"}],"version-history":[{"count":0,"href":"https:\/\/www.suisselab.ch\/fr\/wp-json\/wp\/v2\/pages\/1039\/revisions"}],"up":[{"embeddable":true,"href":"https:\/\/www.suisselab.ch\/fr\/wp-json\/wp\/v2\/pages\/1035"}],"wp:attachment":[{"href":"https:\/\/www.suisselab.ch\/fr\/wp-json\/wp\/v2\/media?parent=1039"}],"curies":[{"name":"wp","href":"https:\/\/api.w.org\/{rel}","templated":true}]}}