{"id":1035,"date":"2018-04-09T18:04:16","date_gmt":"2018-04-09T16:04:16","guid":{"rendered":"https:\/\/www.suisselab.ch\/?page_id=1035"},"modified":"2023-08-30T11:09:38","modified_gmt":"2023-08-30T09:09:38","slug":"clients","status":"publish","type":"page","link":"https:\/\/www.suisselab.ch\/fr\/clients\/","title":{"rendered":"Clients"},"content":{"rendered":"<section class=\"l-section wpb_row suisselab-hero-klein height_auto with_img\"><div class=\"l-section-img\" role=\"img\" data-img-width=\"1500\" data-img-height=\"1000\" style=\"background-image: url(https:\/\/www.suisselab.ch\/wp-content\/uploads\/2018\/04\/D5A3875.jpg);\"><\/div><div class=\"l-section-h i-cf\"><div class=\"g-cols vc_row via_flex valign_bottom type_default stacking_default\"><div class=\"vc_col-sm-12 wpb_column vc_column_container\"><div class=\"vc_column-inner\"><div class=\"wpb_wrapper\"><div class=\"wpb_text_column us_custom_2dba4929 promo\"><div class=\"wpb_wrapper\"><h1>Clients<\/h1>\n<\/div><\/div><\/div><\/div><\/div><\/div><\/div><\/section><section class=\"l-section wpb_row height_medium\"><div class=\"l-section-h i-cf\"><div class=\"g-cols vc_row via_flex valign_top type_default stacking_default\"><div class=\"vc_col-sm-12 wpb_column vc_column_container\"><div class=\"vc_column-inner\"><div class=\"wpb_wrapper\"><div class=\"wpb_text_column us_custom_2dba4929 promotext\"><div class=\"wpb_wrapper\"><p>En tant que centre de comp\u00e9tence national en mati\u00e8re d\u2019analyses de lait, Suisselab SA propose \u00e0 ses clients des analyses irr\u00e9prochables et r\u00e9pondant \u00e0 leurs besoins \u00e0 des conditions int\u00e9ressantes. La palette des prestations va des mandats individuels jusqu\u2019aux programmes nationaux d\u2019analyse.<\/p>\n<\/div><\/div><div class=\"w-separator size_custom\" style=\"height:32px\"><\/div><div class=\"g-cols wpb_row via_flex valign_top type_default stacking_default\"><div class=\"vc_col-sm-4 wpb_column vc_column_container\"><div class=\"vc_column-inner\"><div class=\"wpb_wrapper\"><div class=\"w-image align_none\"><a href=\"http:\/\/www.suisselab.ch\/wp\/kunden\/milchproduzenten\/\" aria-label=\"Lien\" class=\"w-image-h\"><img loading=\"lazy\" decoding=\"async\" width=\"300\" height=\"200\" src=\"https:\/\/www.suisselab.ch\/wp-content\/uploads\/2018\/04\/D5A5562-300x200.jpg\" class=\"attachment-medium size-medium\" alt=\"\" srcset=\"https:\/\/www.suisselab.ch\/wp-content\/uploads\/2018\/04\/D5A5562-300x200.jpg 300w, https:\/\/www.suisselab.ch\/wp-content\/uploads\/2018\/04\/D5A5562-600x400.jpg 600w, https:\/\/www.suisselab.ch\/wp-content\/uploads\/2018\/04\/D5A5562-768x512.jpg 768w, https:\/\/www.suisselab.ch\/wp-content\/uploads\/2018\/04\/D5A5562-1024x683.jpg 1024w, https:\/\/www.suisselab.ch\/wp-content\/uploads\/2018\/04\/D5A5562.jpg 1500w\" sizes=\"auto, (max-width: 300px) 100vw, 300px\" \/><\/a><\/div><div class=\"wpb_text_column\"><div class=\"wpb_wrapper\"><h2>Producteurs de lait<\/h2>\n<p>Nos prestations de service vous soutiennent dans la gestion du troupeau. Elles sont \u00e9tay\u00e9es scientifiquement et r\u00e9pondent aux besoins de la pratique. Informez-vous sur notre vaste palette de prestations.<\/p>\n<p><a href=\"http:\/\/www.suisselab.ch\/fr\/clients\/producteurs-de-lait\/\"><i class=\"fa fa-arrow-circle-right\"><\/i> En savoir plus<\/a><\/p>\n<\/div><\/div><\/div><\/div><\/div><div class=\"vc_col-sm-4 wpb_column vc_column_container\"><div class=\"vc_column-inner\"><div class=\"wpb_wrapper\"><div class=\"w-image align_none\"><a href=\"http:\/\/www.suisselab.ch\/wp\/kunden\/milchverarbeiter\/\" aria-label=\"Lien\" class=\"w-image-h\"><img loading=\"lazy\" decoding=\"async\" width=\"300\" height=\"198\" src=\"https:\/\/www.suisselab.ch\/wp-content\/uploads\/2018\/06\/milchverarbeiter-300x198.jpg\" class=\"attachment-medium size-medium\" alt=\"\" srcset=\"https:\/\/www.suisselab.ch\/wp-content\/uploads\/2018\/06\/milchverarbeiter-300x198.jpg 300w, https:\/\/www.suisselab.ch\/wp-content\/uploads\/2018\/06\/milchverarbeiter-600x397.jpg 600w, https:\/\/www.suisselab.ch\/wp-content\/uploads\/2018\/06\/milchverarbeiter-768x508.jpg 768w, https:\/\/www.suisselab.ch\/wp-content\/uploads\/2018\/06\/milchverarbeiter-1024x677.jpg 1024w, https:\/\/www.suisselab.ch\/wp-content\/uploads\/2018\/06\/milchverarbeiter.jpg 1600w\" sizes=\"auto, (max-width: 300px) 100vw, 300px\" \/><\/a><\/div><div class=\"wpb_text_column\"><div class=\"wpb_wrapper\"><h2>Transformateurs de lait<\/h2>\n<p>Suisselab SA soutient les transformateurs de lait avec des analyses \u00e9tay\u00e9es scientifiquement et r\u00e9pondant \u00e0 leurs besoins. Gr\u00e2ce \u00e0 son propre r\u00e9seau logistique dense et \u00e0 des infrastructures modernes, Suisselab SA garantit des r\u00e9sultats techniquement irr\u00e9prochables \u00e0 un prix correct.<\/p>\n<p><a href=\"http:\/\/www.suisselab.ch\/fr\/clients\/transformateurs-de-lait\/\"><i class=\"fa fa-arrow-circle-right\"><\/i> En savoir plus<\/a><\/p>\n<\/div><\/div><\/div><\/div><\/div><div class=\"vc_col-sm-4 wpb_column vc_column_container\"><div class=\"vc_column-inner\"><div class=\"wpb_wrapper\"><div class=\"w-image align_none\"><a href=\"http:\/\/www.suisselab.ch\/wp\/kunden\/veterinaere\/\" aria-label=\"Lien\" class=\"w-image-h\"><img loading=\"lazy\" decoding=\"async\" width=\"300\" height=\"201\" src=\"https:\/\/www.suisselab.ch\/wp-content\/uploads\/2018\/06\/tieraerztin-300x201.jpg\" class=\"attachment-medium size-medium\" alt=\"\" srcset=\"https:\/\/www.suisselab.ch\/wp-content\/uploads\/2018\/06\/tieraerztin-300x201.jpg 300w, https:\/\/www.suisselab.ch\/wp-content\/uploads\/2018\/06\/tieraerztin-600x403.jpg 600w, https:\/\/www.suisselab.ch\/wp-content\/uploads\/2018\/06\/tieraerztin-768x515.jpg 768w, https:\/\/www.suisselab.ch\/wp-content\/uploads\/2018\/06\/tieraerztin-1024x687.jpg 1024w, https:\/\/www.suisselab.ch\/wp-content\/uploads\/2018\/06\/tieraerztin.jpg 1600w\" sizes=\"auto, (max-width: 300px) 100vw, 300px\" \/><\/a><\/div><div class=\"wpb_text_column\"><div class=\"wpb_wrapper\"><h2>V\u00e9t\u00e9rinaires<\/h2>\n<p>Suisselab SA soutient les v\u00e9t\u00e9rinaires et les d\u00e9tenteurs d\u2019animaux avec diverses analyses utiles pour la gestion du troupeau. Gr\u00e2ce \u00e0 ses liens \u00e9troits avec diff\u00e9rentes organisations sp\u00e9cialis\u00e9es et institutions, Suisselab SA est en mesure de proposer des prestations r\u00e9pondant aux besoins \u00e0 un prix correct.<\/p>\n<p><a href=\"http:\/\/www.suisselab.ch\/fr\/clients\/veterinaires\/\"><i class=\"fa fa-arrow-circle-right\"><\/i> En savoir plus<\/a><\/p>\n<\/div><\/div><\/div><\/div><\/div><\/div><\/div><\/div><\/div><\/div><\/div><\/section>\n","protected":false},"excerpt":{"rendered":"Clients En tant que centre de comp\u00e9tence national en mati\u00e8re d\u2019analyses de lait, Suisselab SA propose \u00e0 ses clients des analyses irr\u00e9prochables et r\u00e9pondant \u00e0 leurs besoins \u00e0 des conditions int\u00e9ressantes. La palette des prestations va des mandats individuels jusqu\u2019aux programmes nationaux d\u2019analyse. Producteurs de lait Nos prestations de service vous soutiennent dans la gestion...","protected":false},"author":2,"featured_media":0,"parent":0,"menu_order":0,"comment_status":"closed","ping_status":"closed","template":"","meta":{"footnotes":""},"class_list":["post-1035","page","type-page","status-publish","hentry"],"_links":{"self":[{"href":"https:\/\/www.suisselab.ch\/fr\/wp-json\/wp\/v2\/pages\/1035","targetHints":{"allow":["GET"]}}],"collection":[{"href":"https:\/\/www.suisselab.ch\/fr\/wp-json\/wp\/v2\/pages"}],"about":[{"href":"https:\/\/www.suisselab.ch\/fr\/wp-json\/wp\/v2\/types\/page"}],"author":[{"embeddable":true,"href":"https:\/\/www.suisselab.ch\/fr\/wp-json\/wp\/v2\/users\/2"}],"replies":[{"embeddable":true,"href":"https:\/\/www.suisselab.ch\/fr\/wp-json\/wp\/v2\/comments?post=1035"}],"version-history":[{"count":0,"href":"https:\/\/www.suisselab.ch\/fr\/wp-json\/wp\/v2\/pages\/1035\/revisions"}],"wp:attachment":[{"href":"https:\/\/www.suisselab.ch\/fr\/wp-json\/wp\/v2\/media?parent=1035"}],"curies":[{"name":"wp","href":"https:\/\/api.w.org\/{rel}","templated":true}]}}