{"id":1033,"date":"2018-04-03T16:49:59","date_gmt":"2018-04-03T14:49:59","guid":{"rendered":"https:\/\/www.suisselab.ch\/?page_id=1033"},"modified":"2023-08-30T11:08:38","modified_gmt":"2023-08-30T09:08:38","slug":"logistique","status":"publish","type":"page","link":"https:\/\/www.suisselab.ch\/fr\/dienstleistungen\/logistique\/","title":{"rendered":"Logistique"},"content":{"rendered":"<section class=\"l-section wpb_row suisselab-hero-klein height_auto with_img\"><div class=\"l-section-img\" role=\"img\" data-img-width=\"1500\" data-img-height=\"1000\" style=\"background-image: url(https:\/\/www.suisselab.ch\/wp-content\/uploads\/2018\/05\/D5A3730.jpg);background-position: top center;\"><\/div><div class=\"l-section-h i-cf\"><div class=\"g-cols vc_row via_flex valign_bottom type_default stacking_default\"><div class=\"vc_col-sm-12 wpb_column vc_column_container\"><div class=\"vc_column-inner\"><div class=\"wpb_wrapper\"><div class=\"wpb_text_column us_custom_2dba4929 promo\"><div class=\"wpb_wrapper\"><h1>Logistique<\/h1>\n<\/div><\/div><\/div><\/div><\/div><\/div><\/div><\/section><section class=\"l-section wpb_row height_auto\"><div class=\"l-section-h i-cf\"><div class=\"g-cols vc_row via_flex valign_bottom type_default stacking_default\"><div class=\"vc_col-sm-12 wpb_column vc_column_container\"><div class=\"vc_column-inner\"><div class=\"wpb_wrapper\"><div class=\"wpb_text_column us_custom_2dba4929 promotext\"><div class=\"wpb_wrapper\"><p>Suisselab SA dispose d\u2019un r\u00e9seau logistique national pour l\u2019ex\u00e9cution du contr\u00f4le du lait et d\u2019autres analyses. La desserte en partie quotidienne de divers points de collecte permet d\u2019acheminer rapidement les \u00e9chantillons jusque chez Suisselab SA.<\/p>\n<\/div><\/div><\/div><\/div><\/div><\/div><\/div><\/section><section class=\"l-section wpb_row height_medium\"><div class=\"l-section-h i-cf\"><div class=\"g-cols vc_row via_flex valign_top type_default stacking_default\"><div class=\"vc_col-sm-8 wpb_column vc_column_container\"><div class=\"vc_column-inner\"><div class=\"wpb_wrapper\"><div class=\"wpb_text_column haupttext\"><div class=\"wpb_wrapper\"><h2>Propre r\u00e9seau logistique national<\/h2>\n<p><strong>Les \u00e9chantillons sont achemin\u00e9s par le propre r\u00e9seau logistique ou par courrier postal jusque chez Suisselab SA. Selon le crit\u00e8re analys\u00e9, ils sont stabilis\u00e9s chimiquement pendant le transport. Diverses analyses, telles la d\u00e9termination du nombre de germes ou l\u2019identification de substances inhibitrices, peuvent n\u00e9anmoins uniquement \u00eatre effectu\u00e9es avec des \u00e9chantillons non conserv\u00e9s. Les v\u00e9hicules de Suisselab SA garantissent une cha\u00eene du froid sans rupture pour ces \u00e9chantillons. Les \u00e9chantillons de lait peuvent \u00e9videmment aussi \u00eatre apport\u00e9s directement au laboratoire.<\/strong><\/p>\n<p>Gr\u00e2ce \u00e0 la coordination de la logistique, les \u00e9chantillons du contr\u00f4le du lait et de l\u2019\u00e9preuve de productivit\u00e9 laiti\u00e8re sont transport\u00e9s ensemble. Ils sont d\u00e9pos\u00e9s dans 21 points de collecte dans toute la Suisse et achemin\u00e9s quotidiennement jusqu\u2019\u00e0 Zollikofen par nos soins. Ce dense r\u00e9seau logistique permet aussi de transporter d\u2019autres \u00e9chantillons jusque chez Suisselab SA.<\/p>\n<\/div><\/div><div class=\"wpb_text_column vorteile\"><div class=\"wpb_wrapper\"><h2>Vos avantages<\/h2>\n<ul>\n<li>Propre r\u00e9seau logistique national<\/li>\n<li>Desserte quotidienne de 21 points de collecte diff\u00e9rents dans toute la Suisse<\/li>\n<li>Transport qualitativement irr\u00e9prochable des \u00e9chantillons<\/li>\n<li>Solutions souples d\u2019entente avec le service logistique de Suisselab SA<\/li>\n<\/ul>\n<\/div><\/div><div class=\"w-separator size_custom\" style=\"height:32px\"><\/div><div class=\"w-tabs us_custom_5b12dde4 style_default switch_click accordion has_scrolling\" style=\"--sections-title-size:28px\"><div class=\"w-tabs-sections titles-align_none icon_chevron cpos_right\"><div class=\"w-tabs-section\" id=\"ta1f\"><button class=\"w-tabs-section-header\" aria-controls=\"content-ta1f\" aria-expanded=\"false\"><h2 class=\"w-tabs-section-title\">Prix et conditions<\/h2><div class=\"w-tabs-section-control\"><\/div><\/button><div  class=\"w-tabs-section-content\" id=\"content-ta1f\"><div class=\"w-tabs-section-content-h i-cf\"><div class=\"wpb_text_column\"><div class=\"wpb_wrapper\"><h3>Prix<\/h3>\n<p>Le transport des \u00e9chantillons est compris dans le prix de l\u2019analyse.<\/p>\n<h3>Conditions<\/h3>\n<p>Le mat\u00e9riel d\u2019\u00e9chantillonnage, l\u2019analyse et la transmission du r\u00e9sultat sont compris dans le prix.<br \/>\n<a class=\"download-link filetype-icon filetype-pdf\"\n   title=\"\" href=\"https:\/\/www.suisselab.ch\/fr\/download\/liste-des-prix-2020\/?tmstv=1776394783\" rel=\"nofollow\">\n\tListe des prix 2026<\/a><br \/>\n<a class=\"download-link filetype-icon filetype-pdf\"\n   title=\"\" href=\"https:\/\/www.suisselab.ch\/fr\/download\/suisselab-conditions-generales\/?tmstv=1776394783\" rel=\"nofollow\">\n\tSuisselab conditions g\u00e9n\u00e9rales<\/a><\/p>\n<\/div><\/div><\/div><\/div><\/div><div class=\"w-tabs-section\" id=\"x278\"><button class=\"w-tabs-section-header\" aria-controls=\"content-x278\" aria-expanded=\"false\"><h2 class=\"w-tabs-section-title\">Informations suppl\u00e9mentaires<\/h2><div class=\"w-tabs-section-control\"><\/div><\/button><div  class=\"w-tabs-section-content\" id=\"content-x278\"><div class=\"w-tabs-section-content-h i-cf\"><div class=\"wpb_text_column\"><div class=\"wpb_wrapper\"><p>Les 21 points de collecte desservis quotidiennement et les horaires figurent dans l\u2019illustration ci-apr\u00e8s. Des \u00e9chantillons suppl\u00e9mentaires peuvent y \u00eatre d\u00e9pos\u00e9s d\u2019entente avec le service logistique afin de les faire analyser rapidement par Suisselab SA.<br \/>\n<a class=\"download-link filetype-icon filetype-pdf\"\n   title=\"\" href=\"https:\/\/www.suisselab.ch\/fr\/download\/sites-pour-le-ramassage-des-echantillons\/?tmstv=1776394783\" rel=\"nofollow\">\n\tSites pour le ramassage des \u00e9chantillons<\/a><br \/>\n<del><\/del><\/p>\n<p>Les syst\u00e8mes de pr\u00e9l\u00e8vement automatique (appareils de PA) sur les camions de collecte de lait servant \u00e0 pr\u00e9lever des \u00e9chantillons pour le contr\u00f4le du lait doivent \u00eatre contr\u00f4l\u00e9s r\u00e9guli\u00e8rement. Les contr\u00f4les ont lieu chez le transformateur de lait ou chez le transporteur. Le contr\u00f4le et l\u2019autorisation des appareils de PA sont de la comp\u00e9tence de Suisselab SA et sont plac\u00e9s sous sa responsabilit\u00e9. Suisselab SA garantit aussi que les chauffeurs poss\u00e8dent les connaissances requises pour l\u2018\u00e9chantillonnage automatis\u00e9.<br \/>\n<a class=\"download-link filetype-icon filetype-pdf\"\n   title=\"\" href=\"https:\/\/www.suisselab.ch\/fr\/download\/procedure-pour-le-controle-des-appareils-de-pa\/?tmstv=1776394783\" rel=\"nofollow\">\n\tProc\u00e9dure pour le contr\u00f4le des appareils de PA<\/a><\/p>\n<p>Co\u00fbts du contr\u00f4le des appareils de PA<br \/>\n<a class=\"download-link filetype-icon filetype-pdf\"\n   title=\"\" href=\"https:\/\/www.suisselab.ch\/fr\/download\/controles-des-automates-de-prelevement-ap\/?tmstv=1776394783\" rel=\"nofollow\">\n\tContr\u00f4les des automates de pr\u00e9l\u00e8vement (AP)<\/a><\/p>\n<\/div><\/div><\/div><\/div><\/div><div class=\"w-tabs-section\" id=\"o6f4\"><button class=\"w-tabs-section-header\" aria-controls=\"content-o6f4\" aria-expanded=\"false\"><h2 class=\"w-tabs-section-title\">Questions-r\u00e9ponses<\/h2><div class=\"w-tabs-section-control\"><\/div><\/button><div  class=\"w-tabs-section-content\" id=\"content-o6f4\"><div class=\"w-tabs-section-content-h i-cf\"><div class=\"wpb_text_column\"><div class=\"wpb_wrapper\"><h3>Que faut-il faire en cas d\u2019oubli de l\u2019\u00e9chantillonnage pour le contr\u00f4le du lait\u00a0?<\/h3>\n<p>Le secteur logistique de Suisselab SA peut fixer une nouvelle date d\u2019\u00e9chantillonnage avec vous. Veuillez nous contacter par t\u00e9l\u00e9phone.<\/p>\n<h3>Que faut-il faire en tant qu\u2019\u00e9chantillonneur si j\u2019ai un emp\u00eachement \u00e0 la date fix\u00e9e pour l\u2019\u00e9chantillonnage\u00a0?<\/h3>\n<p>Veuillez contacter votre rempla\u00e7ant ou, en son absence, Suisselab SA.<\/p>\n<h3>\u00c0 qui dois-je m\u2019adresser en cas de questions concernant la nouvelle logistique pour l\u2019EPL au d\u00e9part de la ferme\u00a0?<\/h3>\n<p>Suisselab SA se r\u00e9jouit de recevoir vos questions par \u00e9crit sur <a href=\"mailto:info@suisselab.ch\">info@suisselab.ch<\/a> ou au t\u00e9l\u00e9phone au 031 919 33 66.<\/p>\n<\/div><\/div><\/div><\/div><\/div><\/div><\/div><\/div><\/div><\/div><div class=\"vc_col-sm-4 wpb_column vc_column_container\"><div class=\"vc_column-inner\"><div class=\"wpb_wrapper\"><div class=\"wpb_text_column\"><div class=\"wpb_wrapper\"><h2>Conseils<\/h2>\n<\/div><\/div><div class=\"w-person layout_simple_circle\" itemscope itemtype=\"https:\/\/schema.org\/Person\"><div class=\"w-person-image\"><img loading=\"lazy\" decoding=\"async\" width=\"350\" height=\"350\" src=\"https:\/\/www.suisselab.ch\/wp-content\/uploads\/2023\/03\/UF_6968_highres_lowres-1-350x350.jpg\" class=\"attachment-us_350_350_crop size-us_350_350_crop\" alt=\"\" srcset=\"https:\/\/www.suisselab.ch\/wp-content\/uploads\/2023\/03\/UF_6968_highres_lowres-1-350x350.jpg 350w, https:\/\/www.suisselab.ch\/wp-content\/uploads\/2023\/03\/UF_6968_highres_lowres-1-150x150.jpg 150w, https:\/\/www.suisselab.ch\/wp-content\/uploads\/2023\/03\/UF_6968_highres_lowres-1-600x600.jpg 600w, https:\/\/www.suisselab.ch\/wp-content\/uploads\/2023\/03\/UF_6968_highres_lowres-1-100x100.jpg 100w\" sizes=\"auto, (max-width: 350px) 100vw, 350px\" \/><\/div><div class=\"w-person-content\"><\/div><\/div><div class=\"wpb_text_column\"><div class=\"wpb_wrapper\"><h3>Paolo Caldini<\/h3>\n<p>Responsable du secteur logistique<br \/>\n031 919 33 90<br \/>\n<a href=\"mailto:paolo.caldini@suisselab.ch\">Courriel<\/a><\/p>\n<\/div><\/div><div class=\"wpb_text_column us_custom_0fb0f71f\"><div class=\"wpb_wrapper\"><h2>Accr\u00e9ditation<\/h2>\n<\/div><\/div><div class=\"w-image align_none\"><div url class=\"w-image-h\"><img loading=\"lazy\" decoding=\"async\" width=\"120\" height=\"105\" src=\"https:\/\/www.suisselab.ch\/wp-content\/uploads\/2018\/04\/Logo_SAS_2.jpg\" class=\"attachment-full size-full\" alt=\"\" \/><\/div><\/div><div class=\"wpb_text_column\"><div class=\"wpb_wrapper\"><p>Le contr\u00f4le et l\u2019autorisation d\u2019appareils de pr\u00e9l\u00e8vement automatique d\u2019\u00e9chantillons pour le contr\u00f4le du lait sont effectu\u00e9s dans le champ d\u2019application de l\u2019accr\u00e9ditation selon ISO\/EN 17025 (<a class=\"download-link filetype-icon filetype-pdf\"\n   title=\"\" href=\"https:\/\/www.suisselab.ch\/fr\/download\/registre-sts-0235-2\/?tmstv=1776394783\" rel=\"nofollow\">\n\tRegistre STS 0235<\/a>).<\/p>\n<\/div><\/div><\/div><\/div><\/div><\/div><\/div><\/section>\n","protected":false},"excerpt":{"rendered":"Logistique Suisselab SA dispose d\u2019un r\u00e9seau logistique national pour l\u2019ex\u00e9cution du contr\u00f4le du lait et d\u2019autres analyses. La desserte en partie quotidienne de divers points de collecte permet d\u2019acheminer rapidement les \u00e9chantillons jusque chez Suisselab SA. Propre r\u00e9seau logistique national Les \u00e9chantillons sont achemin\u00e9s par le propre r\u00e9seau logistique ou par courrier postal jusque chez...","protected":false},"author":2,"featured_media":0,"parent":1014,"menu_order":0,"comment_status":"closed","ping_status":"closed","template":"","meta":{"footnotes":""},"class_list":["post-1033","page","type-page","status-publish","hentry"],"_links":{"self":[{"href":"https:\/\/www.suisselab.ch\/fr\/wp-json\/wp\/v2\/pages\/1033","targetHints":{"allow":["GET"]}}],"collection":[{"href":"https:\/\/www.suisselab.ch\/fr\/wp-json\/wp\/v2\/pages"}],"about":[{"href":"https:\/\/www.suisselab.ch\/fr\/wp-json\/wp\/v2\/types\/page"}],"author":[{"embeddable":true,"href":"https:\/\/www.suisselab.ch\/fr\/wp-json\/wp\/v2\/users\/2"}],"replies":[{"embeddable":true,"href":"https:\/\/www.suisselab.ch\/fr\/wp-json\/wp\/v2\/comments?post=1033"}],"version-history":[{"count":0,"href":"https:\/\/www.suisselab.ch\/fr\/wp-json\/wp\/v2\/pages\/1033\/revisions"}],"up":[{"embeddable":true,"href":"https:\/\/www.suisselab.ch\/fr\/wp-json\/wp\/v2\/pages\/1014"}],"wp:attachment":[{"href":"https:\/\/www.suisselab.ch\/fr\/wp-json\/wp\/v2\/media?parent=1033"}],"curies":[{"name":"wp","href":"https:\/\/api.w.org\/{rel}","templated":true}]}}