{"id":1031,"date":"2018-04-03T16:47:16","date_gmt":"2018-04-03T14:47:16","guid":{"rendered":"https:\/\/www.suisselab.ch\/?page_id=1031"},"modified":"2023-08-18T11:47:40","modified_gmt":"2023-08-18T09:47:40","slug":"diagnostic-des-epizooties","status":"publish","type":"page","link":"https:\/\/www.suisselab.ch\/fr\/dienstleistungen\/diagnostic-des-epizooties\/","title":{"rendered":"Diagnostic des \u00e9pizooties"},"content":{"rendered":"<section class=\"l-section wpb_row us_custom_5e7615f8 height_auto with_img\"><div class=\"l-section-img\" role=\"img\" data-img-width=\"1500\" data-img-height=\"1000\" style=\"background-image: url(https:\/\/www.suisselab.ch\/wp-content\/uploads\/2018\/04\/D5A1989.jpg);background-position: top center;\"><\/div><div class=\"l-section-h i-cf\"><div class=\"g-cols vc_row via_flex valign_bottom type_default stacking_default\"><div class=\"vc_col-sm-12 wpb_column vc_column_container\"><div class=\"vc_column-inner\"><div class=\"wpb_wrapper\"><div class=\"wpb_text_column us_custom_2dba4929 promo\"><div class=\"wpb_wrapper\"><h1>Diagnostic des \u00e9pizooties<\/h1>\n<\/div><\/div><\/div><\/div><\/div><\/div><\/div><\/section><section class=\"l-section wpb_row height_auto\"><div class=\"l-section-h i-cf\"><div class=\"g-cols vc_row via_flex valign_bottom type_default stacking_default\"><div class=\"vc_col-sm-12 wpb_column vc_column_container\"><div class=\"vc_column-inner\"><div class=\"wpb_wrapper\"><div class=\"wpb_text_column us_custom_2dba4929 promotext\"><div class=\"wpb_wrapper\"><p>Suisselab SA surveille diverses \u00e9pizooties dans le lait commercialis\u00e9 sur mandat de l\u2019Office f\u00e9d\u00e9ral de la s\u00e9curit\u00e9 alimentaire et des affaires v\u00e9t\u00e9rinaires (OSAV). En outre, Suisselab SA analyse des \u00e9chantillons de lait sur mandat de v\u00e9t\u00e9rinaires, de d\u00e9tenteurs d\u2019animaux et d\u2019organes cantonaux d\u2019ex\u00e9cution.<\/p>\n<\/div><\/div><\/div><\/div><\/div><\/div><\/div><\/section><section class=\"l-section wpb_row height_medium\"><div class=\"l-section-h i-cf\"><div class=\"g-cols vc_row via_flex valign_top type_default stacking_default\"><div class=\"vc_col-sm-8 wpb_column vc_column_container\"><div class=\"vc_column-inner\"><div class=\"wpb_wrapper\"><div class=\"wpb_text_column haupttext\"><div class=\"wpb_wrapper\"><h2>Le lait contient beaucoup d\u2019informations<\/h2>\n<p>Depuis 2012, Suisselab SA est charg\u00e9e de surveiller les \u00e9pizooties. Pour ce faire, nous analysons des \u00e9chantillons de lait de tank selon divers crit\u00e8res de teneur et de qualit\u00e9 dans le cadre du contr\u00f4le du lait.<\/p>\n<p>La surveillance des \u00e9pizooties suit un plan d\u2019analyses annuel \u00e9tablit par l\u2019OSAV. Ce plan comprend les \u00e9pizooties \u00e0 \u00e9liminer suivantes\u00a0: rhinotrach\u00e9ite infectieuse bovine (IBR), leucose bovine enzootique (EBL) et diarrh\u00e9e virale bovine (BVD).<\/p>\n<p>Tous les r\u00e9sultats des analyses de lait de tanks sont annonc\u00e9s au syst\u00e8me d\u2019information de laboratoire Alis de l\u2019OSAV, les r\u00e9sultats positifs \u00e9galement aux organes cantonaux ex\u00e9cutifs sous forme d\u2019un rapport d\u2019analyse. Les cantons contr\u00f4lent les troupeaux concern\u00e9s au moyen d\u2019examens s\u00e9rologiques et prennent d\u2019autres mesures \u00e9ventuelles.<\/p>\n<\/div><\/div><div class=\"w-separator size_custom\" style=\"height:32px\"><\/div><div class=\"w-tabs us_custom_5b12dde4 style_default switch_click accordion has_scrolling\" style=\"--sections-title-size:28px\"><div class=\"w-tabs-sections titles-align_none icon_chevron cpos_right\"><div class=\"w-tabs-section\" id=\"laa6\"><button class=\"w-tabs-section-header\" aria-controls=\"content-laa6\" aria-expanded=\"false\"><h2 class=\"w-tabs-section-title\">M\u00e9thode<\/h2><div class=\"w-tabs-section-control\"><\/div><\/button><div  class=\"w-tabs-section-content\" id=\"content-laa6\"><div class=\"w-tabs-section-content-h i-cf\"><div class=\"wpb_text_column\"><div class=\"wpb_wrapper\"><h3>M\u00e9thode<\/h3>\n<p>Les \u00e9chantillons de lait de tank sont analys\u00e9s quant \u00e0 la pr\u00e9sence d\u2019anticorps contre les agents pathog\u00e8nes des \u00e9pizooties. Les kits de test ELISA autoris\u00e9s par l\u2019OSAV sont utilis\u00e9s pour ce faire.<\/p>\n<\/div><\/div><\/div><\/div><\/div><div class=\"w-tabs-section\" id=\"q2ec\"><button class=\"w-tabs-section-header\" aria-controls=\"content-q2ec\" aria-expanded=\"false\"><h2 class=\"w-tabs-section-title\">Prix et conditions<\/h2><div class=\"w-tabs-section-control\"><\/div><\/button><div  class=\"w-tabs-section-content\" id=\"content-q2ec\"><div class=\"w-tabs-section-content-h i-cf\"><div class=\"wpb_text_column\"><div class=\"wpb_wrapper\"><h3>Prix<\/h3>\n<p>Programmes nationaux d\u2019analyse de l\u2019OSAV\u00a0: l\u2019ex\u00e9cution et l\u2019indemnisation de la surveillance des \u00e9pizooties sont fix\u00e9es dans un contrat quadriennal entre l\u2019OSAV et Suisselab SA.<\/p>\n<p>Analyses pour v\u00e9t\u00e9rinaires, d\u00e9tenteurs d\u2019animaux et organes ex\u00e9cutifs\u00a0:<br \/>\nParam\u00e8tre analys\u00e9\u00a0: identification d\u2019anticorps contre IBR, EBL et BVD<br \/>\nM\u00e9thode\u00a0: ELISA<br \/>\nPrix\u00a0: Fr. 29.\u2013\/analyse<\/p>\n<h3>Conditions<\/h3>\n<p>Le mat\u00e9riel d\u2019\u00e9chantillonnage, l\u2019analyse et la transmission du r\u00e9sultat sont compris dans le prix.<br \/>\n<a class=\"download-link filetype-icon filetype-pdf\"\n   title=\"\" href=\"https:\/\/www.suisselab.ch\/fr\/download\/liste-des-prix-2020\/?tmstv=1776400209\" rel=\"nofollow\">\n\tListe des prix 2026<\/a><br \/>\n<a class=\"download-link filetype-icon filetype-pdf\"\n   title=\"\" href=\"https:\/\/www.suisselab.ch\/fr\/download\/suisselab-conditions-generales\/?tmstv=1776400209\" rel=\"nofollow\">\n\tSuisselab conditions g\u00e9n\u00e9rales<\/a><\/p>\n<\/div><\/div><\/div><\/div><\/div><div class=\"w-tabs-section\" id=\"v7ac\"><button class=\"w-tabs-section-header\" aria-controls=\"content-v7ac\" aria-expanded=\"false\"><h2 class=\"w-tabs-section-title\">Documents<\/h2><div class=\"w-tabs-section-control\"><\/div><\/button><div  class=\"w-tabs-section-content\" id=\"content-v7ac\"><div class=\"w-tabs-section-content-h i-cf\"><div class=\"wpb_text_column\"><div class=\"wpb_wrapper\"><p><a href=\"https:\/\/www.blv.admin.ch\/dam\/blv\/de\/dokumente\/tiere\/tierkrankheiten-und-arzneimittel\/tierseuchendiagnostik\/liste-zugelassener-veterinaerdiagnostika.pdf.download.pdf\/Liste_zugelassener_Veterinaerdiagnostika.pdf\" target=\"_blank\" rel=\"noopener\">Liste des produits de diagnostic v\u00e9t\u00e9rinaire autoris\u00e9s de l\u2019OSAV <\/a><br \/>\n<a href=\"https:\/\/www.blv.admin.ch\/dam\/blv\/de\/dokumente\/tiere\/tierkrankheiten-und-arzneimittel\/fachinformation\/fachinformation-ibr.pdf.download.pdf\/216%20Infektioese%20bovine%20Rhinotracheitis%20de%20def%202013.pdf\">Informations sp\u00e9cifiques IBR de l\u2019OSAV<\/a><br \/>\n<a href=\"https:\/\/www.blv.admin.ch\/dam\/blv\/de\/dokumente\/tiere\/tierkrankheiten-und-arzneimittel\/fachinformation\/fachinformation-enzootische-leukose-rinder.pdf.download.pdf\/215%20Enzootische%20Leukose%20der%20Rinder%20de%20def%202013.pdf\" target=\"_blank\" rel=\"noopener\">Informations sp\u00e9cifiques EBL de l\u2019OSAV<\/a><br \/>\n<a href=\"https:\/\/www.blv.admin.ch\/dam\/blv\/de\/dokumente\/tiere\/tierkrankheiten-und-arzneimittel\/fachinformation\/fachinformation-bvd-md.pdf.download.pdf\/232%20Bovine%20Virusdiarrhoe%20de%20def%202013.pdf\">Informations sp\u00e9cifiques BVD de l\u2019OSAV<\/a><br \/>\n<a href=\"https:\/\/www.blv.admin.ch\/blv\/de\/home\/tiere\/tiergesundheit.html\" target=\"_blank\" rel=\"noopener\">Informations suppl\u00e9mentaires de l\u2019OSAV sur la sant\u00e9 animale<\/a><br \/>\n<a href=\"https:\/\/www.blv.admin.ch\/blv\/de\/home\/tiere\/tierseuchen.html\" target=\"_blank\" rel=\"noopener\">Informations suppl\u00e9mentaires de l\u2019OSAV sur les \u00e9pizooties<\/a><br \/>\n<a href=\"https:\/\/www.blv.admin.ch\/blv\/de\/home\/tiere\/tierseuchen\/tierseuchendiagnostik.html\" target=\"_blank\" rel=\"noopener\">Informations suppl\u00e9mentaires de l\u2019OSAV sur le diagnostic v\u00e9t\u00e9rinaire<\/a><\/p>\n<\/div><\/div><\/div><\/div><\/div><div class=\"w-tabs-section\" id=\"lbc0\"><button class=\"w-tabs-section-header\" aria-controls=\"content-lbc0\" aria-expanded=\"false\"><h2 class=\"w-tabs-section-title\">Questions-r\u00e9ponses<\/h2><div class=\"w-tabs-section-control\"><\/div><\/button><div  class=\"w-tabs-section-content\" id=\"content-lbc0\"><div class=\"w-tabs-section-content-h i-cf\"><div class=\"wpb_text_column\"><div class=\"wpb_wrapper\"><h3>Quel est le d\u00e9lai jusqu\u2019\u00e0 l\u2019obtention des r\u00e9sultats des examens s\u00e9rologiques du lait\u00a0?<\/h3>\n<p>Pendant les campagnes d\u2019analyses des programmes nationaux, les analyses de l\u2019IBR, de l\u2019EBL et de la BVD sont effectu\u00e9es quotidiennement ou au moins une fois par semaine. Merci de nous contacter avant l\u2019envoi d\u2019\u00e9chantillons.<\/p>\n<h3>Quels kits de test ELISA sont-ils utilis\u00e9s pour les examens s\u00e9rologiques du lait\u00a0?<\/h3>\n<p>IBR\u00a0: ID Screen IBR Milk Indirect (ID.vet)<br \/>\nEBL\u00a0: Leucosis Milk Screening ou Verification (IDEXX)<br \/>\nBVD\u00a0: SVANOVIR BVDV-Ab Confirmation (Svanova)<\/p>\n<h3>\u00c0 c\u00f4t\u00e9 du lait de tank, peut-on aussi analyser le lait d\u2019animaux individuels\u00a0?<\/h3>\n<p>Les kits de test pour l\u2019IBR et la BVD sont autoris\u00e9s tant pour le lait de tank que pour le lait d\u2019animaux individuels, les kits de test pour l\u2019EBL uniquement pour le lait de tank.<\/p>\n<\/div><\/div><\/div><\/div><\/div><div class=\"w-tabs-section\" id=\"qf22\" style=\"background:rgba(0,204,255,0.2);\"><button class=\"w-tabs-section-header\" aria-controls=\"content-qf22\" aria-expanded=\"false\"><h2 class=\"w-tabs-section-title\">Commande de mat\u00e9riel d\u2019\u00e9chantillonnage<\/h2><div class=\"w-tabs-section-control\"><\/div><\/button><div  class=\"w-tabs-section-content\" id=\"content-qf22\"><div class=\"w-tabs-section-content-h i-cf\"><div class=\"wpb_text_column\"><div class=\"wpb_wrapper\"><p>Veuillez nous contacter au 031 919 33 66 ou sur <a href=\"mailto:vmd@suisselab.ch\">vmd@suisselab.ch<\/a>.<\/p>\n<\/div><\/div><\/div><\/div><\/div><div class=\"w-tabs-section\" id=\"q5d7\"><button class=\"w-tabs-section-header\" aria-controls=\"content-q5d7\" aria-expanded=\"false\"><h2 class=\"w-tabs-section-title\">Demande d&rsquo;analyse<\/h2><div class=\"w-tabs-section-control\"><\/div><\/button><div  class=\"w-tabs-section-content\" id=\"content-q5d7\"><div class=\"w-tabs-section-content-h i-cf\"><div class=\"wpb_text_column\"><div class=\"wpb_wrapper\"><p>T\u00e9l\u00e9charger le formulaire de commande d\u2019examens s\u00e9rologiques du lait<br \/>\n<a class=\"download-link filetype-icon filetype-pdf\"\n   title=\"\" href=\"https:\/\/www.suisselab.ch\/fr\/download\/demande-danalyse-serologie-du-lait\/?tmstv=1776400209\" rel=\"nofollow\">\n\tDemande d'analyse Serologie du lait<\/a><\/p>\n<\/div><\/div><\/div><\/div><\/div><\/div><\/div><\/div><\/div><\/div><div class=\"vc_col-sm-4 wpb_column vc_column_container\"><div class=\"vc_column-inner\"><div class=\"wpb_wrapper\"><div class=\"wpb_text_column\"><div class=\"wpb_wrapper\"><h2>Conseils<\/h2>\n<\/div><\/div><div class=\"w-person layout_simple_circle\" itemscope itemtype=\"https:\/\/schema.org\/Person\"><div class=\"w-person-image\"><img loading=\"lazy\" decoding=\"async\" width=\"900\" height=\"900\" src=\"https:\/\/www.suisselab.ch\/wp-content\/uploads\/2018\/04\/Daniel_Glauser_2.jpg\" class=\"attachment-large size-large\" alt=\"\" srcset=\"https:\/\/www.suisselab.ch\/wp-content\/uploads\/2018\/04\/Daniel_Glauser_2.jpg 900w, https:\/\/www.suisselab.ch\/wp-content\/uploads\/2018\/04\/Daniel_Glauser_2-150x150.jpg 150w, https:\/\/www.suisselab.ch\/wp-content\/uploads\/2018\/04\/Daniel_Glauser_2-600x600.jpg 600w, https:\/\/www.suisselab.ch\/wp-content\/uploads\/2018\/04\/Daniel_Glauser_2-300x300.jpg 300w, https:\/\/www.suisselab.ch\/wp-content\/uploads\/2018\/04\/Daniel_Glauser_2-768x768.jpg 768w, https:\/\/www.suisselab.ch\/wp-content\/uploads\/2018\/04\/Daniel_Glauser_2-350x350.jpg 350w, https:\/\/www.suisselab.ch\/wp-content\/uploads\/2018\/04\/Daniel_Glauser_2-100x100.jpg 100w\" sizes=\"auto, (max-width: 900px) 100vw, 900px\" \/><\/div><div class=\"w-person-content\"><\/div><\/div><div class=\"wpb_text_column\"><div class=\"wpb_wrapper\"><h3>Daniel Glauser<\/h3>\n<p>Dr. med. vet. FVH, Ph.D.<br \/>\nResponsable du laboratoire de diagnostic v\u00e9t\u00e9rinaire<br \/>\n031 919 33 22<br \/>\n<a href=\"mailto:daniel.glauser@suisselab.ch\">Courriel<\/a><\/p>\n<\/div><\/div><div class=\"wpb_text_column us_custom_0fb0f71f\"><div class=\"wpb_wrapper\"><h2>Accr\u00e9ditation<\/h2>\n<\/div><\/div><div class=\"w-image align_none\"><div url class=\"w-image-h\"><img loading=\"lazy\" decoding=\"async\" width=\"120\" height=\"105\" src=\"https:\/\/www.suisselab.ch\/wp-content\/uploads\/2018\/04\/Logo_SAS_2.jpg\" class=\"attachment-large size-large\" alt=\"\" \/><\/div><\/div><div class=\"wpb_text_column\"><div class=\"wpb_wrapper\"><p>Les analyses du diagnostic v\u00e9t\u00e9rinaire sont effectu\u00e9es dans le champ d\u2019application de l\u2019accr\u00e9ditation selon ISO\/EN 17025 (<a class=\"download-link filetype-icon filetype-pdf\"\n   title=\"\" href=\"https:\/\/www.suisselab.ch\/fr\/download\/registre-sts-0235-2\/?tmstv=1776400209\" rel=\"nofollow\">\n\tRegistre STS 0235<\/a>)<\/p>\n<\/div><\/div><\/div><\/div><\/div><\/div><\/div><\/section>\n","protected":false},"excerpt":{"rendered":"Diagnostic des \u00e9pizooties Suisselab SA surveille diverses \u00e9pizooties dans le lait commercialis\u00e9 sur mandat de l\u2019Office f\u00e9d\u00e9ral de la s\u00e9curit\u00e9 alimentaire et des affaires v\u00e9t\u00e9rinaires (OSAV). En outre, Suisselab SA analyse des \u00e9chantillons de lait sur mandat de v\u00e9t\u00e9rinaires, de d\u00e9tenteurs d\u2019animaux et d\u2019organes cantonaux d\u2019ex\u00e9cution. Le lait contient beaucoup d\u2019informations Depuis 2012, Suisselab SA...","protected":false},"author":2,"featured_media":0,"parent":1014,"menu_order":0,"comment_status":"closed","ping_status":"closed","template":"","meta":{"footnotes":""},"class_list":["post-1031","page","type-page","status-publish","hentry"],"_links":{"self":[{"href":"https:\/\/www.suisselab.ch\/fr\/wp-json\/wp\/v2\/pages\/1031","targetHints":{"allow":["GET"]}}],"collection":[{"href":"https:\/\/www.suisselab.ch\/fr\/wp-json\/wp\/v2\/pages"}],"about":[{"href":"https:\/\/www.suisselab.ch\/fr\/wp-json\/wp\/v2\/types\/page"}],"author":[{"embeddable":true,"href":"https:\/\/www.suisselab.ch\/fr\/wp-json\/wp\/v2\/users\/2"}],"replies":[{"embeddable":true,"href":"https:\/\/www.suisselab.ch\/fr\/wp-json\/wp\/v2\/comments?post=1031"}],"version-history":[{"count":0,"href":"https:\/\/www.suisselab.ch\/fr\/wp-json\/wp\/v2\/pages\/1031\/revisions"}],"up":[{"embeddable":true,"href":"https:\/\/www.suisselab.ch\/fr\/wp-json\/wp\/v2\/pages\/1014"}],"wp:attachment":[{"href":"https:\/\/www.suisselab.ch\/fr\/wp-json\/wp\/v2\/media?parent=1031"}],"curies":[{"name":"wp","href":"https:\/\/api.w.org\/{rel}","templated":true}]}}