{"id":1027,"date":"2018-04-03T16:43:41","date_gmt":"2018-04-03T14:43:41","guid":{"rendered":"https:\/\/www.suisselab.ch\/?page_id=1027"},"modified":"2025-02-10T11:40:00","modified_gmt":"2025-02-10T10:40:00","slug":"controle-du-lait-cl","status":"publish","type":"page","link":"https:\/\/www.suisselab.ch\/fr\/dienstleistungen\/controle-du-lait-cl\/","title":{"rendered":"Contr\u00f4le du lait (CL)"},"content":{"rendered":"<section class=\"l-section wpb_row suisselab-hero-klein height_auto with_img\"><div class=\"l-section-img\" role=\"img\" data-img-width=\"1500\" data-img-height=\"1000\" style=\"background-image: url(https:\/\/www.suisselab.ch\/wp-content\/uploads\/2018\/04\/D5A3428.jpg);background-position: top center;\"><\/div><div class=\"l-section-h i-cf\"><div class=\"g-cols vc_row via_flex valign_bottom type_default stacking_default\"><div class=\"vc_col-sm-12 wpb_column vc_column_container\"><div class=\"vc_column-inner\"><div class=\"wpb_wrapper\"><div class=\"wpb_text_column us_custom_2dba4929 promo\"><div class=\"wpb_wrapper\"><h1>Contr\u00f4le du lait (CL)<\/h1>\n<\/div><\/div><\/div><\/div><\/div><\/div><\/div><\/section><section class=\"l-section wpb_row height_auto\"><div class=\"l-section-h i-cf\"><div class=\"g-cols vc_row via_flex valign_bottom type_default stacking_default\"><div class=\"vc_col-sm-12 wpb_column vc_column_container\"><div class=\"vc_column-inner\"><div class=\"wpb_wrapper\"><div class=\"wpb_text_column us_custom_2dba4929 promotext\"><div class=\"wpb_wrapper\"><p>Suisselab SA effectue le contr\u00f4le du lait de droit public sur mandat de toute la branche laiti\u00e8re ainsi que de l\u2019Office f\u00e9d\u00e9ral de la s\u00e9curit\u00e9 alimentaire et des affaires v\u00e9t\u00e9rinaires (OSAV).<\/p>\n<\/div><\/div><\/div><\/div><\/div><\/div><\/div><\/section><section class=\"l-section wpb_row height_medium\"><div class=\"l-section-h i-cf\"><div class=\"g-cols vc_row via_flex valign_top type_default stacking_default\"><div class=\"vc_col-sm-8 wpb_column vc_column_container\"><div class=\"vc_column-inner\"><div class=\"wpb_wrapper\"><div class=\"wpb_text_column haupttext\"><div class=\"wpb_wrapper\"><h2>Le contr\u00f4le du lait garantit la qualit\u00e9 de base<\/h2>\n<p><strong>Le lait de tank de chaque producteur de lait suisse est analys\u00e9 deux fois par mois selon des param\u00e8tres d\u00e9finis de qualit\u00e9 et de teneurs. Les r\u00e9sultats fournissent des informations sur la qualit\u00e9 du lait aux acheteurs et aux transformateurs de lait. Ils constituent souvent la base des syst\u00e8mes de paiement selon la qualit\u00e9.<\/strong><\/p>\n<p>Le droit public prescrit l\u2019analyse bimensuelle du nombre de germes, du nombre de cellules et des substances inhibitrices. De plus, les teneurs de graisse et de prot\u00e9ines, l\u2019ur\u00e9e, la cas\u00e9ine, le point de cong\u00e9lation, la lactose et les acides-gras libres sont d\u00e9termin\u00e9s dans les \u00e9chantillons du contr\u00f4le du lait.<\/p>\n<\/div><\/div><div class=\"wpb_text_column vorteile\"><div class=\"wpb_wrapper\"><h2>Vos avantages<\/h2>\n<ul>\n<li>Assurance de la qualit\u00e9 de base du lait en Suisse<\/li>\n<li>R\u00e9sultats de qualit\u00e9 irr\u00e9prochable<\/li>\n<li>Prix avantageux gr\u00e2ce \u00e0 l\u2019efficacit\u00e9 des processus, aux \u00e9conomies d\u2019\u00e9chelle et \u00e0 la contribution f\u00e9d\u00e9rale<\/li>\n<li>L\u2019ex\u00e9cution du contr\u00f4le du lait correspond aux exigences l\u00e9gales des accords bilat\u00e9raux avec l\u2019UE et assure ainsi la conformit\u00e9 des produits pour l\u2019exportation.<\/li>\n<\/ul>\n<\/div><\/div><div class=\"w-separator size_custom\" style=\"height:32px\"><\/div><div class=\"w-tabs us_custom_5b12dde4 style_default switch_click accordion has_scrolling\" style=\"--sections-title-size:28px\"><div class=\"w-tabs-sections titles-align_none icon_chevron cpos_right\"><div class=\"w-tabs-section\" id=\"l1a6\"><button class=\"w-tabs-section-header\" aria-controls=\"content-l1a6\" aria-expanded=\"false\"><h2 class=\"w-tabs-section-title\">M\u00e9thode\/r\u00e9sultat<\/h2><div class=\"w-tabs-section-control\"><\/div><\/button><div  class=\"w-tabs-section-content\" id=\"content-l1a6\"><div class=\"w-tabs-section-content-h i-cf\"><div class=\"wpb_text_column\"><div class=\"wpb_wrapper\"><h3>M\u00e9thode<\/h3>\n<p>Le nombre de germes est d\u00e9termin\u00e9 \u00e0 l\u2019aide de la cytom\u00e9trie en flux par fluorescence optique avec des appareils BactoScan-FC. La graisse, les prot\u00e9ines, l\u2019ur\u00e9e, la cas\u00e9ine et le point de cong\u00e9lation sont d\u00e9termin\u00e9s au moyen de la spectroscopie infrarouge avec des appareils Milko-Scan-FT. Enfin, le nombre de cellules est identifi\u00e9 par fluorescence optique avec un appareil Fossomatic-FC. Pour l\u2019analyse des substances inhibitrices, nous utilisons la m\u00e9thode microbiologique BRT d\u2019AiM Bayern. Les m\u00e9thodes autoris\u00e9es sont d\u00e9finies dans la \u00ab\u00a0Directive technique concernant l\u2019ex\u00e9cution du contr\u00f4le du lait\u00a0\u00bb de l\u2019OSAV.<br \/>\n<a class=\"download-link filetype-icon filetype-pdf\"\n   title=\"\" href=\"https:\/\/www.suisselab.ch\/fr\/download\/dt-concernant-lexecution-du-controle-du-lait\/?tmstv=1776604144\" rel=\"nofollow\">\n\tDT concernant l\u2019ex\u00e9cution du contr\u00f4le du lait<\/a><\/p>\n<h3>R\u00e9sultat<\/h3>\n<p>Les r\u00e9sultats de l\u2019analyse de droit public et de droit priv\u00e9 des \u00e9chantillons de lait sont transmis par TSM Fiduciaire S\u00e0rl par la bdlait.ch, par SMS ou courrier \u00e9lectronique, aux producteurs et aux acheteurs de lait.<\/p>\n<\/div><\/div><\/div><\/div><\/div><div class=\"w-tabs-section\" id=\"k565\"><button class=\"w-tabs-section-header\" aria-controls=\"content-k565\" aria-expanded=\"false\"><h2 class=\"w-tabs-section-title\">\u00c9chantillonnage<\/h2><div class=\"w-tabs-section-control\"><\/div><\/button><div  class=\"w-tabs-section-content\" id=\"content-k565\"><div class=\"w-tabs-section-content-h i-cf\"><div class=\"wpb_text_column\"><div class=\"wpb_wrapper\"><p>Les \u00e9chantillons doivent \u00eatre repr\u00e9sentatifs du lait \u00e0 analyser. Une partie du lait est pr\u00e9lev\u00e9e pour l\u2019\u00e9chantillon pendant l\u2019aspiration. En cas d\u2019\u00e9chantillonnage manuel \u00e0 partir de pots, il faut de plus veiller \u00e0 pr\u00e9lever la m\u00eame quantit\u00e9 dans chaque r\u00e9cipient. Les \u00e9chantillons \u00e9tant aussi analys\u00e9s quant au nombre de germes, il faut veiller \u00e0 ce qu\u2019aucun germe ne puisse p\u00e9n\u00e9trer dans l\u2019\u00e9chantillon et \u00e0 ce que l\u2019\u00e9chantillon soit imm\u00e9diatement refroidi \u00e0 moins de 5\u00b0C.<\/p>\n<\/div><\/div><\/div><\/div><\/div><div class=\"w-tabs-section\" id=\"a94e\"><button class=\"w-tabs-section-header\" aria-controls=\"content-a94e\" aria-expanded=\"false\"><h2 class=\"w-tabs-section-title\">Prix et conditions<\/h2><div class=\"w-tabs-section-control\"><\/div><\/button><div  class=\"w-tabs-section-content\" id=\"content-a94e\"><div class=\"w-tabs-section-content-h i-cf\"><div class=\"wpb_text_column\"><div class=\"wpb_wrapper\"><h3>Prix<\/h3>\n<p>Les prix annuels du CL sont fix\u00e9s contractuellement entre les organisations nationales de la branche laiti\u00e8re et Suisselab SA. La Conf\u00e9d\u00e9ration apporte une contribution financi\u00e8re aux co\u00fbts du CL.<\/p>\n<h3>Conditions<\/h3>\n<p>Le mat\u00e9riel d\u2019\u00e9chantillonnage, l\u2019analyse et la transmission du r\u00e9sultat sont compris dans le prix.<br \/>\n<a class=\"download-link filetype-icon filetype-pdf\"\n   title=\"\" href=\"https:\/\/www.suisselab.ch\/fr\/download\/liste-des-prix-2020\/?tmstv=1776604144\" rel=\"nofollow\">\n\tListe des prix 2026<\/a><br \/>\n<a class=\"download-link filetype-icon filetype-pdf\"\n   title=\"\" href=\"https:\/\/www.suisselab.ch\/fr\/download\/suisselab-conditions-generales\/?tmstv=1776604144\" rel=\"nofollow\">\n\tSuisselab conditions g\u00e9n\u00e9rales<\/a><\/p>\n<\/div><\/div><\/div><\/div><\/div><div class=\"w-tabs-section\" id=\"pa13\"><button class=\"w-tabs-section-header\" aria-controls=\"content-pa13\" aria-expanded=\"false\"><h2 class=\"w-tabs-section-title\">Documents<\/h2><div class=\"w-tabs-section-control\"><\/div><\/button><div  class=\"w-tabs-section-content\" id=\"content-pa13\"><div class=\"w-tabs-section-content-h i-cf\"><div class=\"wpb_text_column\"><div class=\"wpb_wrapper\"><h3>Instructions de travail<\/h3>\n<p>Dispositions d\u2019ex\u00e9cution relatives \u00e0 l\u2019\u00e9chantillonnage pour le contr\u00f4le du lait<br \/>\n<a class=\"download-link filetype-icon filetype-pdf\"\n   title=\"\" href=\"https:\/\/www.suisselab.ch\/fr\/download\/dispositions-dexecution-relatives-a-lechantillonnage-pour-le-controle-du-lait\/?tmstv=1776604144\" rel=\"nofollow\">\n\tDispositions d\u2019ex\u00e9cution relatives \u00e0 l\u2019\u00e9chantillonnage pour le contr\u00f4le du lait<\/a><\/p>\n<p>Instructions de travail relatives \u00e0 l\u2019\u00e9chantillonnage CL manuel<br \/>\n<a class=\"download-link filetype-icon filetype-pdf\"\n   title=\"\" href=\"https:\/\/www.suisselab.ch\/fr\/download\/instructions-de-travail-relatives-a-lechantillonnage-cl-manuel-2\/?tmstv=1776604144\" rel=\"nofollow\">\n\tInstructions de travail relatives \u00e0 l\u2019\u00e9chantillonnage CL manuel<\/a><\/p>\n<p>Formulaire pour le pr\u00e9l\u00e8vement manuel des \u00e9chantillons de contr\u00f4le du lait<br \/>\n<a class=\"download-link filetype-icon filetype-pdf\"\n   title=\"\" href=\"https:\/\/www.suisselab.ch\/fr\/download\/formulaire-pour-le-prelevement-manuel-des-echantillons-a-lechantillonnage\/?tmstv=1776604144\" rel=\"nofollow\">\n\tAttestation de formation pour le pr\u00e9l\u00e8vement des \u00e9chantillons manuel<\/a><\/p>\n<p>Instructions de travail relatives \u00e0 l\u2019\u00e9chantillonnage CL automatis\u00e9<br \/>\n<a class=\"download-link filetype-icon filetype-pdf\"\n   title=\"\" href=\"https:\/\/www.suisselab.ch\/fr\/download\/instructions-de-travail-relatives-a-lechantillonnage-cl-manuel\/?tmstv=1776604144\" rel=\"nofollow\">\n\tInstructions de travail relatives \u00e0 l\u2019\u00e9chantillonnage CL automatis\u00e9<\/a><\/p>\n<p>Formulaire confirmation de formation pour AP<br \/>\n<a class=\"download-link filetype-icon filetype-pdf\"\n   title=\"\" href=\"https:\/\/www.suisselab.ch\/fr\/download\/formulaire-confirmation-de-formation-pour-ap-2\/?tmstv=1776604144\" rel=\"nofollow\">\n\tAttestation de formation pour le pr\u00e9l\u00e8vement des \u00e9chantillons automatis\u00e9<\/a><\/p>\n<p>Instructions de travail relatives \u00e0 l\u2019\u00e9chantillonnage CL automatis\u00e9 stationnaire<br \/>\n<a class=\"download-link filetype-icon filetype-pdf\"\n   title=\"\" href=\"https:\/\/www.suisselab.ch\/fr\/download\/instructions-de-travail-relatives-a-lechantillonnage-cl-automatise-stationnaire\/?tmstv=1776604144\" rel=\"nofollow\">\n\tInstructions de travail relatives \u00e0 l\u2019\u00e9chantillonnage CL automatis\u00e9 stationnaire<\/a><\/p>\n<p>Attestation de formation pour le pr\u00e9l\u00e8vement des \u00e9chantillons automatis\u00e9 stationnaire<br \/>\n<a class=\"download-link filetype-icon filetype-pdf\"\n   title=\"Version attestation de formation pour le pr\u00e9l\u00e8vement des \u00e9chantillons automatis\u00e9 stationnaire\" href=\"https:\/\/www.suisselab.ch\/fr\/download\/attestation-de-formation-pour-le-prelevement-des-echantillons-automatise-statonnaire\/?tmstv=1776604144\" rel=\"nofollow\">\n\tAttestation de formation pour le pr\u00e9l\u00e8vement des \u00e9chantillons automatis\u00e9 statonnaire<\/a><\/p>\n<h3>Bases l\u00e9gales<\/h3>\n<p>Ordonnance sur le contr\u00f4le du lait<br \/>\n<a href=\"https:\/\/www.admin.ch\/opc\/de\/classified-compilation\/20100941\/index.html\" target=\"_blank\" rel=\"noopener\">Ordonnance sur le contr\u00f4le du lait (OCL ; RS 916.351.0)<\/a><\/p>\n<p>Ordonnance r\u00e9glant l\u2019hygi\u00e8ne dans la production laiti\u00e8re<br \/>\n<a href=\"https:\/\/www.admin.ch\/opc\/de\/classified-compilation\/20051436\/index.html\" target=\"_blank\" rel=\"noopener\">Ordonnance r\u00e9glant l\u2019hygi\u00e8ne dans la production laiti\u00e8re (OHyPL ; RS 916.351.021.1)<\/a><\/p>\n<p>Directive technique concernant l\u2019ex\u00e9cution du contr\u00f4le du lait<br \/>\n<a class=\"download-link filetype-icon filetype-pdf\"\n   title=\"\" href=\"https:\/\/www.suisselab.ch\/fr\/download\/dt-concernant-lexecution-du-controle-du-lait\/?tmstv=1776604144\" rel=\"nofollow\">\n\tDT concernant l\u2019ex\u00e9cution du contr\u00f4le du lait<\/a><\/p>\n<h3>Documents<\/h3>\n<p>Explications relatives aux rapports d&rsquo;analyse FO_925<br \/>\n<a class=\"download-link filetype-icon filetype-pdf\"\n   title=\"\" href=\"https:\/\/www.suisselab.ch\/fr\/download\/explications-relatives-aux-rapports-danalyse-fo_925\/?tmstv=1776604144\" rel=\"nofollow\">\n\tExplications relatives aux rapports d'analyse FO_925<\/a><\/p>\n<\/div><\/div><\/div><\/div><\/div><div class=\"w-tabs-section\" id=\"ae23\"><button class=\"w-tabs-section-header\" aria-controls=\"content-ae23\" aria-expanded=\"false\"><h2 class=\"w-tabs-section-title\">Questions-r\u00e9ponses<\/h2><div class=\"w-tabs-section-control\"><\/div><\/button><div  class=\"w-tabs-section-content\" id=\"content-ae23\"><div class=\"w-tabs-section-content-h i-cf\"><div class=\"wpb_text_column\"><div class=\"wpb_wrapper\"><h3>Peut-on r\u00e9p\u00e9ter l\u2019\u00e9chantillonnage si je ne suis pas d\u2019accord avec un \u00e9chantillon\u00a0?<\/h3>\n<p>L\u2019\u00e9chantillonnage n\u2019est pas r\u00e9p\u00e9t\u00e9 pour un \u00e9chantillon individuel. Si l\u2019on constate n\u00e9anmoins des erreurs lors de l\u2019\u00e9chantillonnage ou du transport dans toute une soci\u00e9t\u00e9 ou toute une tourn\u00e9e de collecte \u00e0 la ferme, il est possible de r\u00e9p\u00e9ter l\u2019\u00e9chantillonnage.<\/p>\n<h3>Puis-je faire recours contre le r\u00e9sultat du contr\u00f4le du lait\u00a0?<\/h3>\n<p>Un producteur qui n\u2019est pas d\u2019accord avec le r\u00e9sultat du contr\u00f4le du lait peut d\u00e9poser un recours aupr\u00e8s de Suisselab. Si une erreur est constat\u00e9e et si par cons\u00e9quent des doutes existent concernant l\u2019exactitude du r\u00e9sultat, ce dernier est annul\u00e9. Si le recours est rejet\u00e9 et si le producteur n\u2019est pas d\u2019accord, il peut d\u00e9poser un recours aupr\u00e8s de la commission de recours.<\/p>\n<h3>O\u00f9 les r\u00e9sultats du contr\u00f4le du lait figurent-ils\u00a0?<\/h3>\n<p>Les r\u00e9sultats du contr\u00f4le du lait sont transmis aux producteurs et aux acheteurs de lait par TSM Fiduciaire S\u00e0rl. Ils peuvent \u00eatre re\u00e7us par SMS ou \u00eatre consult\u00e9s sur bdlait.ch.<\/p>\n<h3>Pourquoi peut-il y avoir des diff\u00e9rences si le lait est analys\u00e9 dans un autre laboratoire\u00a0?<\/h3>\n<p>La plus grande diff\u00e9rence provient souvent de l\u2019\u00e9chantillon lui-m\u00eame. Seul le m\u00eame \u00e9chantillon est vraiment pareil. Si des \u00e9chantillons sont pr\u00e9lev\u00e9s des jours diff\u00e9rents ou si deux \u00e9chantillons sont pr\u00e9lev\u00e9s l\u2019un apr\u00e8s l\u2019autre, m\u00eame \u00e0 intervalle tr\u00e8s court, il ne s\u2019agit pas du m\u00eame \u00e9chantillon. Pour obtenir le m\u00eame \u00e9chantillon, il faudrait pr\u00e9lever, m\u00e9langer et diviser en deux un grand \u00e9chantillon. S\u2019ajoute \u00e0 cela que les laboratoires n\u2019utilisent pas tous les m\u00eames m\u00e9thodes d\u2019analyse. Enfin, chaque m\u00e9thode poss\u00e8de une incertitude de mesure, \u00e0 savoir que les r\u00e9sultats peuvent varier dans une fourchette bien d\u00e9finie en cas de mesures r\u00e9p\u00e9t\u00e9es.<\/p>\n<\/div><\/div><\/div><\/div><\/div><\/div><\/div><\/div><\/div><\/div><div class=\"vc_col-sm-4 wpb_column vc_column_container\"><div class=\"vc_column-inner\"><div class=\"wpb_wrapper\"><div class=\"wpb_text_column\"><div class=\"wpb_wrapper\"><h2>Conseils<\/h2>\n<\/div><\/div><div class=\"w-person layout_simple_circle\" itemscope itemtype=\"https:\/\/schema.org\/Person\"><div class=\"w-person-image\"><img loading=\"lazy\" decoding=\"async\" width=\"350\" height=\"350\" src=\"https:\/\/www.suisselab.ch\/wp-content\/uploads\/2025\/02\/Bild-Steffi-350x350.jpg\" class=\"attachment-us_350_350_crop size-us_350_350_crop\" alt=\"\" srcset=\"https:\/\/www.suisselab.ch\/wp-content\/uploads\/2025\/02\/Bild-Steffi-350x350.jpg 350w, https:\/\/www.suisselab.ch\/wp-content\/uploads\/2025\/02\/Bild-Steffi-150x150.jpg 150w, https:\/\/www.suisselab.ch\/wp-content\/uploads\/2025\/02\/Bild-Steffi-600x600.jpg 600w\" sizes=\"auto, (max-width: 350px) 100vw, 350px\" \/><\/div><div class=\"w-person-content\"><\/div><\/div><div class=\"wpb_text_column\"><div class=\"wpb_wrapper\"><h3>Stefanie M\u00fcller<\/h3>\n<p>Responsable du laboratoire d&rsquo;analyses laiti\u00e8res<br \/>\n031 919 33 14<br \/>\n<a href=\"mailto:stefanie.mueller@suisselab.ch\">Courriel<\/a><\/p>\n<\/div><\/div><div class=\"wpb_text_column us_custom_0fb0f71f\"><div class=\"wpb_wrapper\"><h2>Accr\u00e9ditation<\/h2>\n<\/div><\/div><div class=\"w-image align_none\"><div url class=\"w-image-h\"><img loading=\"lazy\" decoding=\"async\" width=\"120\" height=\"105\" src=\"https:\/\/www.suisselab.ch\/wp-content\/uploads\/2018\/04\/Logo_SAS_2.jpg\" class=\"attachment-full size-full\" alt=\"\" \/><\/div><\/div><div class=\"wpb_text_column\"><div class=\"wpb_wrapper\"><p>Les analyses du contr\u00f4le du lait sont effectu\u00e9es dans le champ d\u2019application de l\u2019accr\u00e9ditation selon ISO\/EN 17025 (<a class=\"download-link filetype-icon filetype-pdf\"\n   title=\"\" href=\"https:\/\/www.suisselab.ch\/fr\/download\/registre-sts-0235-2\/?tmstv=1776604144\" rel=\"nofollow\">\n\tRegistre STS 0235<\/a>).<\/p>\n<\/div><\/div><\/div><\/div><\/div><\/div><\/div><\/section>\n","protected":false},"excerpt":{"rendered":"Contr\u00f4le du lait (CL) Suisselab SA effectue le contr\u00f4le du lait de droit public sur mandat de toute la branche laiti\u00e8re ainsi que de l\u2019Office f\u00e9d\u00e9ral de la s\u00e9curit\u00e9 alimentaire et des affaires v\u00e9t\u00e9rinaires (OSAV). Le contr\u00f4le du lait garantit la qualit\u00e9 de base Le lait de tank de chaque producteur de lait suisse est...","protected":false},"author":2,"featured_media":0,"parent":1014,"menu_order":0,"comment_status":"closed","ping_status":"closed","template":"","meta":{"footnotes":""},"class_list":["post-1027","page","type-page","status-publish","hentry"],"_links":{"self":[{"href":"https:\/\/www.suisselab.ch\/fr\/wp-json\/wp\/v2\/pages\/1027","targetHints":{"allow":["GET"]}}],"collection":[{"href":"https:\/\/www.suisselab.ch\/fr\/wp-json\/wp\/v2\/pages"}],"about":[{"href":"https:\/\/www.suisselab.ch\/fr\/wp-json\/wp\/v2\/types\/page"}],"author":[{"embeddable":true,"href":"https:\/\/www.suisselab.ch\/fr\/wp-json\/wp\/v2\/users\/2"}],"replies":[{"embeddable":true,"href":"https:\/\/www.suisselab.ch\/fr\/wp-json\/wp\/v2\/comments?post=1027"}],"version-history":[{"count":0,"href":"https:\/\/www.suisselab.ch\/fr\/wp-json\/wp\/v2\/pages\/1027\/revisions"}],"up":[{"embeddable":true,"href":"https:\/\/www.suisselab.ch\/fr\/wp-json\/wp\/v2\/pages\/1014"}],"wp:attachment":[{"href":"https:\/\/www.suisselab.ch\/fr\/wp-json\/wp\/v2\/media?parent=1027"}],"curies":[{"name":"wp","href":"https:\/\/api.w.org\/{rel}","templated":true}]}}