{"id":1023,"date":"2018-04-03T16:41:58","date_gmt":"2018-04-03T14:41:58","guid":{"rendered":"https:\/\/www.suisselab.ch\/?page_id=1023"},"modified":"2025-02-24T10:18:40","modified_gmt":"2025-02-24T09:18:40","slug":"prestations-danalyse","status":"publish","type":"page","link":"https:\/\/www.suisselab.ch\/fr\/dienstleistungen\/prestations-danalyse\/","title":{"rendered":"Prestations d\u2019analyse"},"content":{"rendered":"<section class=\"l-section wpb_row suisselab-hero-klein height_auto with_img\"><div class=\"l-section-img\" role=\"img\" data-img-width=\"1500\" data-img-height=\"1000\" style=\"background-image: url(https:\/\/www.suisselab.ch\/wp-content\/uploads\/2018\/04\/D5A3359.jpg);background-position: top center;\"><\/div><div class=\"l-section-h i-cf\"><div class=\"g-cols vc_row via_flex valign_bottom type_default stacking_default\"><div class=\"vc_col-sm-12 wpb_column vc_column_container\"><div class=\"vc_column-inner\"><div class=\"wpb_wrapper\"><div class=\"wpb_text_column us_custom_2dba4929 promo\"><div class=\"wpb_wrapper\"><h1>Prestations d\u2019analyse<\/h1>\n<\/div><\/div><\/div><\/div><\/div><\/div><\/div><\/section><section class=\"l-section wpb_row height_auto\"><div class=\"l-section-h i-cf\"><div class=\"g-cols vc_row via_flex valign_bottom type_default stacking_default\"><div class=\"vc_col-sm-12 wpb_column vc_column_container\"><div class=\"vc_column-inner\"><div class=\"wpb_wrapper\"><div class=\"wpb_text_column us_custom_2dba4929 promotext\"><div class=\"wpb_wrapper\"><p>Suisselab SA est l\u2019interlocuteur national pour les analyses de lait modulables et r\u00e9pondant aux besoins des clients. De l\u2019analyse individuelle jusqu\u2019au programme national, nous proposons des prestations comp\u00e9tentes, avantageuses et, si n\u00e9cessaire, sur mesure.<\/p>\n<\/div><\/div><\/div><\/div><\/div><\/div><\/div><\/section><section class=\"l-section wpb_row height_medium\"><div class=\"l-section-h i-cf\"><div class=\"g-cols vc_row via_flex valign_top type_default stacking_default\"><div class=\"vc_col-sm-8 wpb_column vc_column_container\"><div class=\"vc_column-inner\"><div class=\"wpb_wrapper\"><div class=\"wpb_text_column haupttext\"><div class=\"wpb_wrapper\"><h2>Analyses individuelles et contr\u00f4le \u00e0 la r\u00e9ception du lait des transformateurs<\/h2>\n<p>Avec deux \u00e9chantillons par exploitation productrice et par mois, le contr\u00f4le du lait contribue de mani\u00e8re importante \u00e0 l\u2019assurance de la qualit\u00e9 du lait en Suisse. En compl\u00e9ment \u00e0 ce programme national, d\u2019autres analyses des teneurs et de la qualit\u00e9 peuvent \u00eatre command\u00e9es chez Suisselab SA. L\u2019offre d\u2019analyses comprend toute la palette pour assurer un contr\u00f4le complet \u00e0 la r\u00e9ception du lait et pour la surveillance de la qualit\u00e9. Notre r\u00e9seau logistique national \u00e9prouv\u00e9, les \u00e9conomies d\u2019\u00e9chelle r\u00e9alis\u00e9es gr\u00e2ce au grand nombre d\u2019analyses ainsi que nos exigences qualitatives vous garantissent une prestation avantageuse.<\/p>\n<\/div><\/div><div class=\"wpb_text_column vorteile\"><div class=\"wpb_wrapper\"><h2>Vos avantages<\/h2>\n<ul>\n<li>Large palette d\u2019analyses des teneurs et de la qualit\u00e9<\/li>\n<li>R\u00e9sultats de qualit\u00e9 irr\u00e9prochable<\/li>\n<li>Utilisation de processus existants (\u00e9chantillonnage, logistique, transmission des r\u00e9sultats, etc.)<\/li>\n<li>Prix avantageux gr\u00e2ce \u00e0 l\u2019efficacit\u00e9 des processus et aux \u00e9conomies d\u2019\u00e9chelle<\/li>\n<\/ul>\n<\/div><\/div><div class=\"w-separator size_custom\" style=\"height:32px\"><\/div><div class=\"w-tabs us_custom_5b12dde4 style_default switch_click accordion has_scrolling\" style=\"--sections-title-size:28px\"><div class=\"w-tabs-sections titles-align_none icon_chevron cpos_right\"><div class=\"w-tabs-section\" id=\"y3d9\"><button class=\"w-tabs-section-header\" aria-controls=\"content-y3d9\" aria-expanded=\"false\"><h2 class=\"w-tabs-section-title\">R\u00e9sultat<\/h2><div class=\"w-tabs-section-control\"><\/div><\/button><div  class=\"w-tabs-section-content\" id=\"content-y3d9\"><div class=\"w-tabs-section-content-h i-cf\"><div class=\"wpb_text_column\"><div class=\"wpb_wrapper\"><h3>R\u00e9sultat<\/h3>\n<p>Le client choisit la mani\u00e8re dont le r\u00e9sultat est transmis\u00a0: envoi direct, dans diff\u00e9rents formats, ou transfert dans la base de donn\u00e9es dbmilch.ch de TSM Fiduciaire S\u00e0rl.<\/p>\n<\/div><\/div><\/div><\/div><\/div><div class=\"w-tabs-section\" id=\"y6ee\"><button class=\"w-tabs-section-header\" aria-controls=\"content-y6ee\" aria-expanded=\"false\"><h2 class=\"w-tabs-section-title\">\u00c9chantillonnage<\/h2><div class=\"w-tabs-section-control\"><\/div><\/button><div  class=\"w-tabs-section-content\" id=\"content-y6ee\"><div class=\"w-tabs-section-content-h i-cf\"><div class=\"wpb_text_column\"><div class=\"wpb_wrapper\"><p>Les \u00e9chantillons de 40 ml sont pr\u00e9lev\u00e9s par les clients eux-m\u00eames, dans l\u2019id\u00e9al au moyen des flacons utilis\u00e9s par Suisselab. Ces flacons peuvent \u00eatre command\u00e9s gratuitement aupr\u00e8s de nous. Pour l\u2019identification des substances inhibitrices et la d\u00e9termination du nombre de germes, les \u00e9chantillons doivent \u00eatre transport\u00e9s sans conservateur et \u00e0 basse temp\u00e9rature (1 \u00e0 5\u00b0C). Un bon m\u00e9lange du r\u00e9cipient (pot, tank, etc.) est important pour obtenir un r\u00e9sultat d\u2019analyse repr\u00e9sentatif.<\/p>\n<\/div><\/div><\/div><\/div><\/div><div class=\"w-tabs-section\" id=\"i3a2\"><button class=\"w-tabs-section-header\" aria-controls=\"content-i3a2\" aria-expanded=\"false\"><h2 class=\"w-tabs-section-title\">Prix et conditions<\/h2><div class=\"w-tabs-section-control\"><\/div><\/button><div  class=\"w-tabs-section-content\" id=\"content-i3a2\"><div class=\"w-tabs-section-content-h i-cf\"><div class=\"wpb_text_column\"><div class=\"wpb_wrapper\"><h3>Prix<\/h3>\n<p>Pour les commandes individuelles ou les petites commandes, veuillez consulter la liste officielle des prix. Des conditions sp\u00e9ciales valent pour les programmes d\u2019analyse r\u00e9gionaux et nationaux ainsi que pour les grandes commandes.<\/p>\n<h3>Conditions<\/h3>\n<p>Le mat\u00e9riel d\u2019\u00e9chantillonnage, l\u2019analyse et la transmission du r\u00e9sultat sont compris dans le prix.<br \/>\n<a class=\"download-link filetype-icon filetype-pdf\"\n   title=\"\" href=\"https:\/\/www.suisselab.ch\/fr\/download\/liste-des-prix-2020\/?tmstv=1776605437\" rel=\"nofollow\">\n\tListe des prix 2026<\/a><br \/>\n<a class=\"download-link filetype-icon filetype-pdf\"\n   title=\"\" href=\"https:\/\/www.suisselab.ch\/fr\/download\/suisselab-conditions-generales\/?tmstv=1776605437\" rel=\"nofollow\">\n\tSuisselab conditions g\u00e9n\u00e9rales<\/a><\/p>\n<\/div><\/div><\/div><\/div><\/div><div class=\"w-tabs-section\" id=\"s76f\"><button class=\"w-tabs-section-header\" aria-controls=\"content-s76f\" aria-expanded=\"false\"><h2 class=\"w-tabs-section-title\">Questions-r\u00e9ponses<\/h2><div class=\"w-tabs-section-control\"><\/div><\/button><div  class=\"w-tabs-section-content\" id=\"content-s76f\"><div class=\"w-tabs-section-content-h i-cf\"><div class=\"wpb_text_column\"><div class=\"wpb_wrapper\"><h3>Puis-je congeler un \u00e9chantillon destin\u00e9 \u00e0 la d\u00e9termination du nombre de germes\u00a0?<\/h3>\n<p>Les germes peuvent se multiplier lorsque l\u2019\u00e9chantillon est d\u00e9congel\u00e9 et le nombre de germes d\u00e9termin\u00e9 peut donc \u00eatre un peu plus \u00e9lev\u00e9. Ces r\u00e9sultats sont n\u00e9anmoins quand m\u00eame utilisables \u00e0 titre indicatif.<\/p>\n<h3>Puis-je envoyer un \u00e9chantillon destin\u00e9 \u00e0 la d\u00e9termination du nombre de germes par courrier postal\u00a0?<\/h3>\n<p>L\u2019\u00e9chantillon peut \u00eatre envoy\u00e9 par courrier postal si l\u2019envoi ne dure pas plus de 1 jour. Il doit n\u00e9anmoins \u00e9t\u00e9 r\u00e9frig\u00e9r\u00e9, p. ex. avec des blocs r\u00e9frig\u00e9rants ou avec une bouteille en PET contenant de l\u2019eau glac\u00e9e. Il faut n\u00e9anmoins veiller \u00e0 ce que l\u2019\u00e9chantillon ne g\u00e8le pas.<\/p>\n<h3>Dois-je pr\u00e9lever un \u00e9chantillon s\u00e9par\u00e9 pour chaque analyse\u00a0?<\/h3>\n<p>Nous pouvons effectuer toutes les analyses avec un \u00e9chantillon de 40ml. Il n\u2019est n\u00e9anmoins pas possible de d\u00e9terminer les substances inhibitrices et le nombre de germes avec des \u00e9chantillons conserv\u00e9s.<\/p>\n<h3>Combien de temps une analyse dure-t-elle\u00a0?<\/h3>\n<p>L\u2019analyse peut \u00eatre effectu\u00e9e le jour de la r\u00e9ception de l\u2019\u00e9chantillon. Le r\u00e9sultat est transmis au plus tard le prochain jour ouvrable.<\/p>\n<h3>Comment le r\u00e9sultat est-il transmis\u00a0?<\/h3>\n<p>Vous pouvez recevoir le r\u00e9sultat au choix par t\u00e9l\u00e9phone, par fax, sms, par courrier \u00e9lectronique ou par \u00e9crit (courrier postal).<\/p>\n<h3>Comment puis-je payer l\u2019analyse\u00a0?<\/h3>\n<p>Vous recevrez une facture.<\/p>\n<\/div><\/div><\/div><\/div><\/div><div class=\"w-tabs-section\" id=\"pa5d\" style=\"background:rgba(0,204,255,0.2);\"><button class=\"w-tabs-section-header\" aria-controls=\"content-pa5d\" aria-expanded=\"false\"><h2 class=\"w-tabs-section-title\">Commande du mat\u00e9riel d\u2019\u00e9chantillonnage<\/h2><div class=\"w-tabs-section-control\"><\/div><\/button><div  class=\"w-tabs-section-content\" id=\"content-pa5d\"><div class=\"w-tabs-section-content-h i-cf\"><div class=\"wpb_text_column\"><div class=\"wpb_wrapper\"><p>Veuillez nous contacter au 031 919 33 66 ou sur <a href=\"mailto:logistik@suisselab.ch\">logistik@suisselab.ch<\/a>.<\/p>\n<\/div><\/div><\/div><\/div><\/div><div class=\"w-tabs-section\" id=\"wd6b\"><button class=\"w-tabs-section-header\" aria-controls=\"content-wd6b\" aria-expanded=\"false\"><h2 class=\"w-tabs-section-title\">Demande d&rsquo;analyse<\/h2><div class=\"w-tabs-section-control\"><\/div><\/button><div  class=\"w-tabs-section-content\" id=\"content-wd6b\"><div class=\"w-tabs-section-content-h i-cf\"><div class=\"wpb_text_column\"><div class=\"wpb_wrapper\"><p>T\u00e9l\u00e9charger le formulaire de commande (PDF)<br \/>\n<a class=\"download-link filetype-icon filetype-pdf\"\n   title=\"\" href=\"https:\/\/www.suisselab.ch\/fr\/download\/demande-et-rapport-danalyses\/?tmstv=1776605437\" rel=\"nofollow\">\n\tDemande et rapport d'analyses<\/a><\/p>\n<\/div><\/div><\/div><\/div><\/div><div class=\"w-tabs-section\" id=\"x583\"><button class=\"w-tabs-section-header\" aria-controls=\"content-x583\" aria-expanded=\"false\"><h2 class=\"w-tabs-section-title\">Documents<\/h2><div class=\"w-tabs-section-control\"><\/div><\/button><div  class=\"w-tabs-section-content\" id=\"content-x583\"><div class=\"w-tabs-section-content-h i-cf\"><div class=\"wpb_text_column\"><div class=\"wpb_wrapper\"><h3>Documents<\/h3>\n<p>Explications relatives aux rapports d&rsquo;analyse FO_925<br \/>\n<a class=\"download-link filetype-icon filetype-pdf\"\n   title=\"\" href=\"https:\/\/www.suisselab.ch\/fr\/download\/explications-relatives-aux-rapports-danalyse-fo_925\/?tmstv=1776605437\" rel=\"nofollow\">\n\tExplications relatives aux rapports d'analyse FO_925<\/a><\/p>\n<\/div><\/div><\/div><\/div><\/div><\/div><\/div><\/div><\/div><\/div><div class=\"vc_col-sm-4 wpb_column vc_column_container\"><div class=\"vc_column-inner\"><div class=\"wpb_wrapper\"><div class=\"wpb_text_column\"><div class=\"wpb_wrapper\"><h2>Conseils<\/h2>\n<\/div><\/div><div class=\"w-person layout_simple_circle\" itemscope itemtype=\"https:\/\/schema.org\/Person\"><div class=\"w-person-image\"><img loading=\"lazy\" decoding=\"async\" width=\"350\" height=\"350\" src=\"https:\/\/www.suisselab.ch\/wp-content\/uploads\/2025\/02\/Bild-Steffi-350x350.jpg\" class=\"attachment-us_350_350_crop size-us_350_350_crop\" alt=\"\" srcset=\"https:\/\/www.suisselab.ch\/wp-content\/uploads\/2025\/02\/Bild-Steffi-350x350.jpg 350w, https:\/\/www.suisselab.ch\/wp-content\/uploads\/2025\/02\/Bild-Steffi-150x150.jpg 150w, https:\/\/www.suisselab.ch\/wp-content\/uploads\/2025\/02\/Bild-Steffi-600x600.jpg 600w\" sizes=\"auto, (max-width: 350px) 100vw, 350px\" \/><\/div><div class=\"w-person-content\"><\/div><\/div><div class=\"wpb_text_column\"><div class=\"wpb_wrapper\"><h3>Stefanie M\u00fcller<\/h3>\n<p>Responsable du laboratoire d&rsquo;analyses laiti\u00e8res<br \/>\n031 919 33 14<br \/>\n<a href=\"mailto:stefanie.mueller@suisselab.ch\">Courriel<\/a><\/p>\n<\/div><\/div><div class=\"wpb_text_column us_custom_0fb0f71f\"><div class=\"wpb_wrapper\"><h2>Accr\u00e9ditation<\/h2>\n<\/div><\/div><div class=\"w-image align_none\"><div url class=\"w-image-h\"><img loading=\"lazy\" decoding=\"async\" width=\"120\" height=\"105\" src=\"https:\/\/www.suisselab.ch\/wp-content\/uploads\/2018\/04\/Logo_SAS_2.jpg\" class=\"attachment-full size-full\" alt=\"\" \/><\/div><\/div><div class=\"wpb_text_column\"><div class=\"wpb_wrapper\"><p>Les prestations d\u2019analyse sont effectu\u00e9es dans le champ d\u2019application de l\u2019accr\u00e9ditation selon ISO\/EN 17025 (<a class=\"download-link filetype-icon filetype-pdf\"\n   title=\"\" href=\"https:\/\/www.suisselab.ch\/fr\/download\/registre-sts-0235-2\/?tmstv=1776605437\" rel=\"nofollow\">\n\tRegistre STS 0235<\/a>).<\/p>\n<\/div><\/div><\/div><\/div><\/div><\/div><\/div><\/section>\n","protected":false},"excerpt":{"rendered":"Prestations d\u2019analyse Suisselab SA est l\u2019interlocuteur national pour les analyses de lait modulables et r\u00e9pondant aux besoins des clients. De l\u2019analyse individuelle jusqu\u2019au programme national, nous proposons des prestations comp\u00e9tentes, avantageuses et, si n\u00e9cessaire, sur mesure. Analyses individuelles et contr\u00f4le \u00e0 la r\u00e9ception du lait des transformateurs Avec deux \u00e9chantillons par exploitation productrice et par...","protected":false},"author":2,"featured_media":0,"parent":1014,"menu_order":0,"comment_status":"closed","ping_status":"closed","template":"","meta":{"footnotes":""},"class_list":["post-1023","page","type-page","status-publish","hentry"],"_links":{"self":[{"href":"https:\/\/www.suisselab.ch\/fr\/wp-json\/wp\/v2\/pages\/1023","targetHints":{"allow":["GET"]}}],"collection":[{"href":"https:\/\/www.suisselab.ch\/fr\/wp-json\/wp\/v2\/pages"}],"about":[{"href":"https:\/\/www.suisselab.ch\/fr\/wp-json\/wp\/v2\/types\/page"}],"author":[{"embeddable":true,"href":"https:\/\/www.suisselab.ch\/fr\/wp-json\/wp\/v2\/users\/2"}],"replies":[{"embeddable":true,"href":"https:\/\/www.suisselab.ch\/fr\/wp-json\/wp\/v2\/comments?post=1023"}],"version-history":[{"count":0,"href":"https:\/\/www.suisselab.ch\/fr\/wp-json\/wp\/v2\/pages\/1023\/revisions"}],"up":[{"embeddable":true,"href":"https:\/\/www.suisselab.ch\/fr\/wp-json\/wp\/v2\/pages\/1014"}],"wp:attachment":[{"href":"https:\/\/www.suisselab.ch\/fr\/wp-json\/wp\/v2\/media?parent=1023"}],"curies":[{"name":"wp","href":"https:\/\/api.w.org\/{rel}","templated":true}]}}