{"id":1021,"date":"2018-04-03T12:11:39","date_gmt":"2018-04-03T10:11:39","guid":{"rendered":"https:\/\/www.suisselab.ch\/?page_id=1021"},"modified":"2025-04-23T11:13:08","modified_gmt":"2025-04-23T09:13:08","slug":"test-didentification-des-mammites-mid","status":"publish","type":"page","link":"https:\/\/www.suisselab.ch\/fr\/dienstleistungen\/test-didentification-des-mammites-mid\/","title":{"rendered":"Identification des mammites MID"},"content":{"rendered":"<section class=\"l-section wpb_row suisselab-hero-klein height_auto with_img\"><div class=\"l-section-img\" role=\"img\" data-img-width=\"2160\" data-img-height=\"763\" style=\"background-image: url(https:\/\/www.suisselab.ch\/wp-content\/uploads\/2025\/04\/mid9.jpg);background-position: top center;\"><\/div><div class=\"l-section-h i-cf\"><div class=\"g-cols vc_row via_flex valign_bottom type_default stacking_default\"><div class=\"vc_col-sm-12 wpb_column vc_column_container\"><div class=\"vc_column-inner\"><div class=\"wpb_wrapper\"><div class=\"wpb_text_column us_custom_2dba4929 promo\"><div class=\"wpb_wrapper\"><h1>Identification des mammites MID<\/h1>\n<\/div><\/div><\/div><\/div><\/div><\/div><\/div><\/section><section class=\"l-section wpb_row height_auto\"><div class=\"l-section-h i-cf\"><div class=\"g-cols vc_row via_flex valign_top type_default stacking_default\"><div class=\"vc_col-sm-12 wpb_column vc_column_container\"><div class=\"vc_column-inner\"><div class=\"wpb_wrapper\"><div class=\"wpb_text_column us_custom_955e576e promotext\"><div class=\"wpb_wrapper\"><p>Profitez de notre service MID efficace et commandez <a href=\"https:\/\/www.suisselab.ch\/fr\/boutique-et-commande\/\"><u>votre kit d&rsquo;\u00e9chantillonnage MID<\/u><\/a> !<\/p>\n<p>Les services de diagnostic des mammites de Suisselab SA permettent une identification fiable des agents pathog\u00e8nes, ainsi qu\u2019un test de r\u00e9sistance pr\u00e9cis comme base pour des traitements cibl\u00e9s. L\u2019offre comprend le test PCR C16 ainsi qu\u2019un examen bact\u00e9riologique avec antibiogramme. Un spectrom\u00e8tre de masse MALDI-TOF, la m\u00e9thode la plus rapide et la plus pr\u00e9cise \u00e0 l\u2019heure actuelle, est utilis\u00e9 pour l\u2019analyse bact\u00e9riologique.<\/p>\n<\/div><\/div><\/div><\/div><\/div><\/div><\/div><\/section><section class=\"l-section wpb_row height_medium\"><div class=\"l-section-h i-cf\"><div class=\"g-cols vc_row via_flex valign_top type_default stacking_default\"><div class=\"vc_col-sm-8 wpb_column vc_column_container\"><div class=\"vc_column-inner\"><div class=\"wpb_wrapper\"><div class=\"wpb_text_column haupttext\"><div class=\"wpb_wrapper\"><h2>Test PCR C16<\/h2>\n<p>Le test PCR C16 permet une d\u00e9tection rapide, sensible et pr\u00e9cise des principaux agents pathog\u00e8nes responsables de mammites. Gr\u00e2ce \u00e0 l\u2019utilisation de la technique de PCR quantitative en temps r\u00e9el, les agents pathog\u00e8nes d\u00e9tect\u00e9s peuvent \u00eatre quantifi\u00e9s et indiqu\u00e9s dans des classes semi-quantitatives. Les r\u00e9sultats sont g\u00e9n\u00e9ralement disponibles le jour de la r\u00e9ception de l&rsquo;\u00e9chantillon.<\/p>\n<p>Le test MID C16 convient \u00e0 l&rsquo;identification des agents pathog\u00e8nes en cas de mammite aigu\u00eb ou subclinique, au contr\u00f4le du succ\u00e8s du traitement ainsi qu&rsquo;au d\u00e9pistage g\u00e9n\u00e9ral des animaux (achat, alpage, tarissement, etc.). La PCR est en outre la m\u00e9thode de choix pour la d\u00e9tection de Staphylococcus aureus et de mycoplasmes.<\/p>\n<h2>Analyse bact\u00e9riologique avec antibiogramme<\/h2>\n<p>Lors de l\u2019analyse bact\u00e9riologique, les agents pathog\u00e8nes isol\u00e9s en culture sont identifi\u00e9s par spectrom\u00e9trie de masse MALDI-TOF. Sur demande, un antibiogramme est r\u00e9alis\u00e9 par microdilution. La sensibilit\u00e9 des bact\u00e9ries aux antibiotiques couramment utilis\u00e9s en m\u00e9decine des animaux de rente est alors v\u00e9rifi\u00e9e.<\/p>\n<p>L\u2019analyse bact\u00e9riologique convient \u00e0 l\u2019identification des agents pathog\u00e8nes en cas de mammite aigu\u00eb ou subclinique, ainsi qu\u2019au contr\u00f4le du succ\u00e8s du traitement. L\u2019antibiogramme permet au v\u00e9t\u00e9rinaire de trouver un traitement cibl\u00e9 pour chaque germe, ce qui permet de pr\u00e9venir l\u2019apparition et la propagation des r\u00e9sistances aux antibiotiques.<\/p>\n<\/div><\/div><div class=\"wpb_text_column vorteile\"><div class=\"wpb_wrapper\"><h2>Vos avantages<\/h2>\n<ul>\n<li>Identification fiable des agents pathog\u00e8nes par PCR (PathoProof C16) ou analyse bact\u00e9riologique (MALDI-TOF)<\/li>\n<li>Test de r\u00e9sistance pr\u00e9cis au moyen du proc\u00e9d\u00e9 de microdilution (VITEK)<\/li>\n<li>Les r\u00e9sultats offrent une base fiable pour des mesures et des th\u00e9rapies cibl\u00e9es<\/li>\n<li>Disponibilit\u00e9 rapide des rapports d&rsquo;analyse : En r\u00e8gle g\u00e9n\u00e9rale, l&rsquo;identification des agents pathog\u00e8nes est disponible le jour de la r\u00e9ception de l&rsquo;\u00e9chantillon (PCR) ou le lendemain (examen bact\u00e9riologique). Pour l\u2019antibiogramme il faut compter une journ\u00e9e suppl\u00e9mentaire.<\/li>\n<li>Rapport qualit\u00e9-prix attractif<\/li>\n<\/ul>\n<\/div><\/div><div class=\"w-separator size_custom\" style=\"height:32px\"><\/div><div class=\"w-tabs us_custom_5b12dde4 style_default switch_click accordion has_scrolling\" style=\"--sections-title-size:28px\"><div class=\"w-tabs-sections titles-align_none icon_chevron cpos_right\"><div class=\"w-tabs-section\" id=\"g2e1\"><button class=\"w-tabs-section-header\" aria-controls=\"content-g2e1\" aria-expanded=\"false\"><h2 class=\"w-tabs-section-title\">M\u00e9thode\/r\u00e9sultat<\/h2><div class=\"w-tabs-section-control\"><\/div><\/button><div  class=\"w-tabs-section-content\" id=\"content-g2e1\"><div class=\"w-tabs-section-content-h i-cf\"><div class=\"wpb_text_column\"><div class=\"wpb_wrapper\"><h3>M\u00e9thodes<\/h3>\n<p><strong>PCR C16<\/strong><\/p>\n<p>Le test PathoProof C16 de la soci\u00e9t\u00e9 Thermo Fisher Scientific est bas\u00e9 sur la r\u00e9action en cha\u00eene par polym\u00e9rase (en anglais : Polymerase Chain Reaction, PCR), qui permet de d\u00e9tecter directement le patrimoine g\u00e9n\u00e9tique (l&rsquo;ADN) des agents pathog\u00e8nes. Lors de l&rsquo;analyse PCR, les germes ne doivent pas \u00eatre multipli\u00e9s, c&rsquo;est pourquoi le test peut \u00e9galement \u00eatre effectu\u00e9 avec du lait conserv\u00e9 ou du lait d&rsquo;animaux ayant subi un traitement antibiotique pr\u00e9alable.<\/p>\n<p><strong>Analyse bact\u00e9riologique<\/strong><\/p>\n<p>Les \u00e9chantillons de lait sont cultiv\u00e9s sur un milieu nutritif non s\u00e9lectif en conditions a\u00e9robies, et en cas de suspicion d&rsquo;ana\u00e9robies, \u00e9galement en conditions ana\u00e9robies. Les colonies de bact\u00e9ries ou de levures qui se sont d\u00e9velopp\u00e9es sont identifi\u00e9es par spectrom\u00e9trie de masse MALDI-TOF (Bruker MALDI Biotyper sirius one). Les prototh\u00e8ques sont identifi\u00e9es \u00e0 l&rsquo;aide des r\u00e9sultats microscopiques d&rsquo;une coloration de Gram.<\/p>\n<p><strong>Antibiogramme<\/strong><\/p>\n<p>Le test de r\u00e9sistance chez Suisselab SA comprend la d\u00e9termination des concentrations minimales inhibitrices (CMI) par microdilution sur un syst\u00e8me VITEK 2 (Biom\u00e9rieux) et l&rsquo;interpr\u00e9tation des CMI \u00e0 l&rsquo;aide de directives \u00e9tablies (EUCAST, CLSI). Les substances actives couramment utilis\u00e9es en m\u00e9decine des animaux de rente sont test\u00e9es. L&rsquo;antibiogramme ne peut \u00eatre r\u00e9alis\u00e9 qu&rsquo;\u00e0 la suite de l&rsquo;examen bact\u00e9riologique, car l&rsquo;identit\u00e9 de l&rsquo;agent pathog\u00e8ne est une condition pr\u00e9alable \u00e0 l&rsquo;interpr\u00e9tation correcte de l&rsquo;antibiogramme.<\/p>\n<h3>R\u00e9sultat<\/h3>\n<p>Dans le rapport de test de la PCR C16 et de l&rsquo;examen bact\u00e9riologique, les agents pathog\u00e8nes trouv\u00e9s dans l&rsquo;\u00e9chantillon sont mentionn\u00e9s avec une indication semi-quantitative. Pour l&rsquo;antibiogramme, le germe test\u00e9 et les antibiotiques test\u00e9s sont list\u00e9s avec leur CMI et l&rsquo;interpr\u00e9tation correspondante (sensible, interm\u00e9diaire, r\u00e9sistant). L&rsquo;interpr\u00e9tation du rapport de test doit \u00eatre faite en collaboration avec le v\u00e9t\u00e9rinaire du troupeau. Sur demande, Suisselab SA envoie une copie du rapport de contr\u00f4le directement \u00e0 votre v\u00e9t\u00e9rinaire. Comme le v\u00e9t\u00e9rinaire doit interpr\u00e9ter l&rsquo;antibiogramme pour le traitement, celui-ci n&rsquo;est effectu\u00e9 que si le v\u00e9t\u00e9rinaire traitant est indiqu\u00e9 sur le formulaire de commande.<\/p>\n<\/div><\/div><\/div><\/div><\/div><div class=\"w-tabs-section\" id=\"j691\"><button class=\"w-tabs-section-header\" aria-controls=\"content-j691\" aria-expanded=\"false\"><h2 class=\"w-tabs-section-title\">\u00c9chantillonnage<\/h2><div class=\"w-tabs-section-control\"><\/div><\/button><div  class=\"w-tabs-section-content\" id=\"content-j691\"><div class=\"w-tabs-section-content-h i-cf\"><div class=\"wpb_text_column\"><div class=\"wpb_wrapper\"><p>Pour une pertinence optimale de l&rsquo;analyse MID, il est important d&rsquo;\u00e9viter toute contamination de l&rsquo;\u00e9chantillon de lait par des germes \u00e9trangers provenant de l&rsquo;environnement ou du lait d&rsquo;autres animaux. Le pr\u00e9l\u00e8vement de l&rsquo;\u00e9chantillon de lait doit donc se faire dans des conditions aseptiques\/st\u00e9riles et sans contamination. Veuillez consulter nos instructions sur l\u2019\u00e9chantillonnage aseptis\u00e9 pour l\u2019identification des mammites MID.<\/p>\n<\/div><\/div><\/div><\/div><\/div><div class=\"w-tabs-section\" id=\"b311\"><button class=\"w-tabs-section-header\" aria-controls=\"content-b311\" aria-expanded=\"false\"><h2 class=\"w-tabs-section-title\">Prix et conditions<\/h2><div class=\"w-tabs-section-control\"><\/div><\/button><div  class=\"w-tabs-section-content\" id=\"content-b311\"><div class=\"w-tabs-section-content-h i-cf\"><div class=\"wpb_text_column\"><div class=\"wpb_wrapper\"><h3>Prix<\/h3>\n<p>Param\u00e8tre analys\u00e9 : PCR C16<br \/>\nPrix : CHF 33.\u2013\/analyse<\/p>\n<p>Param\u00e8tre analys\u00e9 : Analyse bact\u00e9riologique<br \/>\nPrix : CHF 19.\u2013\/analyse<\/p>\n<p>Param\u00e8tre analys\u00e9 : Antibiogramme<br \/>\nPrix : CHF 21.\u2013\/analyse<\/p>\n<h3>Conditions<\/h3>\n<p>Le mat\u00e9riel d\u2019\u00e9chantillonnage, l\u2019analyse et la transmission du r\u00e9sultat sont compris dans le prix.<br \/>\n<a class=\"download-link filetype-icon filetype-pdf\"\n   title=\"\" href=\"https:\/\/www.suisselab.ch\/fr\/download\/liste-des-prix-2020\/?tmstv=1776705164\" rel=\"nofollow\">\n\tListe des prix 2026<\/a><br \/>\n<a class=\"download-link filetype-icon filetype-pdf\"\n   title=\"\" href=\"https:\/\/www.suisselab.ch\/fr\/download\/suisselab-conditions-generales\/?tmstv=1776705164\" rel=\"nofollow\">\n\tSuisselab conditions g\u00e9n\u00e9rales<\/a><\/p>\n<\/div><\/div><\/div><\/div><\/div><div class=\"w-tabs-section\" id=\"a2f3\"><button class=\"w-tabs-section-header\" aria-controls=\"content-a2f3\" aria-expanded=\"false\"><h2 class=\"w-tabs-section-title\">Documents<\/h2><div class=\"w-tabs-section-control\"><\/div><\/button><div  class=\"w-tabs-section-content\" id=\"content-a2f3\"><div class=\"w-tabs-section-content-h i-cf\"><div class=\"wpb_text_column\"><div class=\"wpb_wrapper\"><p>Demande d&rsquo;analyse identification des mammites\u00a0MID<br \/>\n<a class=\"download-link filetype-icon filetype-pdf\"\n   title=\"\" href=\"https:\/\/www.suisselab.ch\/fr\/download\/demande-danalyse-mid\/?tmstv=1776705164\" rel=\"nofollow\">\n\tDemande d'analyse MID<\/a><\/p>\n<p>Instruction pour l\u2019\u00e9chantillonnage aseptis\u00e9 pour l\u2019identification des mammites MID<br \/>\n<a class=\"download-link filetype-icon filetype-pdf\"\n   title=\"\" href=\"https:\/\/www.suisselab.ch\/fr\/download\/instruction-pour-lechantillonnage-mid\/?tmstv=1776705164\" rel=\"nofollow\">\n\tInstruction d\u2019\u00e9chantillonnage MID<\/a><del><\/del><\/p>\n<p>Aide \u00e0 l\u2019interpr\u00e9tation de l\u2019identification des mammites MID<br \/>\n<a class=\"download-link filetype-icon filetype-pdf\"\n   title=\"\" href=\"https:\/\/www.suisselab.ch\/fr\/download\/aide-a-linterpretation-mid-c16\/?tmstv=1776705164\" rel=\"nofollow\">\n\tAide \u00e0 l\u2019interpr\u00e9tation MID<\/a><\/p>\n<p>Information sp\u00e9cialis\u00e9e PathoProof PCR Assays de Thermo Fisher Scientific<br \/>\n<a class=\"download-link filetype-icon filetype-pdf\"\n   title=\"\" href=\"https:\/\/www.suisselab.ch\/fr\/download\/information-specialisee-pathoproof-pcr-assays\/?tmstv=1776705164\" rel=\"nofollow\">\n\tInformation sp\u00e9cialis\u00e9e PathoProof PCR Assays<\/a><del><\/del><\/p>\n<\/div><\/div><\/div><\/div><\/div><div class=\"w-tabs-section\" id=\"e730\"><button class=\"w-tabs-section-header\" aria-controls=\"content-e730\" aria-expanded=\"false\"><h2 class=\"w-tabs-section-title\">Questions-r\u00e9ponses<\/h2><div class=\"w-tabs-section-control\"><\/div><\/button><div  class=\"w-tabs-section-content\" id=\"content-e730\"><div class=\"w-tabs-section-content-h i-cf\"><div class=\"wpb_text_column\"><div class=\"wpb_wrapper\"><h3>Combien d\u2019analyses MID PCR sont n\u00e9cessaires pour prouver l\u2019absence de Staph. aureus\u00a0?<\/h3>\n<p>Pour la d\u00e9tection des agents pathog\u00e8nes par un test de culture, il est recommand\u00e9 d\u2019analyser 3 \u00e9chantillons en l\u2019espace de 10 jours. L\u2019animal peut uniquement \u00eatre consid\u00e9r\u00e9 comme n\u00e9gatif, si les 3 \u00e9chantillons sont n\u00e9gatifs. Pour l\u2019identification PCR 2 analyses n\u00e9gatives en l\u2019espace de 15 \u00e0 30 jours sont consid\u00e9r\u00e9e comme suffisante pour prouver l\u2019absence de Staph. aureus. En cas d\u2019assainissement d\u2019une exploitation touch\u00e9e par Staph. aureus, le groupe des animaux n\u00e9gatifs devrait n\u00e9anmoins \u00eatre analys\u00e9 mensuellement par un \u00e9chantillon pool\u00e9 quant \u00e0 la pr\u00e9sence de Staph. aureus.<\/p>\n<h3>Combien d\u2019\u00e9chantillons d\u2019animaux individuels peuvent \u00eatre analys\u00e9s dans un \u00e9chantillon pool\u00e9 pour d\u00e9terminer la pr\u00e9sence de Staph. aureus dans le troupeau\u00a0?<\/h3>\n<p>La sensibilit\u00e9 est la plus \u00e9lev\u00e9e si chaque animal est analys\u00e9 individuellement. Pour \u00e9conomiser des co\u00fbts, les animaux peuvent n\u00e9anmoins aussi \u00eatre analys\u00e9s en groupe (pool). Les animaux faisant partie de ce pool ne doivent \u00eatre analys\u00e9s qu\u2019en cas de r\u00e9sultat positif de l\u2019\u00e9chantillon de groupe. Plus ce dernier est grand, plus la sensibilit\u00e9 de la d\u00e9tection de l\u2019agent pathog\u00e8ne est basse. Nous recommandons des pools comprenant au maximum 10 animaux.<\/p>\n<h3>Quel est le d\u00e9lai d\u2019attente apr\u00e8s un traitement antibiotique jusqu\u2019\u00e0 ce que le succ\u00e8s du traitement puisse \u00eatre contr\u00f4l\u00e9 avec une analyse PCR\u00a0?<\/h3>\n<p>Pour les mammites provoqu\u00e9es par des germes probl\u00e9matiques (Staph. aureus, Strept. uberis), le succ\u00e8s du traitement devrait \u00eatre contr\u00f4l\u00e9 par l\u2019analyse d\u2019un \u00e9chantillon de lait 2 \u00e0 3 semaines apr\u00e8s la fin du traitement. Vu sa sensibilit\u00e9 \u00e9lev\u00e9e, la m\u00e9thode PCR doit \u00eatre privil\u00e9gi\u00e9e pour Staph. aureus.<\/p>\n<\/div><\/div><\/div><\/div><\/div><div class=\"w-tabs-section active\" id=\"ce82\" style=\"background:rgba(0,204,255,0.2);\"><button class=\"w-tabs-section-header active\" aria-controls=\"content-ce82\" aria-expanded=\"true\"><h2 class=\"w-tabs-section-title\">Commande du set d\u2019\u00e9chantillonnage<\/h2><div class=\"w-tabs-section-control\"><\/div><\/button><div  class=\"w-tabs-section-content\" id=\"content-ce82\"><div class=\"w-tabs-section-content-h i-cf\"><div class=\"w-image align_none\"><div url class=\"w-image-h\"><img loading=\"lazy\" decoding=\"async\" width=\"768\" height=\"496\" src=\"https:\/\/www.suisselab.ch\/wp-content\/uploads\/2021\/03\/UF_5588_lowres1-768x496.jpg\" class=\"attachment-us_768_0 size-us_768_0\" alt=\"\" srcset=\"https:\/\/www.suisselab.ch\/wp-content\/uploads\/2021\/03\/UF_5588_lowres1-768x496.jpg 768w, https:\/\/www.suisselab.ch\/wp-content\/uploads\/2021\/03\/UF_5588_lowres1-600x387.jpg 600w, https:\/\/www.suisselab.ch\/wp-content\/uploads\/2021\/03\/UF_5588_lowres1-300x194.jpg 300w, https:\/\/www.suisselab.ch\/wp-content\/uploads\/2021\/03\/UF_5588_lowres1-1024x661.jpg 1024w, https:\/\/www.suisselab.ch\/wp-content\/uploads\/2021\/03\/UF_5588_lowres1.jpg 1319w\" sizes=\"auto, (max-width: 768px) 100vw, 768px\" \/><\/div><\/div><div class=\"wpb_text_column\"><div class=\"wpb_wrapper\"><h2><a href=\"http:\/\/www.suisselab.ch\/fr\/produit\/sets-dechantillonnage-mid\/\">MID set d\u2019\u00e9chantillonnage<\/a><\/h2>\n<\/div><\/div><div class=\"wpb_text_column\"><div class=\"wpb_wrapper\"><p>Le set d\u2019\u00e9chantillonnage est envoy\u00e9 gratuitement. Les co\u00fbts de mat\u00e9riel et de logistique sont compris dans le prix de l\u2019analyse.<\/p>\n<\/div><\/div><div class=\"w-btn-wrapper align_none\"><a class=\"w-btn us-btn-style_1 us_custom_80a192e9\" href=\"https:\/\/www.suisselab.ch\/fr\/boutique-et-commande\/\"><span class=\"w-btn-label\">Commander \u00e0 la boutique<\/span><\/a><\/div><\/div><\/div><\/div><div class=\"w-tabs-section\" id=\"te4e\"><button class=\"w-tabs-section-header\" aria-controls=\"content-te4e\" aria-expanded=\"false\"><h2 class=\"w-tabs-section-title\">Demande d&rsquo;analyse<\/h2><div class=\"w-tabs-section-control\"><\/div><\/button><div  class=\"w-tabs-section-content\" id=\"content-te4e\"><div class=\"w-tabs-section-content-h i-cf\"><div class=\"wpb_text_column\"><div class=\"wpb_wrapper\"><p>Demande d&rsquo;analyse identification des mammites\u00a0MID<br \/>\n<a class=\"download-link filetype-icon filetype-pdf\"\n   title=\"\" href=\"https:\/\/www.suisselab.ch\/fr\/download\/demande-danalyse-mid\/?tmstv=1776705164\" rel=\"nofollow\">\n\tDemande d'analyse MID<\/a><\/p>\n<\/div><\/div><\/div><\/div><\/div><\/div><\/div><\/div><\/div><\/div><div class=\"vc_col-sm-4 wpb_column vc_column_container\"><div class=\"vc_column-inner\"><div class=\"wpb_wrapper\"><div class=\"wpb_text_column\"><div class=\"wpb_wrapper\"><h2>Conseils<\/h2>\n<\/div><\/div><div class=\"w-person layout_simple_circle\" itemscope itemtype=\"https:\/\/schema.org\/Person\"><div class=\"w-person-image\"><img loading=\"lazy\" decoding=\"async\" width=\"900\" height=\"900\" src=\"https:\/\/www.suisselab.ch\/wp-content\/uploads\/2018\/04\/Daniel_Glauser_2.jpg\" class=\"attachment-large size-large\" alt=\"\" srcset=\"https:\/\/www.suisselab.ch\/wp-content\/uploads\/2018\/04\/Daniel_Glauser_2.jpg 900w, https:\/\/www.suisselab.ch\/wp-content\/uploads\/2018\/04\/Daniel_Glauser_2-150x150.jpg 150w, https:\/\/www.suisselab.ch\/wp-content\/uploads\/2018\/04\/Daniel_Glauser_2-600x600.jpg 600w, https:\/\/www.suisselab.ch\/wp-content\/uploads\/2018\/04\/Daniel_Glauser_2-300x300.jpg 300w, https:\/\/www.suisselab.ch\/wp-content\/uploads\/2018\/04\/Daniel_Glauser_2-768x768.jpg 768w, https:\/\/www.suisselab.ch\/wp-content\/uploads\/2018\/04\/Daniel_Glauser_2-350x350.jpg 350w, https:\/\/www.suisselab.ch\/wp-content\/uploads\/2018\/04\/Daniel_Glauser_2-100x100.jpg 100w\" sizes=\"auto, (max-width: 900px) 100vw, 900px\" \/><\/div><div class=\"w-person-content\"><\/div><\/div><div class=\"wpb_text_column\"><div class=\"wpb_wrapper\"><h3>Daniel Glauser<\/h3>\n<p>Dr. med. vet. FVH, Ph.D.<br \/>\nResponsable du laboratoire de diagnostic v\u00e9t\u00e9rinaire<br \/>\n031 919 33 22<br \/>\n<a href=\"mailto:daniel.glauser@suisselab.ch\">Courriel<\/a><\/p>\n<\/div><\/div><\/div><\/div><\/div><\/div><\/div><\/section>\n","protected":false},"excerpt":{"rendered":"Identification des mammites MID Profitez de notre service MID efficace et commandez votre kit d&rsquo;\u00e9chantillonnage MID ! Les services de diagnostic des mammites de Suisselab SA permettent une identification fiable des agents pathog\u00e8nes, ainsi qu\u2019un test de r\u00e9sistance pr\u00e9cis comme base pour des traitements cibl\u00e9s. L\u2019offre comprend le test PCR C16 ainsi qu\u2019un examen bact\u00e9riologique...","protected":false},"author":2,"featured_media":0,"parent":1014,"menu_order":0,"comment_status":"closed","ping_status":"closed","template":"","meta":{"footnotes":""},"class_list":["post-1021","page","type-page","status-publish","hentry"],"_links":{"self":[{"href":"https:\/\/www.suisselab.ch\/fr\/wp-json\/wp\/v2\/pages\/1021","targetHints":{"allow":["GET"]}}],"collection":[{"href":"https:\/\/www.suisselab.ch\/fr\/wp-json\/wp\/v2\/pages"}],"about":[{"href":"https:\/\/www.suisselab.ch\/fr\/wp-json\/wp\/v2\/types\/page"}],"author":[{"embeddable":true,"href":"https:\/\/www.suisselab.ch\/fr\/wp-json\/wp\/v2\/users\/2"}],"replies":[{"embeddable":true,"href":"https:\/\/www.suisselab.ch\/fr\/wp-json\/wp\/v2\/comments?post=1021"}],"version-history":[{"count":0,"href":"https:\/\/www.suisselab.ch\/fr\/wp-json\/wp\/v2\/pages\/1021\/revisions"}],"up":[{"embeddable":true,"href":"https:\/\/www.suisselab.ch\/fr\/wp-json\/wp\/v2\/pages\/1014"}],"wp:attachment":[{"href":"https:\/\/www.suisselab.ch\/fr\/wp-json\/wp\/v2\/media?parent=1021"}],"curies":[{"name":"wp","href":"https:\/\/api.w.org\/{rel}","templated":true}]}}