{"id":1014,"date":"2018-04-09T17:56:27","date_gmt":"2018-04-09T15:56:27","guid":{"rendered":"https:\/\/www.suisselab.ch\/?page_id=1014"},"modified":"2023-08-30T11:04:14","modified_gmt":"2023-08-30T09:04:14","slug":"dienstleistungen","status":"publish","type":"page","link":"https:\/\/www.suisselab.ch\/fr\/dienstleistungen\/","title":{"rendered":"Nos prestations de service"},"content":{"rendered":"<section class=\"l-section wpb_row suisselab-hero-klein height_auto with_img\"><div class=\"l-section-img\" role=\"img\" data-img-width=\"1500\" data-img-height=\"1000\" style=\"background-image: url(https:\/\/www.suisselab.ch\/wp-content\/uploads\/2018\/04\/D5A2028.jpg);background-position: top center;\"><\/div><div class=\"l-section-h i-cf\"><div class=\"g-cols vc_row via_flex valign_bottom type_default stacking_default\"><div class=\"vc_col-sm-12 wpb_column vc_column_container\"><div class=\"vc_column-inner\"><div class=\"wpb_wrapper\"><div class=\"wpb_text_column us_custom_2dba4929 promo\"><div class=\"wpb_wrapper\"><h1>Nos prestations de service<\/h1>\n<\/div><\/div><\/div><\/div><\/div><\/div><\/div><\/section><section class=\"l-section wpb_row height_medium\"><div class=\"l-section-h i-cf\"><div class=\"g-cols vc_row via_flex valign_top type_default stacking_default\"><div class=\"vc_col-sm-12 wpb_column vc_column_container\"><div class=\"vc_column-inner\"><div class=\"wpb_wrapper\"><div class=\"wpb_text_column us_custom_2dba4929 promotext\"><div class=\"wpb_wrapper\"><p>La palette des prestations de service de Suisselab SA va des petits mandats individuels jusqu\u2019aux programmes collectifs couvrant toute la Suisse.<\/p>\n<\/div><\/div><div class=\"g-cols wpb_row via_flex valign_top type_default stacking_default\"><div class=\"vc_col-sm-4 wpb_column vc_column_container\"><div class=\"vc_column-inner\"><div class=\"wpb_wrapper\"><div class=\"w-image align_none\"><div url class=\"w-image-h\"><img loading=\"lazy\" decoding=\"async\" width=\"300\" height=\"200\" src=\"https:\/\/www.suisselab.ch\/wp-content\/uploads\/2018\/04\/D5A3243-300x200.jpg\" class=\"attachment-medium size-medium\" alt=\"\" srcset=\"https:\/\/www.suisselab.ch\/wp-content\/uploads\/2018\/04\/D5A3243-300x200.jpg 300w, https:\/\/www.suisselab.ch\/wp-content\/uploads\/2018\/04\/D5A3243-600x400.jpg 600w, https:\/\/www.suisselab.ch\/wp-content\/uploads\/2018\/04\/D5A3243-768x512.jpg 768w, https:\/\/www.suisselab.ch\/wp-content\/uploads\/2018\/04\/D5A3243-1024x683.jpg 1024w, https:\/\/www.suisselab.ch\/wp-content\/uploads\/2018\/04\/D5A3243.jpg 1500w\" sizes=\"auto, (max-width: 300px) 100vw, 300px\" \/><\/div><\/div><div class=\"wpb_text_column\"><div class=\"wpb_wrapper\"><h2>Analyses de lait<\/h2>\n<p><a href=\"http:\/\/www.suisselab.ch\/fr\/dienstleistungen\/prestations-danalyse\/\"><i class=\"fa fa-arrow-circle-right\"><\/i> Prestations d\u2019analyse<\/a><br \/>\n<a href=\"http:\/\/www.suisselab.ch\/fr\/dienstleistungen\/controle-du-lait-cl\/\"><i class=\"fa fa-arrow-circle-right\"><\/i> Contr\u00f4le du lait<\/a><br \/>\n<a href=\"http:\/\/www.suisselab.ch\/fr\/dienstleistungen\/epreuve-de-productivite-laitiere-epl\/\"><i class=\"fa fa-arrow-circle-right\"><\/i> \u00c9preuve de productivit\u00e9 laiti\u00e8re <\/a><\/p>\n<p>Les \u00ab\u00a0analyses de lait\u00a0\u00bb regroupent toutes nos prestations pour les exploitations laiti\u00e8res et les entreprises de transformation du lait ainsi que les programmes nationaux de l\u2019\u00e9preuve de productivit\u00e9 laiti\u00e8re et du contr\u00f4le du lait.<\/p>\n<\/div><\/div><\/div><\/div><\/div><div class=\"vc_col-sm-4 wpb_column vc_column_container\"><div class=\"vc_column-inner\"><div class=\"wpb_wrapper\"><div class=\"w-image align_none\"><div url class=\"w-image-h\"><img loading=\"lazy\" decoding=\"async\" width=\"300\" height=\"200\" src=\"https:\/\/www.suisselab.ch\/wp-content\/uploads\/2018\/04\/D5A1882-300x200.jpg\" class=\"attachment-medium size-medium\" alt=\"\" srcset=\"https:\/\/www.suisselab.ch\/wp-content\/uploads\/2018\/04\/D5A1882-300x200.jpg 300w, https:\/\/www.suisselab.ch\/wp-content\/uploads\/2018\/04\/D5A1882-600x400.jpg 600w, https:\/\/www.suisselab.ch\/wp-content\/uploads\/2018\/04\/D5A1882-768x512.jpg 768w, https:\/\/www.suisselab.ch\/wp-content\/uploads\/2018\/04\/D5A1882-1024x683.jpg 1024w, https:\/\/www.suisselab.ch\/wp-content\/uploads\/2018\/04\/D5A1882.jpg 1500w\" sizes=\"auto, (max-width: 300px) 100vw, 300px\" \/><\/div><\/div><div class=\"wpb_text_column\"><div class=\"wpb_wrapper\"><h2>Diagnostic v\u00e9t\u00e9rinaire<\/h2>\n<p><a href=\"http:\/\/www.suisselab.ch\/fr\/dienstleistungen\/fertalys\/\"><i class=\"fa fa-arrow-circle-right\"><\/i> FERTALYS<\/a><br \/>\n<a href=\"http:\/\/www.suisselab.ch\/fr\/dienstleistungen\/test-didentification-des-mammites-mid\/\"><i class=\"fa fa-arrow-circle-right\"><\/i> Test d\u2019identification des mammites<\/a><br \/>\n<a href=\"http:\/\/www.suisselab.ch\/fr\/dienstleistungen\/spores-butyriques\/\"><i class=\"fa fa-arrow-circle-right\"><\/i> Spores butyriques<\/a><br \/>\n<a href=\"http:\/\/www.suisselab.ch\/fr\/dienstleistungen\/fromalys\/\"><i class=\"fa fa-arrow-circle-right\"><\/i> FROMALYS<\/a><br \/>\n<a href=\"http:\/\/www.suisselab.ch\/fr\/dienstleistungen\/diagnostic-des-epizooties\/\"><i class=\"fa fa-arrow-circle-right\"><\/i> Diagnostic des \u00e9pizooties <\/a><\/p>\n<p>Notre laboratoire de diagnostic v\u00e9t\u00e9rinaire fournit diverses prestations de service, telles le test FERTALYS et l\u2019identification des mammites, mais r\u00e9alise aussi le diagnostic des \u00e9pizooties sur mandat de la Conf\u00e9d\u00e9ration.<\/p>\n<\/div><\/div><\/div><\/div><\/div><div class=\"vc_col-sm-4 wpb_column vc_column_container\"><div class=\"vc_column-inner\"><div class=\"wpb_wrapper\"><div class=\"w-image align_none\"><div url class=\"w-image-h\"><img loading=\"lazy\" decoding=\"async\" width=\"300\" height=\"200\" src=\"https:\/\/www.suisselab.ch\/wp-content\/uploads\/2018\/05\/D5A3730-300x200.jpg\" class=\"attachment-medium size-medium\" alt=\"\" srcset=\"https:\/\/www.suisselab.ch\/wp-content\/uploads\/2018\/05\/D5A3730-300x200.jpg 300w, https:\/\/www.suisselab.ch\/wp-content\/uploads\/2018\/05\/D5A3730-600x400.jpg 600w, https:\/\/www.suisselab.ch\/wp-content\/uploads\/2018\/05\/D5A3730-768x512.jpg 768w, https:\/\/www.suisselab.ch\/wp-content\/uploads\/2018\/05\/D5A3730-1024x683.jpg 1024w, https:\/\/www.suisselab.ch\/wp-content\/uploads\/2018\/05\/D5A3730.jpg 1500w\" sizes=\"auto, (max-width: 300px) 100vw, 300px\" \/><\/div><\/div><div class=\"wpb_text_column\"><div class=\"wpb_wrapper\"><h2>Logistique<\/h2>\n<p><a href=\"http:\/\/www.suisselab.ch\/fr\/dienstleistungen\/logistique\/\"><i class=\"fa fa-arrow-circle-right\"><\/i> Logistique<\/a><\/p>\n<p>Suisselab SA entretient un propre r\u00e9seau logistique dans toute la Suisse pour l\u2019ex\u00e9cution du contr\u00f4le du lait ainsi que d\u2019autres analyses propos\u00e9es. Gr\u00e2ce \u00e0 la desserte en partie quotidienne de 21 points de collecte diff\u00e9rents dans toute la Suisse, les \u00e9chantillons sont achemin\u00e9s rapidement jusque chez nous.<\/p>\n<\/div><\/div><\/div><\/div><\/div><\/div><\/div><\/div><\/div><\/div><\/div><\/section>\n","protected":false},"excerpt":{"rendered":"Nos prestations de service La palette des prestations de service de Suisselab SA va des petits mandats individuels jusqu\u2019aux programmes collectifs couvrant toute la Suisse. Analyses de lait Prestations d\u2019analyse Contr\u00f4le du lait \u00c9preuve de productivit\u00e9 laiti\u00e8re Les \u00ab\u00a0analyses de lait\u00a0\u00bb regroupent toutes nos prestations pour les exploitations laiti\u00e8res et les entreprises de transformation du...","protected":false},"author":2,"featured_media":0,"parent":0,"menu_order":0,"comment_status":"closed","ping_status":"closed","template":"","meta":{"footnotes":""},"class_list":["post-1014","page","type-page","status-publish","hentry"],"_links":{"self":[{"href":"https:\/\/www.suisselab.ch\/fr\/wp-json\/wp\/v2\/pages\/1014","targetHints":{"allow":["GET"]}}],"collection":[{"href":"https:\/\/www.suisselab.ch\/fr\/wp-json\/wp\/v2\/pages"}],"about":[{"href":"https:\/\/www.suisselab.ch\/fr\/wp-json\/wp\/v2\/types\/page"}],"author":[{"embeddable":true,"href":"https:\/\/www.suisselab.ch\/fr\/wp-json\/wp\/v2\/users\/2"}],"replies":[{"embeddable":true,"href":"https:\/\/www.suisselab.ch\/fr\/wp-json\/wp\/v2\/comments?post=1014"}],"version-history":[{"count":0,"href":"https:\/\/www.suisselab.ch\/fr\/wp-json\/wp\/v2\/pages\/1014\/revisions"}],"wp:attachment":[{"href":"https:\/\/www.suisselab.ch\/fr\/wp-json\/wp\/v2\/media?parent=1014"}],"curies":[{"name":"wp","href":"https:\/\/api.w.org\/{rel}","templated":true}]}}