{"id":1012,"date":"2018-03-28T13:02:59","date_gmt":"2018-03-28T11:02:59","guid":{"rendered":"https:\/\/www.suisselab.ch\/?page_id=1012"},"modified":"2023-08-18T11:47:39","modified_gmt":"2023-08-18T09:47:39","slug":"suisselab-home","status":"publish","type":"page","link":"https:\/\/www.suisselab.ch\/fr\/","title":{"rendered":"Suisselab Home"},"content":{"rendered":"<section class=\"l-section wpb_row suisselab-hero height_auto with_img\"><div class=\"l-section-img\" role=\"img\" data-img-width=\"1500\" data-img-height=\"1000\" style=\"background-image: url(https:\/\/www.suisselab.ch\/wp-content\/uploads\/2019\/03\/D5A3479.jpg);\"><\/div><div class=\"l-section-h i-cf\"><div class=\"g-cols vc_row via_flex valign_bottom type_default stacking_default\"><div class=\"vc_col-sm-12 wpb_column vc_column_container\"><div class=\"vc_column-inner\"><div class=\"wpb_wrapper\"><div class=\"wpb_text_column us_custom_2dba4929 promo\"><div class=\"wpb_wrapper\"><h1>Suisselab AG<\/h1>\n<\/div><\/div><div class=\"wpb_text_column us_custom_2dba4929 promotext\"><div class=\"wpb_wrapper\"><p>Suisselab SA est un centre de comp\u00e9tence analytique en mati\u00e8re d\u2019analyses de lait et de diagnostics v\u00e9t\u00e9rinaires.<\/p>\n<\/div><\/div><\/div><\/div><\/div><\/div><\/div><\/section><section class=\"l-section wpb_row height_medium\"><div class=\"l-section-h i-cf\"><div class=\"g-cols vc_row via_flex valign_top type_default stacking_default\"><div class=\"vc_col-sm-12 wpb_column vc_column_container\"><div class=\"vc_column-inner\"><div class=\"wpb_wrapper\"><div class=\"wpb_text_column us_custom_2dba4929 promotext\"><div class=\"wpb_wrapper\"><h1>Nos prestations de service<\/h1>\n<p>La palette des prestations de service de Suisselab SA va des petits mandats individuels jusqu\u2019aux programmes collectifs couvrant toute la Suisse.<\/p>\n<\/div><\/div><div class=\"w-separator size_custom\" style=\"height:32px\"><\/div><div class=\"g-cols wpb_row via_flex valign_top type_default stacking_default\"><div class=\"vc_col-sm-4 wpb_column vc_column_container\"><div class=\"vc_column-inner\"><div class=\"wpb_wrapper\"><div class=\"w-image align_none\"><div url class=\"w-image-h\"><img loading=\"lazy\" decoding=\"async\" width=\"300\" height=\"200\" src=\"https:\/\/www.suisselab.ch\/wp-content\/uploads\/2018\/04\/D5A3243-300x200.jpg\" class=\"attachment-medium size-medium\" alt=\"\" srcset=\"https:\/\/www.suisselab.ch\/wp-content\/uploads\/2018\/04\/D5A3243-300x200.jpg 300w, https:\/\/www.suisselab.ch\/wp-content\/uploads\/2018\/04\/D5A3243-600x400.jpg 600w, https:\/\/www.suisselab.ch\/wp-content\/uploads\/2018\/04\/D5A3243-768x512.jpg 768w, https:\/\/www.suisselab.ch\/wp-content\/uploads\/2018\/04\/D5A3243-1024x683.jpg 1024w, https:\/\/www.suisselab.ch\/wp-content\/uploads\/2018\/04\/D5A3243.jpg 1500w\" sizes=\"auto, (max-width: 300px) 100vw, 300px\" \/><\/div><\/div><div class=\"wpb_text_column\"><div class=\"wpb_wrapper\"><h2>Analyses de lait<\/h2>\n<p><a href=\"http:\/\/www.suisselab.ch\/fr\/dienstleistungen\/prestations-danalyse\/\"><i class=\"fa fa-arrow-circle-right\"><\/i> Prestations d\u2019analyse<\/a><br \/>\n<a href=\"http:\/\/www.suisselab.ch\/fr\/dienstleistungen\/controle-du-lait-cl\/\"><i class=\"fa fa-arrow-circle-right\"><\/i> Contr\u00f4le du lait<\/a><br \/>\n<a href=\"http:\/\/www.suisselab.ch\/fr\/dienstleistungen\/epreuve-de-productivite-laitiere-epl\/\"><i class=\"fa fa-arrow-circle-right\"><\/i> \u00c9preuve de productivit\u00e9 laiti\u00e8re<\/a><\/p>\n<p>Les \u00ab\u00a0analyses de lait\u00a0\u00bb regroupent toutes nos prestations de service pour les exploitations laiti\u00e8res et les transformateurs de lait ainsi que les programmes nationaux de l\u2019\u00e9preuve de productivit\u00e9 laiti\u00e8re et du contr\u00f4le du lait.<\/p>\n<\/div><\/div><\/div><\/div><\/div><div class=\"vc_col-sm-4 wpb_column vc_column_container\"><div class=\"vc_column-inner\"><div class=\"wpb_wrapper\"><div class=\"w-image align_none\"><div url class=\"w-image-h\"><img loading=\"lazy\" decoding=\"async\" width=\"300\" height=\"200\" src=\"https:\/\/www.suisselab.ch\/wp-content\/uploads\/2018\/04\/D5A1882-300x200.jpg\" class=\"attachment-medium size-medium\" alt=\"\" srcset=\"https:\/\/www.suisselab.ch\/wp-content\/uploads\/2018\/04\/D5A1882-300x200.jpg 300w, https:\/\/www.suisselab.ch\/wp-content\/uploads\/2018\/04\/D5A1882-600x400.jpg 600w, https:\/\/www.suisselab.ch\/wp-content\/uploads\/2018\/04\/D5A1882-768x512.jpg 768w, https:\/\/www.suisselab.ch\/wp-content\/uploads\/2018\/04\/D5A1882-1024x683.jpg 1024w, https:\/\/www.suisselab.ch\/wp-content\/uploads\/2018\/04\/D5A1882.jpg 1500w\" sizes=\"auto, (max-width: 300px) 100vw, 300px\" \/><\/div><\/div><div class=\"wpb_text_column\"><div class=\"wpb_wrapper\"><h2>Diagnostic v\u00e9t\u00e9rinaire<\/h2>\n<p><a href=\"http:\/\/www.suisselab.ch\/fr\/dienstleistungen\/fertalys\/\"><i class=\"fa fa-arrow-circle-right\"><\/i> FERTALYS<\/a><br \/>\n<a href=\"http:\/\/www.suisselab.ch\/fr\/dienstleistungen\/test-didentification-des-mammites-mid\/\"><i class=\"fa fa-arrow-circle-right\"><\/i> Test d\u2019identification des mammites<\/a><br \/>\n<a href=\"http:\/\/www.suisselab.ch\/fr\/dienstleistungen\/spores-butyriques\/\"><i class=\"fa fa-arrow-circle-right\"><\/i> Spores butyriques<\/a><br \/>\n<a href=\"http:\/\/www.suisselab.ch\/fr\/dienstleistungen\/fromalys\/\"><i class=\"fa fa-arrow-circle-right\"><\/i> FROMALYS<\/a><br \/>\n<a href=\"http:\/\/www.suisselab.ch\/fr\/dienstleistungen\/diagnostic-des-epizooties\/\"><i class=\"fa fa-arrow-circle-right\"><\/i>\u00a0Diagnostic des \u00e9pizooties<\/a><\/p>\n<p>Notre laboratoire de diagnostic v\u00e9t\u00e9rinaire propose diverses prestations de service comme le test FERTALYS, l\u2019indentification des mammites ou, sur mandat de la Conf\u00e9d\u00e9ration, le diagnostic des \u00e9pizooties.<\/p>\n<\/div><\/div><\/div><\/div><\/div><div class=\"vc_col-sm-4 wpb_column vc_column_container\"><div class=\"vc_column-inner\"><div class=\"wpb_wrapper\"><div class=\"w-image align_none\"><div url class=\"w-image-h\"><img loading=\"lazy\" decoding=\"async\" width=\"300\" height=\"200\" src=\"https:\/\/www.suisselab.ch\/wp-content\/uploads\/2018\/05\/D5A3730-300x200.jpg\" class=\"attachment-medium size-medium\" alt=\"\" srcset=\"https:\/\/www.suisselab.ch\/wp-content\/uploads\/2018\/05\/D5A3730-300x200.jpg 300w, https:\/\/www.suisselab.ch\/wp-content\/uploads\/2018\/05\/D5A3730-600x400.jpg 600w, https:\/\/www.suisselab.ch\/wp-content\/uploads\/2018\/05\/D5A3730-768x512.jpg 768w, https:\/\/www.suisselab.ch\/wp-content\/uploads\/2018\/05\/D5A3730-1024x683.jpg 1024w, https:\/\/www.suisselab.ch\/wp-content\/uploads\/2018\/05\/D5A3730.jpg 1500w\" sizes=\"auto, (max-width: 300px) 100vw, 300px\" \/><\/div><\/div><div class=\"wpb_text_column\"><div class=\"wpb_wrapper\"><h2>Logistique<\/h2>\n<p><a href=\"http:\/\/www.suisselab.ch\/fr\/dienstleistungen\/logistique\/\"><i class=\"fa fa-arrow-circle-right\"><\/i> Logistique<\/a><\/p>\n<p>Pour l\u2019ex\u00e9cution du contr\u00f4le du lait et pour d\u2019autres analyses propos\u00e9es, Suisselab SA dispose d\u2019un propre r\u00e9seau logistique dense couvrant toute la Suisse. La desserte en partie quotidienne de 20 points de collecte diff\u00e9rents dans toute la Suisse permet un acheminement rapide des \u00e9chantillons jusque chez Suisselab SA.<\/p>\n<\/div><\/div><\/div><\/div><\/div><\/div><\/div><\/div><\/div><\/div><\/div><\/section><section class=\"l-section wpb_row height_medium\"><div class=\"l-section-h i-cf\"><div class=\"g-cols vc_row via_flex valign_top type_default stacking_default\"><div class=\"vc_col-sm-12 wpb_column vc_column_container\"><div class=\"vc_column-inner\"><div class=\"wpb_wrapper\"><div class=\"wpb_text_column us_custom_2dba4929 promotext\"><div class=\"wpb_wrapper\"><h1>Nos clients<\/h1>\n<p>En tant que centre de comp\u00e9tence national en mati\u00e8re d\u2019analyses de lait, Suisselab SA propose \u00e0 ses clients des analyses irr\u00e9prochables et r\u00e9pondant \u00e0 leurs besoins \u00e0 des conditions int\u00e9ressantes.<\/p>\n<\/div><\/div><div class=\"w-separator size_custom\" style=\"height:32px\"><\/div><div class=\"g-cols wpb_row via_flex valign_top type_default stacking_default\"><div class=\"vc_col-sm-4 wpb_column vc_column_container\"><div class=\"vc_column-inner\"><div class=\"wpb_wrapper\"><div class=\"w-image align_none\"><div url class=\"w-image-h\"><img loading=\"lazy\" decoding=\"async\" width=\"300\" height=\"200\" src=\"https:\/\/www.suisselab.ch\/wp-content\/uploads\/2018\/04\/D5A5562-300x200.jpg\" class=\"attachment-medium size-medium\" alt=\"\" srcset=\"https:\/\/www.suisselab.ch\/wp-content\/uploads\/2018\/04\/D5A5562-300x200.jpg 300w, https:\/\/www.suisselab.ch\/wp-content\/uploads\/2018\/04\/D5A5562-600x400.jpg 600w, https:\/\/www.suisselab.ch\/wp-content\/uploads\/2018\/04\/D5A5562-768x512.jpg 768w, https:\/\/www.suisselab.ch\/wp-content\/uploads\/2018\/04\/D5A5562-1024x683.jpg 1024w, https:\/\/www.suisselab.ch\/wp-content\/uploads\/2018\/04\/D5A5562.jpg 1500w\" sizes=\"auto, (max-width: 300px) 100vw, 300px\" \/><\/div><\/div><div class=\"wpb_text_column\"><div class=\"wpb_wrapper\"><h2>Producteurs de lait<\/h2>\n<p>Nos prestations de service vous soutiennent dans la gestion du troupeau. Elles sont \u00e9tay\u00e9es scientifiquement et r\u00e9pondent aux besoins de la pratique. Informez-vous sur notre vaste palette des prestations.<\/p>\n<p><a href=\"http:\/\/www.suisselab.ch\/fr\/clients\/producteurs-de-lait\/\"><i class=\"fa fa-arrow-circle-right\"><\/i> En savoir plus<\/a><\/p>\n<\/div><\/div><\/div><\/div><\/div><div class=\"vc_col-sm-4 wpb_column vc_column_container\"><div class=\"vc_column-inner\"><div class=\"wpb_wrapper\"><div class=\"w-image align_none\"><div url class=\"w-image-h\"><img loading=\"lazy\" decoding=\"async\" width=\"300\" height=\"198\" src=\"https:\/\/www.suisselab.ch\/wp-content\/uploads\/2018\/06\/milchverarbeiter-300x198.jpg\" class=\"attachment-medium size-medium\" alt=\"\" srcset=\"https:\/\/www.suisselab.ch\/wp-content\/uploads\/2018\/06\/milchverarbeiter-300x198.jpg 300w, https:\/\/www.suisselab.ch\/wp-content\/uploads\/2018\/06\/milchverarbeiter-600x397.jpg 600w, https:\/\/www.suisselab.ch\/wp-content\/uploads\/2018\/06\/milchverarbeiter-768x508.jpg 768w, https:\/\/www.suisselab.ch\/wp-content\/uploads\/2018\/06\/milchverarbeiter-1024x677.jpg 1024w, https:\/\/www.suisselab.ch\/wp-content\/uploads\/2018\/06\/milchverarbeiter.jpg 1600w\" sizes=\"auto, (max-width: 300px) 100vw, 300px\" \/><\/div><\/div><div class=\"wpb_text_column\"><div class=\"wpb_wrapper\"><h2>Transformateurs de lait<\/h2>\n<p>Suisselab SA soutient les transformateurs de lait avec des analyses \u00e9tay\u00e9es scientifiquement et r\u00e9pondant \u00e0 leurs besoins. Gr\u00e2ce \u00e0 son propre r\u00e9seau logistique dense et \u00e0 ses infrastructures, Suisselab SA garantit des r\u00e9sultats techniquement irr\u00e9prochables \u00e0 un prix correct.<\/p>\n<p><a href=\"http:\/\/www.suisselab.ch\/fr\/clients\/transformateurs-de-lait\/\"><i class=\"fa fa-arrow-circle-right\"><\/i> En savoir plus<\/a><\/p>\n<\/div><\/div><\/div><\/div><\/div><div class=\"vc_col-sm-4 wpb_column vc_column_container\"><div class=\"vc_column-inner\"><div class=\"wpb_wrapper\"><div class=\"w-image align_none\"><div url class=\"w-image-h\"><img loading=\"lazy\" decoding=\"async\" width=\"300\" height=\"201\" src=\"https:\/\/www.suisselab.ch\/wp-content\/uploads\/2018\/06\/tieraerztin-300x201.jpg\" class=\"attachment-medium size-medium\" alt=\"\" srcset=\"https:\/\/www.suisselab.ch\/wp-content\/uploads\/2018\/06\/tieraerztin-300x201.jpg 300w, https:\/\/www.suisselab.ch\/wp-content\/uploads\/2018\/06\/tieraerztin-600x403.jpg 600w, https:\/\/www.suisselab.ch\/wp-content\/uploads\/2018\/06\/tieraerztin-768x515.jpg 768w, https:\/\/www.suisselab.ch\/wp-content\/uploads\/2018\/06\/tieraerztin-1024x687.jpg 1024w, https:\/\/www.suisselab.ch\/wp-content\/uploads\/2018\/06\/tieraerztin.jpg 1600w\" sizes=\"auto, (max-width: 300px) 100vw, 300px\" \/><\/div><\/div><div class=\"wpb_text_column\"><div class=\"wpb_wrapper\"><h2>V\u00e9t\u00e9rinaires<\/h2>\n<p>Suisselab SA soutient les v\u00e9t\u00e9rinaires et les d\u00e9tenteurs d\u2019animaux avec diverses analyses utiles \u00e0 la gestion du troupeau. Ses liens \u00e9troits avec diverses organisations sp\u00e9cialis\u00e9es et institutions permettent \u00e0 Suisselab SA de proposer des prestations r\u00e9pondant aux besoins \u00e0 un prix correct.<\/p>\n<p><a href=\"http:\/\/www.suisselab.ch\/fr\/clients\/veterinaires\/\"><i class=\"fa fa-arrow-circle-right\"><\/i> En savoir plus<\/a><\/p>\n<\/div><\/div><\/div><\/div><\/div><\/div><\/div><\/div><\/div><\/div><\/div><\/section><section class=\"l-section wpb_row shopzeile height_medium\"><div class=\"l-section-h i-cf\"><div class=\"g-cols vc_row via_flex valign_top type_default stacking_default\"><div class=\"vc_col-sm-12 wpb_column vc_column_container\"><div class=\"vc_column-inner\"><div class=\"wpb_wrapper\"><div class=\"wpb_text_column\"><div class=\"wpb_wrapper\"><h1>Commande de sets d\u2019\u00e9chantillonnage<\/h1>\n<p>Vous pouvez commander les sets d\u2019\u00e9chantillonnage pour nos prestations ici.<\/p>\n<\/div><\/div><div class=\"g-cols wpb_row via_flex valign_top type_default stacking_default\"><div class=\"vc_col-sm-6 wpb_column vc_column_container\"><div class=\"vc_column-inner\"><div class=\"wpb_wrapper\"><div class=\"w-image align_none\"><div url class=\"w-image-h\"><img loading=\"lazy\" decoding=\"async\" width=\"300\" height=\"208\" src=\"https:\/\/www.suisselab.ch\/wp-content\/uploads\/2021\/03\/UF_5585_lowres1-1-300x208.jpg\" class=\"attachment-medium size-medium\" alt=\"\" srcset=\"https:\/\/www.suisselab.ch\/wp-content\/uploads\/2021\/03\/UF_5585_lowres1-1-300x208.jpg 300w, https:\/\/www.suisselab.ch\/wp-content\/uploads\/2021\/03\/UF_5585_lowres1-1-600x417.jpg 600w, https:\/\/www.suisselab.ch\/wp-content\/uploads\/2021\/03\/UF_5585_lowres1-1-768x533.jpg 768w, https:\/\/www.suisselab.ch\/wp-content\/uploads\/2021\/03\/UF_5585_lowres1-1-1024x711.jpg 1024w, https:\/\/www.suisselab.ch\/wp-content\/uploads\/2021\/03\/UF_5585_lowres1-1.jpg 1123w\" sizes=\"auto, (max-width: 300px) 100vw, 300px\" \/><\/div><\/div><div class=\"wpb_text_column\"><div class=\"wpb_wrapper\"><h2><a href=\"http:\/\/www.suisselab.ch\/fr\/produit\/set-dechantillonnage-fertalys\/\">FERTALYS set d&rsquo;\u00e9chantillonage<\/a><\/h2>\n<\/div><\/div><div class=\"w-btn-wrapper align_none\"><a class=\"w-btn us-btn-style_1 us_custom_80a192e9\" href=\"https:\/\/www.suisselab.ch\/fr\/boutique-et-commande\/\"><span class=\"w-btn-label\">Commander \u00e0 la boutique<\/span><\/a><\/div><\/div><\/div><\/div><div class=\"vc_col-sm-6 wpb_column vc_column_container\"><div class=\"vc_column-inner\"><div class=\"wpb_wrapper\"><div class=\"w-image align_none\"><div url class=\"w-image-h\"><img loading=\"lazy\" decoding=\"async\" width=\"300\" height=\"194\" src=\"https:\/\/www.suisselab.ch\/wp-content\/uploads\/2021\/03\/UF_5588_lowres1-300x194.jpg\" class=\"attachment-medium size-medium\" alt=\"\" srcset=\"https:\/\/www.suisselab.ch\/wp-content\/uploads\/2021\/03\/UF_5588_lowres1-300x194.jpg 300w, https:\/\/www.suisselab.ch\/wp-content\/uploads\/2021\/03\/UF_5588_lowres1-600x387.jpg 600w, https:\/\/www.suisselab.ch\/wp-content\/uploads\/2021\/03\/UF_5588_lowres1-768x496.jpg 768w, https:\/\/www.suisselab.ch\/wp-content\/uploads\/2021\/03\/UF_5588_lowres1-1024x661.jpg 1024w, https:\/\/www.suisselab.ch\/wp-content\/uploads\/2021\/03\/UF_5588_lowres1.jpg 1319w\" sizes=\"auto, (max-width: 300px) 100vw, 300px\" \/><\/div><\/div><div class=\"wpb_text_column\"><div class=\"wpb_wrapper\"><h2><a href=\"http:\/\/www.suisselab.ch\/fr\/produit\/sets-dechantillonnage-mid\/\">MID set d\u2019\u00e9chantillonnage<\/a><\/h2>\n<\/div><\/div><div class=\"w-btn-wrapper align_none\"><a class=\"w-btn us-btn-style_1 us_custom_80a192e9\" href=\"https:\/\/www.suisselab.ch\/fr\/boutique-et-commande\/\"><span class=\"w-btn-label\">Commander \u00e0 la boutique<\/span><\/a><\/div><\/div><\/div><\/div><\/div><\/div><\/div><\/div><\/div><\/div><\/section><section class=\"l-section wpb_row height_medium\"><div class=\"l-section-h i-cf\"><div class=\"g-cols vc_row via_flex valign_top type_default stacking_default\"><div class=\"vc_col-sm-12 wpb_column vc_column_container\"><div class=\"vc_column-inner\"><div class=\"wpb_wrapper\"><div class=\"wpb_text_column promotext\"><div class=\"wpb_wrapper\"><h1>Actualit\u00e9s<\/h1>\n<\/div><\/div><div class=\"w-grid type_grid layout_17885 cols_2\" id=\"us_grid_1\" style=\"--gap:1.5rem;\" data-filterable=\"true\"><style>@media (max-width:600px){#us_grid_1 .w-grid-list{margin:0}#us_grid_1 .w-grid-item{width:100%;padding:0;margin-bottom:var(--gap,0px)}}.layout_17885 .w-grid-item-h{}.layout_17885 .usg_post_title_1{font-size:1rem!important}.layout_17885 .usg_post_date_1{color:var(--color-content-faded)!important;font-size:0.8rem!important;margin-bottom:1rem!important}<\/style><div class=\"w-grid-list\">\t<article class=\"w-grid-item post-5580 post type-post status-publish format-standard hentry category-non-classifiee odd\" data-id=\"5580\">\r\n\t\t<div class=\"w-grid-item-h\">\r\n\t\t\t\t\t\t<h2 class=\"w-post-elm post_title usg_post_title_1 entry-title color_link_inherit\"><a href=\"https:\/\/www.suisselab.ch\/fr\/restrictions-de-nos-prestations-danlayses\/\">Restrictions de nos prestations d\u2019anlayses<\/a><\/h2><time class=\"w-post-elm post_date usg_post_date_1 has_text_color entry-date published\" datetime=\"2025-01-21T07:14:55+01:00\">21. janvier 2025<\/time><div class=\"w-post-elm post_content usg_post_content_1\"><p>Merci de prendre note des restrictions de nos prestations d\u2019anlayses lors des jours suivants : <\/p>\n<p>Lundi, 23 mars 2026<br \/>\nJeudi, 30 avril 2026<br \/>\nVendredi, 01 mai 2026<\/p>\n<\/div><a class=\"w-btn us-btn-style_2 usg_btn_1\" href=\"https:\/\/www.suisselab.ch\/fr\/restrictions-de-nos-prestations-danlayses\/\"><span class=\"w-btn-label\">Weiterlesen<\/span><\/a>\t\t<\/div>\r\n\t<\/article>\r\n\t<article class=\"w-grid-item post-735 post type-post status-publish format-standard hentry category-non-classifiee even\" data-id=\"735\">\r\n\t\t<div class=\"w-grid-item-h\">\r\n\t\t\t\t\t\t<h2 class=\"w-post-elm post_title usg_post_title_1 entry-title color_link_inherit\"><a href=\"https:\/\/www.suisselab.ch\/fr\/nouvelle-liste-de-prix\/\">Liste de prix 2026<\/a><\/h2><time class=\"w-post-elm post_date usg_post_date_1 has_text_color entry-date published\" datetime=\"2025-01-06T08:00:42+01:00\">6. janvier 2025<\/time><div class=\"w-post-elm post_content usg_post_content_1\"><p>Veuillez vous r\u00e9f\u00e9rer \u00e0 la liste de prix sous analyses de lait\/liste des prix 2026.<\/p>\n<p>Merci d&rsquo;en prendre note.<\/p>\n<\/div><a class=\"w-btn us-btn-style_2 usg_btn_1\" href=\"https:\/\/www.suisselab.ch\/fr\/nouvelle-liste-de-prix\/\"><span class=\"w-btn-label\">Weiterlesen<\/span><\/a>\t\t<\/div>\r\n\t<\/article>\r\n<\/div><div class=\"w-grid-preloader\"><div class=\"g-preloader type_3\">\r\n\t<div><\/div>\r\n<\/div>\r\n<\/div>\t<div class=\"w-grid-json hidden\" onclick='return {&quot;action&quot;:&quot;us_ajax_grid&quot;,&quot;ajax_url&quot;:&quot;https:\\\/\\\/www.suisselab.ch\\\/wp-admin\\\/admin-ajax.php&quot;,&quot;infinite_scroll&quot;:0,&quot;max_num_pages&quot;:5,&quot;pagination&quot;:&quot;none&quot;,&quot;permalink_url&quot;:&quot;https:\\\/\\\/www.suisselab.ch\\\/fr\\\/wp-json\\\/wp\\\/v2\\\/pages\\\/1012\\\/&quot;,&quot;template_vars&quot;:{&quot;columns&quot;:&quot;2&quot;,&quot;exclude_items&quot;:&quot;none&quot;,&quot;img_size&quot;:&quot;us_600_600_crop&quot;,&quot;ignore_items_size&quot;:0,&quot;items_layout&quot;:&quot;17885&quot;,&quot;items_offset&quot;:&quot;1&quot;,&quot;load_animation&quot;:&quot;none&quot;,&quot;overriding_link&quot;:&quot;{\\&quot;url\\&quot;:\\&quot;\\&quot;}&quot;,&quot;post_id&quot;:0,&quot;query_args&quot;:{&quot;post_type&quot;:[&quot;post&quot;],&quot;post_status&quot;:[&quot;publish&quot;],&quot;posts_per_page&quot;:&quot;2&quot;},&quot;orderby_query_args&quot;:{&quot;orderby&quot;:{&quot;date&quot;:&quot;DESC&quot;}},&quot;type&quot;:&quot;grid&quot;,&quot;us_grid_ajax_index&quot;:1,&quot;us_grid_filter_params&quot;:null,&quot;us_grid_index&quot;:1,&quot;_us_grid_post_type&quot;:&quot;post&quot;,&quot;page_args&quot;:[],&quot;lang&quot;:&quot;fr&quot;}}'><\/div>\r\n\t<\/div><\/div><\/div><\/div><\/div><\/div><\/section>\n","protected":false},"excerpt":{"rendered":"Veuillez vous r\u00e9f\u00e9rer \u00e0 la liste de prix sous analyses de lait\/liste des prix 2026 Liste des prix 2026 Merci d'en prendre note.","protected":false},"author":2,"featured_media":0,"parent":0,"menu_order":0,"comment_status":"closed","ping_status":"closed","template":"","meta":{"footnotes":""},"class_list":["post-1012","page","type-page","status-publish","hentry"],"_links":{"self":[{"href":"https:\/\/www.suisselab.ch\/fr\/wp-json\/wp\/v2\/pages\/1012","targetHints":{"allow":["GET"]}}],"collection":[{"href":"https:\/\/www.suisselab.ch\/fr\/wp-json\/wp\/v2\/pages"}],"about":[{"href":"https:\/\/www.suisselab.ch\/fr\/wp-json\/wp\/v2\/types\/page"}],"author":[{"embeddable":true,"href":"https:\/\/www.suisselab.ch\/fr\/wp-json\/wp\/v2\/users\/2"}],"replies":[{"embeddable":true,"href":"https:\/\/www.suisselab.ch\/fr\/wp-json\/wp\/v2\/comments?post=1012"}],"version-history":[{"count":0,"href":"https:\/\/www.suisselab.ch\/fr\/wp-json\/wp\/v2\/pages\/1012\/revisions"}],"wp:attachment":[{"href":"https:\/\/www.suisselab.ch\/fr\/wp-json\/wp\/v2\/media?parent=1012"}],"curies":[{"name":"wp","href":"https:\/\/api.w.org\/{rel}","templated":true}]}}